{"id":68174,"date":"2024-03-22T16:09:14","date_gmt":"2024-03-22T15:09:14","guid":{"rendered":"https:\/\/abinox-chr-clim.com\/index.php\/product\/ouvre-boite-de-table-vogue\/"},"modified":"2026-04-02T08:33:32","modified_gmt":"2026-04-02T06:33:32","slug":"ouvre-boite-de-table-vogue","status":"publish","type":"product","link":"https:\/\/abinox-chr-clim.com\/index.php\/product\/ouvre-boite-de-table-vogue\/","title":{"rendered":"Ouvre-bo\u00eete de table Vogue"},"content":{"rendered":"<p>Ouvre-bo\u00eetes tr\u00e8s r\u00e9sistants fabriqu\u00e9s en acier inoxydable durable pour une utilisation dans les cuisines \u00e0 forte activit\u00e9. Se fixent facilement (socle et fixation en acier inoxydable fournis). 2 tailles disponibles.<br \/>Convient pour l&rsquo;ouverture de bo\u00eetes jusqu&rsquo;\u00e0 355 mm de hauteur. Lame tranchante pour un travail l\u00e9ger des couvercles afin d&rsquo;acc\u00e9l\u00e9rer les temps de pr\u00e9paration. Poign\u00e9e robuste offrant une prise en main s\u00fbre qui rend l&rsquo;ouverture des bo\u00eetes un jeu d&rsquo;enfant. Base et collier de serrage en acier inoxydable qui peuvent \u00eatre facilement attach\u00e9s \u00e0 n&rsquo;importe quel plan de travail. La pince peut \u00eatre viss\u00e9e \u00e0 la surface de travail pour une fixation permanente. Conception robuste pour une utilisation commerciale fr\u00e9quente.  Convient pour l&rsquo;ouverture de bo\u00eetes jusqu&rsquo;\u00e0 355 mm de hauteur.<\/p>\n<p>Caract\u00e9ristiques :<br \/> Dimensions : 530(H) x 100(L) x 260(P) mm.<br \/> Mati\u00e8re : Inox.<br \/> Couleur : Argent.<\/p>\n","protected":false},"excerpt":{"rendered":"<p>Ouvre-bo\u00eete de table Vogue<\/p>\n","protected":false},"featured_media":82068,"comment_status":"closed","ping_status":"closed","template":"","meta":[],"product_brand":[],"product_cat":[1064,1297,1098,1104],"product_tag":[],"class_list":{"0":"post-68174","1":"product","2":"type-product","3":"status-publish","4":"has-post-thumbnail","6":"product_cat-cuisine","7":"product_cat-non-palettisable","8":"product_cat-ustensiles-cuisine","9":"product_cat-ustensiles-de-cuisine","10":"product_shipping_class-free-shipping","12":"first","13":"instock","14":"featured","15":"taxable","16":"shipping-taxable","17":"purchasable","18":"product-type-simple"},"_links":{"self":[{"href":"https:\/\/abinox-chr-clim.com\/index.php\/wp-json\/wp\/v2\/product\/68174","targetHints":{"allow":["GET"]}}],"collection":[{"href":"https:\/\/abinox-chr-clim.com\/index.php\/wp-json\/wp\/v2\/product"}],"about":[{"href":"https:\/\/abinox-chr-clim.com\/index.php\/wp-json\/wp\/v2\/types\/product"}],"replies":[{"embeddable":true,"href":"https:\/\/abinox-chr-clim.com\/index.php\/wp-json\/wp\/v2\/comments?post=68174"}],"wp:featuredmedia":[{"embeddable":true,"href":"https:\/\/abinox-chr-clim.com\/index.php\/wp-json\/wp\/v2\/media\/82068"}],"wp:attachment":[{"href":"https:\/\/abinox-chr-clim.com\/index.php\/wp-json\/wp\/v2\/media?parent=68174"}],"wp:term":[{"taxonomy":"product_brand","embeddable":true,"href":"https:\/\/abinox-chr-clim.com\/index.php\/wp-json\/wp\/v2\/product_brand?post=68174"},{"taxonomy":"product_cat","embeddable":true,"href":"https:\/\/abinox-chr-clim.com\/index.php\/wp-json\/wp\/v2\/product_cat?post=68174"},{"taxonomy":"product_tag","embeddable":true,"href":"https:\/\/abinox-chr-clim.com\/index.php\/wp-json\/wp\/v2\/product_tag?post=68174"}],"curies":[{"name":"wp","href":"https:\/\/api.w.org\/{rel}","templated":true}]}}