{"id":68171,"date":"2024-03-22T16:09:13","date_gmt":"2024-03-22T15:09:13","guid":{"rendered":"https:\/\/abinox-chr-clim.com\/index.php\/product\/louche-vogue-manche-orange-237-ml\/"},"modified":"2026-04-02T08:32:25","modified_gmt":"2026-04-02T06:32:25","slug":"louche-vogue-manche-orange-237-ml","status":"publish","type":"product","link":"https:\/\/abinox-chr-clim.com\/index.php\/product\/louche-vogue-manche-orange-237-ml\/","title":{"rendered":"Louche Vogue manche orange 237 ml"},"content":{"rendered":"<p>Contenance gradu\u00e9e.Manche de couleur pour une identification facile. Manche \u00e0 crochet pour un rangement pratique. Diam\u00e8tre : 100(\u00d8)mm. Contenance gradu\u00e9e. .<br \/> Caract\u00e9ristiques :<br \/> Capacit\u00e9 : 237 ml.<br \/> Dimensions : 360(L)mm.<br \/> Mati\u00e8re : Acier inoxydable<\/p>\n","protected":false},"excerpt":{"rendered":"<p>Louche Vogue manche orange 237 ml<\/p>\n","protected":false},"featured_media":81468,"comment_status":"closed","ping_status":"closed","template":"","meta":[],"product_brand":[],"product_cat":[1064,1297,1098,1104],"product_tag":[],"class_list":{"0":"post-68171","1":"product","2":"type-product","3":"status-publish","4":"has-post-thumbnail","6":"product_cat-cuisine","7":"product_cat-non-palettisable","8":"product_cat-ustensiles-cuisine","9":"product_cat-ustensiles-de-cuisine","10":"product_shipping_class-free-shipping","12":"first","13":"instock","14":"featured","15":"taxable","16":"shipping-taxable","17":"purchasable","18":"product-type-simple"},"_links":{"self":[{"href":"https:\/\/abinox-chr-clim.com\/index.php\/wp-json\/wp\/v2\/product\/68171","targetHints":{"allow":["GET"]}}],"collection":[{"href":"https:\/\/abinox-chr-clim.com\/index.php\/wp-json\/wp\/v2\/product"}],"about":[{"href":"https:\/\/abinox-chr-clim.com\/index.php\/wp-json\/wp\/v2\/types\/product"}],"replies":[{"embeddable":true,"href":"https:\/\/abinox-chr-clim.com\/index.php\/wp-json\/wp\/v2\/comments?post=68171"}],"wp:featuredmedia":[{"embeddable":true,"href":"https:\/\/abinox-chr-clim.com\/index.php\/wp-json\/wp\/v2\/media\/81468"}],"wp:attachment":[{"href":"https:\/\/abinox-chr-clim.com\/index.php\/wp-json\/wp\/v2\/media?parent=68171"}],"wp:term":[{"taxonomy":"product_brand","embeddable":true,"href":"https:\/\/abinox-chr-clim.com\/index.php\/wp-json\/wp\/v2\/product_brand?post=68171"},{"taxonomy":"product_cat","embeddable":true,"href":"https:\/\/abinox-chr-clim.com\/index.php\/wp-json\/wp\/v2\/product_cat?post=68171"},{"taxonomy":"product_tag","embeddable":true,"href":"https:\/\/abinox-chr-clim.com\/index.php\/wp-json\/wp\/v2\/product_tag?post=68171"}],"curies":[{"name":"wp","href":"https:\/\/api.w.org\/{rel}","templated":true}]}}