{"id":68168,"date":"2024-03-22T16:09:12","date_gmt":"2024-03-22T15:09:12","guid":{"rendered":"https:\/\/abinox-chr-clim.com\/index.php\/product\/louche-vogue-manche-ivoire-89-ml\/"},"modified":"2026-04-02T08:32:21","modified_gmt":"2026-04-02T06:32:21","slug":"louche-vogue-manche-ivoire-89-ml","status":"publish","type":"product","link":"https:\/\/abinox-chr-clim.com\/index.php\/product\/louche-vogue-manche-ivoire-89-ml\/","title":{"rendered":"Louche Vogue manche ivoire 89 ml"},"content":{"rendered":"<p>Louches en acier inoxydable durables de haute qualit\u00e9 avec contenance gradu\u00e9e et manches de couleur pour une identification ais\u00e9e. Manche \u00e0 crochet pour un rangement ais\u00e9.<br \/>Contenance gradu\u00e9e.Manche de couleur pour une identification facile. Manche \u00e0 crochet pour un rangement pratique. Diam\u00e8tre : 68(\u00d8)mm. Contenance gradu\u00e9e. .<br \/> Caract\u00e9ristiques :<br \/> Capacit\u00e9 : 89 ml.<br \/> Dimensions : 340(L)mm.<br \/> Mati\u00e8re : Acier inoxydable.<br \/> Couleur : Cr\u00e8me.<\/p>\n","protected":false},"excerpt":{"rendered":"<p>Louche Vogue manche ivoire 89 ml<\/p>\n","protected":false},"featured_media":81465,"comment_status":"closed","ping_status":"closed","template":"","meta":[],"product_brand":[],"product_cat":[1064,1297,1098,1104],"product_tag":[],"class_list":{"0":"post-68168","1":"product","2":"type-product","3":"status-publish","4":"has-post-thumbnail","6":"product_cat-cuisine","7":"product_cat-non-palettisable","8":"product_cat-ustensiles-cuisine","9":"product_cat-ustensiles-de-cuisine","10":"product_shipping_class-free-shipping","12":"first","13":"instock","14":"featured","15":"taxable","16":"shipping-taxable","17":"purchasable","18":"product-type-simple"},"_links":{"self":[{"href":"https:\/\/abinox-chr-clim.com\/index.php\/wp-json\/wp\/v2\/product\/68168","targetHints":{"allow":["GET"]}}],"collection":[{"href":"https:\/\/abinox-chr-clim.com\/index.php\/wp-json\/wp\/v2\/product"}],"about":[{"href":"https:\/\/abinox-chr-clim.com\/index.php\/wp-json\/wp\/v2\/types\/product"}],"replies":[{"embeddable":true,"href":"https:\/\/abinox-chr-clim.com\/index.php\/wp-json\/wp\/v2\/comments?post=68168"}],"wp:featuredmedia":[{"embeddable":true,"href":"https:\/\/abinox-chr-clim.com\/index.php\/wp-json\/wp\/v2\/media\/81465"}],"wp:attachment":[{"href":"https:\/\/abinox-chr-clim.com\/index.php\/wp-json\/wp\/v2\/media?parent=68168"}],"wp:term":[{"taxonomy":"product_brand","embeddable":true,"href":"https:\/\/abinox-chr-clim.com\/index.php\/wp-json\/wp\/v2\/product_brand?post=68168"},{"taxonomy":"product_cat","embeddable":true,"href":"https:\/\/abinox-chr-clim.com\/index.php\/wp-json\/wp\/v2\/product_cat?post=68168"},{"taxonomy":"product_tag","embeddable":true,"href":"https:\/\/abinox-chr-clim.com\/index.php\/wp-json\/wp\/v2\/product_tag?post=68168"}],"curies":[{"name":"wp","href":"https:\/\/api.w.org\/{rel}","templated":true}]}}