{"id":68165,"date":"2024-03-22T16:09:08","date_gmt":"2024-03-22T15:09:08","guid":{"rendered":"https:\/\/abinox-chr-clim.com\/index.php\/product\/mandoline-japonaise-jumbo-vogue\/"},"modified":"2026-04-02T08:30:56","modified_gmt":"2026-04-02T06:30:56","slug":"mandoline-japonaise-jumbo-vogue","status":"publish","type":"product","link":"https:\/\/abinox-chr-clim.com\/index.php\/product\/mandoline-japonaise-jumbo-vogue\/","title":{"rendered":"Mandoline japonaise Jumbo Vogue"},"content":{"rendered":"<p>Pour une coupe rapide et pr\u00e9cise des l\u00e9gumes en un minimum d&rsquo;effort. Livr\u00e9e avec trois lames interchangeables (fine : 1,6 mm, moyenne : 3,2 mm et grossi\u00e8re : 11 mm).<br \/>Large pour couper de grandes quantit\u00e9s d&rsquo;aliments. Lame : Fine (AE145) 1.6mm, Moyenne (AE146) 3.2mm, Grosse (AE144) 10.9mm. Acc\u00e9l\u00e8re le temps de pr\u00e9paration des aliments pour plus d&rsquo;efficacit\u00e9. Trois lames interchangeables au choix. Garde de s\u00e9curit\u00e9 pour \u00e9viter les coupures accidentelles. Conception japonaise traditionnelle &#8211; coupe efficace sans couteau.  Large pour couper de grandes quantit\u00e9s d&rsquo;aliments.<\/p>\n<p>Caract\u00e9ristiques :<br \/> Dimensions : 347(H) x 132(L) x 26(P) mm.<br \/> Mati\u00e8re : ABS.<br \/> Couleur : Blanc.<\/p>\n","protected":false},"excerpt":{"rendered":"<p>Mandoline japonaise Jumbo Vogue<\/p>\n","protected":false},"featured_media":80702,"comment_status":"closed","ping_status":"closed","template":"","meta":[],"product_brand":[],"product_cat":[1064,1297,1098,1104],"product_tag":[],"class_list":{"0":"post-68165","1":"product","2":"type-product","3":"status-publish","4":"has-post-thumbnail","6":"product_cat-cuisine","7":"product_cat-non-palettisable","8":"product_cat-ustensiles-cuisine","9":"product_cat-ustensiles-de-cuisine","10":"product_shipping_class-free-shipping","12":"first","13":"instock","14":"featured","15":"taxable","16":"shipping-taxable","17":"purchasable","18":"product-type-simple"},"_links":{"self":[{"href":"https:\/\/abinox-chr-clim.com\/index.php\/wp-json\/wp\/v2\/product\/68165","targetHints":{"allow":["GET"]}}],"collection":[{"href":"https:\/\/abinox-chr-clim.com\/index.php\/wp-json\/wp\/v2\/product"}],"about":[{"href":"https:\/\/abinox-chr-clim.com\/index.php\/wp-json\/wp\/v2\/types\/product"}],"replies":[{"embeddable":true,"href":"https:\/\/abinox-chr-clim.com\/index.php\/wp-json\/wp\/v2\/comments?post=68165"}],"wp:featuredmedia":[{"embeddable":true,"href":"https:\/\/abinox-chr-clim.com\/index.php\/wp-json\/wp\/v2\/media\/80702"}],"wp:attachment":[{"href":"https:\/\/abinox-chr-clim.com\/index.php\/wp-json\/wp\/v2\/media?parent=68165"}],"wp:term":[{"taxonomy":"product_brand","embeddable":true,"href":"https:\/\/abinox-chr-clim.com\/index.php\/wp-json\/wp\/v2\/product_brand?post=68165"},{"taxonomy":"product_cat","embeddable":true,"href":"https:\/\/abinox-chr-clim.com\/index.php\/wp-json\/wp\/v2\/product_cat?post=68165"},{"taxonomy":"product_tag","embeddable":true,"href":"https:\/\/abinox-chr-clim.com\/index.php\/wp-json\/wp\/v2\/product_tag?post=68165"}],"curies":[{"name":"wp","href":"https:\/\/api.w.org\/{rel}","templated":true}]}}