{"id":68164,"date":"2024-03-22T16:09:08","date_gmt":"2024-03-22T15:09:08","guid":{"rendered":"https:\/\/abinox-chr-clim.com\/index.php\/product\/siphon-isi-thermo-500ml\/"},"modified":"2026-04-02T09:12:23","modified_gmt":"2026-04-02T07:12:23","slug":"siphon-isi-thermo-500ml","status":"publish","type":"product","link":"https:\/\/abinox-chr-clim.com\/index.php\/product\/siphon-isi-thermo-500ml\/","title":{"rendered":"Siphon ISI Thermo 500ml"},"content":{"rendered":"<p>Isolation thermique sous vide avec double paroi pour maintenir le contenu au frais pendant 8 heures maximum ou au chaud pendant 3 heures maximum. Bouteille en acier inoxydable et soupape de distribution. Levier en silicone anti-adh\u00e9sif et embout anti-goutte. Recharges non livrables en Corse et dans les \u00eeles.<br \/>Convient pour la cr\u00e8me glac\u00e9e et les sauces chaudes. L&rsquo;isolation sous vide \u00e0 double paroi maintient le contenu froid jusqu&rsquo;\u00e0 8 heures et chaud jusqu&rsquo;\u00e0 3 heures. Poussoir recouvert de silicone, anti-d\u00e9rapant et pr\u00e9cis.Lavable au lave-vaisselle.R\u00e9cipient en acier inoxydable et embout de distribution.Contient : 3 embouts.  Convient pour la cr\u00e8me glac\u00e9e et les sauces chaudes.<\/p>\n<p>Caract\u00e9ristiques :<br \/> Capacit\u00e9 : 500ml.<br \/> Dimensions : 260(H) x 90(L) x 90(P) mm.<br \/> Mati\u00e8re : Acier inoxydable.<br \/> Couleur : Rouge et m\u00e9tal.<\/p>\n","protected":false},"excerpt":{"rendered":"<p>Siphon ISI Thermo 500ml<\/p>\n","protected":false},"featured_media":80138,"comment_status":"closed","ping_status":"closed","template":"","meta":[],"product_brand":[],"product_cat":[1064,1297,1098,1104],"product_tag":[],"class_list":{"0":"post-68164","1":"product","2":"type-product","3":"status-publish","4":"has-post-thumbnail","6":"product_cat-cuisine","7":"product_cat-non-palettisable","8":"product_cat-ustensiles-cuisine","9":"product_cat-ustensiles-de-cuisine","10":"product_shipping_class-free-shipping","12":"first","13":"instock","14":"featured","15":"taxable","16":"shipping-taxable","17":"purchasable","18":"product-type-simple"},"_links":{"self":[{"href":"https:\/\/abinox-chr-clim.com\/index.php\/wp-json\/wp\/v2\/product\/68164","targetHints":{"allow":["GET"]}}],"collection":[{"href":"https:\/\/abinox-chr-clim.com\/index.php\/wp-json\/wp\/v2\/product"}],"about":[{"href":"https:\/\/abinox-chr-clim.com\/index.php\/wp-json\/wp\/v2\/types\/product"}],"replies":[{"embeddable":true,"href":"https:\/\/abinox-chr-clim.com\/index.php\/wp-json\/wp\/v2\/comments?post=68164"}],"wp:featuredmedia":[{"embeddable":true,"href":"https:\/\/abinox-chr-clim.com\/index.php\/wp-json\/wp\/v2\/media\/80138"}],"wp:attachment":[{"href":"https:\/\/abinox-chr-clim.com\/index.php\/wp-json\/wp\/v2\/media?parent=68164"}],"wp:term":[{"taxonomy":"product_brand","embeddable":true,"href":"https:\/\/abinox-chr-clim.com\/index.php\/wp-json\/wp\/v2\/product_brand?post=68164"},{"taxonomy":"product_cat","embeddable":true,"href":"https:\/\/abinox-chr-clim.com\/index.php\/wp-json\/wp\/v2\/product_cat?post=68164"},{"taxonomy":"product_tag","embeddable":true,"href":"https:\/\/abinox-chr-clim.com\/index.php\/wp-json\/wp\/v2\/product_tag?post=68164"}],"curies":[{"name":"wp","href":"https:\/\/api.w.org\/{rel}","templated":true}]}}