{"id":68163,"date":"2024-03-22T16:09:07","date_gmt":"2024-03-22T15:09:07","guid":{"rendered":"https:\/\/abinox-chr-clim.com\/index.php\/product\/siphon-a-chantilly-isi-1l\/"},"modified":"2026-04-02T09:12:23","modified_gmt":"2026-04-02T07:12:23","slug":"siphon-a-chantilly-isi-1l","status":"publish","type":"product","link":"https:\/\/abinox-chr-clim.com\/index.php\/product\/siphon-a-chantilly-isi-1l\/","title":{"rendered":"Siphon \u00e0 chantilly ISI 1L"},"content":{"rendered":"<p>Siphon \u00e0 chantilly en acier inoxydable livr\u00e9 avec un embout pour vos d\u00e9cors de cr\u00e8me ou de sauce.  Lavable au lave-vaisselle.  Recharges non livrables en Corse et dans les \u00eeles.<br \/>Convient pour la cr\u00e8me glac\u00e9e. Pr\u00e9pare la cr\u00e8me fouett\u00e9e en quelques secondes. Poussoir recouvert de silicone, anti-d\u00e9rapant et pr\u00e9cis.Lavable au lave-vaisselle.R\u00e9cipient en acier inoxydable et embout de distribution.Contient : 1 embout.  Convient pour la cr\u00e8me glac\u00e9e.<\/p>\n<p>Caract\u00e9ristiques :<br \/> Capacit\u00e9 : 1 L.<br \/> Dimensions : 300(H) x 90(\u00d8) mm.<br \/> Mati\u00e8re : Acier inoxydable.<br \/> Couleur : Argent.<\/p>\n","protected":false},"excerpt":{"rendered":"<p>Siphon \u00e0 chantilly ISI 1L<\/p>\n","protected":false},"featured_media":80136,"comment_status":"closed","ping_status":"closed","template":"","meta":[],"product_brand":[],"product_cat":[1064,1297,1098,1104],"product_tag":[],"class_list":{"0":"post-68163","1":"product","2":"type-product","3":"status-publish","4":"has-post-thumbnail","6":"product_cat-cuisine","7":"product_cat-non-palettisable","8":"product_cat-ustensiles-cuisine","9":"product_cat-ustensiles-de-cuisine","10":"product_shipping_class-free-shipping","12":"first","13":"instock","14":"featured","15":"taxable","16":"shipping-taxable","17":"purchasable","18":"product-type-simple"},"_links":{"self":[{"href":"https:\/\/abinox-chr-clim.com\/index.php\/wp-json\/wp\/v2\/product\/68163","targetHints":{"allow":["GET"]}}],"collection":[{"href":"https:\/\/abinox-chr-clim.com\/index.php\/wp-json\/wp\/v2\/product"}],"about":[{"href":"https:\/\/abinox-chr-clim.com\/index.php\/wp-json\/wp\/v2\/types\/product"}],"replies":[{"embeddable":true,"href":"https:\/\/abinox-chr-clim.com\/index.php\/wp-json\/wp\/v2\/comments?post=68163"}],"wp:featuredmedia":[{"embeddable":true,"href":"https:\/\/abinox-chr-clim.com\/index.php\/wp-json\/wp\/v2\/media\/80136"}],"wp:attachment":[{"href":"https:\/\/abinox-chr-clim.com\/index.php\/wp-json\/wp\/v2\/media?parent=68163"}],"wp:term":[{"taxonomy":"product_brand","embeddable":true,"href":"https:\/\/abinox-chr-clim.com\/index.php\/wp-json\/wp\/v2\/product_brand?post=68163"},{"taxonomy":"product_cat","embeddable":true,"href":"https:\/\/abinox-chr-clim.com\/index.php\/wp-json\/wp\/v2\/product_cat?post=68163"},{"taxonomy":"product_tag","embeddable":true,"href":"https:\/\/abinox-chr-clim.com\/index.php\/wp-json\/wp\/v2\/product_tag?post=68163"}],"curies":[{"name":"wp","href":"https:\/\/api.w.org\/{rel}","templated":true}]}}