{"id":68160,"date":"2024-03-22T16:09:06","date_gmt":"2024-03-22T15:09:06","guid":{"rendered":"https:\/\/abinox-chr-clim.com\/index.php\/product\/araignee-vogue-200mm\/"},"modified":"2026-04-02T08:28:28","modified_gmt":"2026-04-02T06:28:28","slug":"araignee-vogue-200mm","status":"publish","type":"product","link":"https:\/\/abinox-chr-clim.com\/index.php\/product\/araignee-vogue-200mm\/","title":{"rendered":"Araign\u00e9e Vogue 200mm"},"content":{"rendered":"<p>Maintient les mains \u00e0 l&rsquo;\u00e9cart des sources de chaleur pour r\u00e9duire les risques de br\u00fblure. Diam\u00e8tre de l&rsquo;araign\u00e9e de 140 mm adapt\u00e9 \u00e0 un large \u00e9ventail de t\u00e2ches de cuisson. Tr\u00e8s r\u00e9sistant &#8211; id\u00e9al pour les friteuses. L&rsquo;acier au nickel de premi\u00e8re qualit\u00e9 est r\u00e9sistant et durable pour une fiabilit\u00e9 \u00e0 long terme. La poign\u00e9e robuste de 395 mm vous permet de garder un contr\u00f4le total lors de l&rsquo;\u00e9cumage. L\u00e9ger, il est facile \u00e0 tenir, m\u00eame pendant les longues journ\u00e9es de travail.  Maintient les mains \u00e0 l&rsquo;\u00e9cart des sources de chaleur pour r\u00e9duire les risques de br\u00fblure.<\/p>\n<p>Caract\u00e9ristiques :<br \/> Dimensions : 200(\u00d8) x 490(L)mm.<br \/> Mati\u00e8re : Acier nickel\u00e9<\/p>\n","protected":false},"excerpt":{"rendered":"<p>Araign\u00e9e Vogue 200mm<\/p>\n","protected":false},"featured_media":79455,"comment_status":"closed","ping_status":"closed","template":"","meta":[],"product_brand":[],"product_cat":[1064,1297,1098,1104],"product_tag":[],"class_list":{"0":"post-68160","1":"product","2":"type-product","3":"status-publish","4":"has-post-thumbnail","6":"product_cat-cuisine","7":"product_cat-non-palettisable","8":"product_cat-ustensiles-cuisine","9":"product_cat-ustensiles-de-cuisine","10":"product_shipping_class-free-shipping","12":"first","13":"instock","14":"featured","15":"taxable","16":"shipping-taxable","17":"purchasable","18":"product-type-simple"},"_links":{"self":[{"href":"https:\/\/abinox-chr-clim.com\/index.php\/wp-json\/wp\/v2\/product\/68160","targetHints":{"allow":["GET"]}}],"collection":[{"href":"https:\/\/abinox-chr-clim.com\/index.php\/wp-json\/wp\/v2\/product"}],"about":[{"href":"https:\/\/abinox-chr-clim.com\/index.php\/wp-json\/wp\/v2\/types\/product"}],"replies":[{"embeddable":true,"href":"https:\/\/abinox-chr-clim.com\/index.php\/wp-json\/wp\/v2\/comments?post=68160"}],"wp:featuredmedia":[{"embeddable":true,"href":"https:\/\/abinox-chr-clim.com\/index.php\/wp-json\/wp\/v2\/media\/79455"}],"wp:attachment":[{"href":"https:\/\/abinox-chr-clim.com\/index.php\/wp-json\/wp\/v2\/media?parent=68160"}],"wp:term":[{"taxonomy":"product_brand","embeddable":true,"href":"https:\/\/abinox-chr-clim.com\/index.php\/wp-json\/wp\/v2\/product_brand?post=68160"},{"taxonomy":"product_cat","embeddable":true,"href":"https:\/\/abinox-chr-clim.com\/index.php\/wp-json\/wp\/v2\/product_cat?post=68160"},{"taxonomy":"product_tag","embeddable":true,"href":"https:\/\/abinox-chr-clim.com\/index.php\/wp-json\/wp\/v2\/product_tag?post=68160"}],"curies":[{"name":"wp","href":"https:\/\/api.w.org\/{rel}","templated":true}]}}