{"id":68159,"date":"2024-03-22T16:09:06","date_gmt":"2024-03-22T15:09:06","guid":{"rendered":"https:\/\/abinox-chr-clim.com\/index.php\/product\/araignee-vogue-150mm\/"},"modified":"2026-04-02T08:28:27","modified_gmt":"2026-04-02T06:28:27","slug":"araignee-vogue-150mm","status":"publish","type":"product","link":"https:\/\/abinox-chr-clim.com\/index.php\/product\/araignee-vogue-150mm\/","title":{"rendered":"Araign\u00e9e Vogue 150mm"},"content":{"rendered":"<p>Araign\u00e9e en acier nickel\u00e9 r\u00e9sistant, de qualit\u00e9 professionnelle, id\u00e9ale pour les friteuses. Maille \u00e9tam\u00e9e.<br \/>Convient pour les friteuses. Convient pour les friteuses. .<br \/> Caract\u00e9ristiques :<br \/> Dimensions : 150(\u00d8) x 400(L)mm.<br \/> Mati\u00e8re : Acier nickel\u00e9.<br \/> Couleur : Argent.<\/p>\n","protected":false},"excerpt":{"rendered":"<p>Araign\u00e9e Vogue 150mm<\/p>\n","protected":false},"featured_media":79450,"comment_status":"closed","ping_status":"closed","template":"","meta":[],"product_brand":[],"product_cat":[1064,1297,1098,1104],"product_tag":[],"class_list":{"0":"post-68159","1":"product","2":"type-product","3":"status-publish","4":"has-post-thumbnail","6":"product_cat-cuisine","7":"product_cat-non-palettisable","8":"product_cat-ustensiles-cuisine","9":"product_cat-ustensiles-de-cuisine","10":"product_shipping_class-free-shipping","12":"first","13":"instock","14":"featured","15":"taxable","16":"shipping-taxable","17":"purchasable","18":"product-type-simple"},"_links":{"self":[{"href":"https:\/\/abinox-chr-clim.com\/index.php\/wp-json\/wp\/v2\/product\/68159","targetHints":{"allow":["GET"]}}],"collection":[{"href":"https:\/\/abinox-chr-clim.com\/index.php\/wp-json\/wp\/v2\/product"}],"about":[{"href":"https:\/\/abinox-chr-clim.com\/index.php\/wp-json\/wp\/v2\/types\/product"}],"replies":[{"embeddable":true,"href":"https:\/\/abinox-chr-clim.com\/index.php\/wp-json\/wp\/v2\/comments?post=68159"}],"wp:featuredmedia":[{"embeddable":true,"href":"https:\/\/abinox-chr-clim.com\/index.php\/wp-json\/wp\/v2\/media\/79450"}],"wp:attachment":[{"href":"https:\/\/abinox-chr-clim.com\/index.php\/wp-json\/wp\/v2\/media?parent=68159"}],"wp:term":[{"taxonomy":"product_brand","embeddable":true,"href":"https:\/\/abinox-chr-clim.com\/index.php\/wp-json\/wp\/v2\/product_brand?post=68159"},{"taxonomy":"product_cat","embeddable":true,"href":"https:\/\/abinox-chr-clim.com\/index.php\/wp-json\/wp\/v2\/product_cat?post=68159"},{"taxonomy":"product_tag","embeddable":true,"href":"https:\/\/abinox-chr-clim.com\/index.php\/wp-json\/wp\/v2\/product_tag?post=68159"}],"curies":[{"name":"wp","href":"https:\/\/api.w.org\/{rel}","templated":true}]}}