{"id":68158,"date":"2024-03-22T16:09:06","date_gmt":"2024-03-22T15:09:06","guid":{"rendered":"https:\/\/abinox-chr-clim.com\/index.php\/product\/araignee-vogue-140mm\/"},"modified":"2026-04-02T08:28:26","modified_gmt":"2026-04-02T06:28:26","slug":"araignee-vogue-140mm","status":"publish","type":"product","link":"https:\/\/abinox-chr-clim.com\/index.php\/product\/araignee-vogue-140mm\/","title":{"rendered":"Araign\u00e9e Vogue 140mm"},"content":{"rendered":"<p>Araign\u00e9e en acier inoxydable.<br \/>Garde les mains \u00e9loign\u00e9es des sources de chaleur pour r\u00e9duire les risques de br\u00fblures. L&rsquo;acier nickel\u00e9 de qualit\u00e9 sup\u00e9rieure est robuste et durable pour une fiabilit\u00e9 de longue dur\u00e9e. Manche robuste de 395 mm qui vous permet de garder un contr\u00f4le complet lors de l&rsquo;\u00e9cr\u00e9mage. Design l\u00e9ger facile \u00e0 tenir, m\u00eame pendant les longs quarts de travail. Diam\u00e8tre d&rsquo;araign\u00e9e 140 mm adapt\u00e9 \u00e0 un large \u00e9ventail de t\u00e2ches de cuisson.  Garde les mains \u00e9loign\u00e9es des sources de chaleur pour r\u00e9duire les risques de br\u00fblures.<\/p>\n<p>Caract\u00e9ristiques :<br \/> Dimensions : 140(\u00d8)x 395(L)mm.<br \/> Mati\u00e8re : Acier inoxydable.<br \/> Couleur : Argent.<\/p>\n","protected":false},"excerpt":{"rendered":"<p>Araign\u00e9e Vogue 140mm<\/p>\n","protected":false},"featured_media":79443,"comment_status":"closed","ping_status":"closed","template":"","meta":[],"product_brand":[],"product_cat":[1064,1297,1098,1104],"product_tag":[],"class_list":{"0":"post-68158","1":"product","2":"type-product","3":"status-publish","4":"has-post-thumbnail","6":"product_cat-cuisine","7":"product_cat-non-palettisable","8":"product_cat-ustensiles-cuisine","9":"product_cat-ustensiles-de-cuisine","10":"product_shipping_class-free-shipping","12":"first","13":"instock","14":"featured","15":"taxable","16":"shipping-taxable","17":"purchasable","18":"product-type-simple"},"_links":{"self":[{"href":"https:\/\/abinox-chr-clim.com\/index.php\/wp-json\/wp\/v2\/product\/68158","targetHints":{"allow":["GET"]}}],"collection":[{"href":"https:\/\/abinox-chr-clim.com\/index.php\/wp-json\/wp\/v2\/product"}],"about":[{"href":"https:\/\/abinox-chr-clim.com\/index.php\/wp-json\/wp\/v2\/types\/product"}],"replies":[{"embeddable":true,"href":"https:\/\/abinox-chr-clim.com\/index.php\/wp-json\/wp\/v2\/comments?post=68158"}],"wp:featuredmedia":[{"embeddable":true,"href":"https:\/\/abinox-chr-clim.com\/index.php\/wp-json\/wp\/v2\/media\/79443"}],"wp:attachment":[{"href":"https:\/\/abinox-chr-clim.com\/index.php\/wp-json\/wp\/v2\/media?parent=68158"}],"wp:term":[{"taxonomy":"product_brand","embeddable":true,"href":"https:\/\/abinox-chr-clim.com\/index.php\/wp-json\/wp\/v2\/product_brand?post=68158"},{"taxonomy":"product_cat","embeddable":true,"href":"https:\/\/abinox-chr-clim.com\/index.php\/wp-json\/wp\/v2\/product_cat?post=68158"},{"taxonomy":"product_tag","embeddable":true,"href":"https:\/\/abinox-chr-clim.com\/index.php\/wp-json\/wp\/v2\/product_tag?post=68158"}],"curies":[{"name":"wp","href":"https:\/\/api.w.org\/{rel}","templated":true}]}}