{"id":68154,"date":"2024-03-22T16:09:04","date_gmt":"2024-03-22T15:09:04","guid":{"rendered":"https:\/\/abinox-chr-clim.com\/index.php\/product\/eplucheur-manche-en-bois-victorinox\/"},"modified":"2026-04-02T08:28:12","modified_gmt":"2026-04-02T06:28:12","slug":"eplucheur-manche-en-bois-victorinox","status":"publish","type":"product","link":"https:\/\/abinox-chr-clim.com\/index.php\/product\/eplucheur-manche-en-bois-victorinox\/","title":{"rendered":"\u00c9plucheur manche en bois Victorinox"},"content":{"rendered":"<p>Lame double face en acier inoxydable avec manche en bois de rose.<br \/>Pour peler tous types de l\u00e9gumes. Manche en bois \u00e9l\u00e9gant et durable. Lame inox double face haute qualit\u00e9. R\u00e9duit les efforts et temps de pr\u00e9paration. Pour peler tous types de l\u00e9gumes.<\/p>\n<p>Caract\u00e9ristiques :<br \/> Mati\u00e8re : Inox et bois de rose.<br \/> Couleur : Marron.<\/p>\n","protected":false},"excerpt":{"rendered":"<p>\u00c9plucheur manche en bois Victorinox<\/p>\n","protected":false},"featured_media":79359,"comment_status":"closed","ping_status":"closed","template":"","meta":[],"product_brand":[],"product_cat":[1064,1297,1098,1104],"product_tag":[],"class_list":{"0":"post-68154","1":"product","2":"type-product","3":"status-publish","4":"has-post-thumbnail","6":"product_cat-cuisine","7":"product_cat-non-palettisable","8":"product_cat-ustensiles-cuisine","9":"product_cat-ustensiles-de-cuisine","10":"product_shipping_class-free-shipping","12":"first","13":"instock","14":"featured","15":"taxable","16":"shipping-taxable","17":"purchasable","18":"product-type-simple"},"_links":{"self":[{"href":"https:\/\/abinox-chr-clim.com\/index.php\/wp-json\/wp\/v2\/product\/68154","targetHints":{"allow":["GET"]}}],"collection":[{"href":"https:\/\/abinox-chr-clim.com\/index.php\/wp-json\/wp\/v2\/product"}],"about":[{"href":"https:\/\/abinox-chr-clim.com\/index.php\/wp-json\/wp\/v2\/types\/product"}],"replies":[{"embeddable":true,"href":"https:\/\/abinox-chr-clim.com\/index.php\/wp-json\/wp\/v2\/comments?post=68154"}],"wp:featuredmedia":[{"embeddable":true,"href":"https:\/\/abinox-chr-clim.com\/index.php\/wp-json\/wp\/v2\/media\/79359"}],"wp:attachment":[{"href":"https:\/\/abinox-chr-clim.com\/index.php\/wp-json\/wp\/v2\/media?parent=68154"}],"wp:term":[{"taxonomy":"product_brand","embeddable":true,"href":"https:\/\/abinox-chr-clim.com\/index.php\/wp-json\/wp\/v2\/product_brand?post=68154"},{"taxonomy":"product_cat","embeddable":true,"href":"https:\/\/abinox-chr-clim.com\/index.php\/wp-json\/wp\/v2\/product_cat?post=68154"},{"taxonomy":"product_tag","embeddable":true,"href":"https:\/\/abinox-chr-clim.com\/index.php\/wp-json\/wp\/v2\/product_tag?post=68154"}],"curies":[{"name":"wp","href":"https:\/\/api.w.org\/{rel}","templated":true}]}}