{"id":68151,"date":"2024-03-22T16:09:03","date_gmt":"2024-03-22T15:09:03","guid":{"rendered":"https:\/\/abinox-chr-clim.com\/index.php\/product\/thermometre-a-sonde-pliable-easytemp-blanc\/"},"modified":"2026-04-02T08:54:40","modified_gmt":"2026-04-02T06:54:40","slug":"thermometre-a-sonde-pliable-easytemp-blanc","status":"publish","type":"product","link":"https:\/\/abinox-chr-clim.com\/index.php\/product\/thermometre-a-sonde-pliable-easytemp-blanc\/","title":{"rendered":"Thermom\u00e8tre \u00e0 sonde pliable Easytemp blanc"},"content":{"rendered":"<p>Thermom\u00e8tre de poche pr\u00e9cis, fiable et robuste avec sonde pliable. Fonction on\/off automatique. Avec dragonne d\u00e9tachable. Fourni avec pile. Diff\u00e9rentes couleurs disponibles.<br \/>Facile \u00e0 transporter et parfait pour tout chef occup\u00e9 en d\u00e9placement. De couleur blanche pour identifier facilement le fait qu&rsquo;il doit \u00eatre utilis\u00e9 avec des produits de boulangerie ou laitiers. Pliable, la sonde reste s\u00fbre et hygi\u00e9nique lorsqu&rsquo;elle n&rsquo;est pas utilis\u00e9e. Passe facilement entre \u00b0C et \u00b0F par simple pression. Pr\u00e9cision jusqu&rsquo;\u00e0 1\u00a0\u00b0C pour des mesures pr\u00e9cises de temp\u00e9rature en 15 secondes. Fonction marche\/arr\u00eat automatique qui permet d&rsquo;\u00e9conomiser l&rsquo;\u00e9nergie pour garantir que les piles durent plus longtemps. Dragonne amovible pratique pour \u00e9viter de le faire tomber et le prot\u00e9ger. N\u00e9cessite 1 pile AAA pour une utilisation imm\u00e9diate.Facile \u00e0 transporter et parfait pour tout chef occup\u00e9 en d\u00e9placement.<\/p>\n<p>Caract\u00e9ristiques :<br \/> Mati\u00e8re : Plastique.<br \/> Temp\u00e9rature : -50 \u00e0 +300 \u00b0C.<br \/> Couleur : Blanc.<\/p>\n","protected":false},"excerpt":{"rendered":"<p>Thermom\u00e8tre \u00e0 sonde pliable Easytemp blanc<\/p>\n","protected":false},"featured_media":104256,"comment_status":"closed","ping_status":"closed","template":"","meta":[],"product_brand":[],"product_cat":[1064,1297,1103,1098],"product_tag":[],"class_list":{"0":"post-68151","1":"product","2":"type-product","3":"status-publish","4":"has-post-thumbnail","6":"product_cat-cuisine","7":"product_cat-non-palettisable","8":"product_cat-thermometres","9":"product_cat-ustensiles-cuisine","10":"product_shipping_class-free-shipping","12":"first","13":"instock","14":"featured","15":"taxable","16":"shipping-taxable","17":"purchasable","18":"product-type-simple"},"_links":{"self":[{"href":"https:\/\/abinox-chr-clim.com\/index.php\/wp-json\/wp\/v2\/product\/68151","targetHints":{"allow":["GET"]}}],"collection":[{"href":"https:\/\/abinox-chr-clim.com\/index.php\/wp-json\/wp\/v2\/product"}],"about":[{"href":"https:\/\/abinox-chr-clim.com\/index.php\/wp-json\/wp\/v2\/types\/product"}],"replies":[{"embeddable":true,"href":"https:\/\/abinox-chr-clim.com\/index.php\/wp-json\/wp\/v2\/comments?post=68151"}],"wp:featuredmedia":[{"embeddable":true,"href":"https:\/\/abinox-chr-clim.com\/index.php\/wp-json\/wp\/v2\/media\/104256"}],"wp:attachment":[{"href":"https:\/\/abinox-chr-clim.com\/index.php\/wp-json\/wp\/v2\/media?parent=68151"}],"wp:term":[{"taxonomy":"product_brand","embeddable":true,"href":"https:\/\/abinox-chr-clim.com\/index.php\/wp-json\/wp\/v2\/product_brand?post=68151"},{"taxonomy":"product_cat","embeddable":true,"href":"https:\/\/abinox-chr-clim.com\/index.php\/wp-json\/wp\/v2\/product_cat?post=68151"},{"taxonomy":"product_tag","embeddable":true,"href":"https:\/\/abinox-chr-clim.com\/index.php\/wp-json\/wp\/v2\/product_tag?post=68151"}],"curies":[{"name":"wp","href":"https:\/\/api.w.org\/{rel}","templated":true}]}}