{"id":68149,"date":"2024-03-22T16:09:02","date_gmt":"2024-03-22T15:09:02","guid":{"rendered":"https:\/\/abinox-chr-clim.com\/index.php\/product\/thermometre-a-cadran-hygiplas\/"},"modified":"2026-04-02T08:54:36","modified_gmt":"2026-04-02T06:54:36","slug":"thermometre-a-cadran-hygiplas","status":"publish","type":"product","link":"https:\/\/abinox-chr-clim.com\/index.php\/product\/thermometre-a-cadran-hygiplas\/","title":{"rendered":"Thermom\u00e8tre \u00e0 cadran Hygiplas"},"content":{"rendered":"<p>Un moyen rapide et facile de contr\u00f4ler la temp\u00e9rature des r\u00e9frig\u00e9rateurs ou des cong\u00e9lateurs. Le cadran clairement indiqu\u00e9 est cod\u00e9 par couleur et permet une lecture rapide. Le crochet permet de suspendre le thermom\u00e8tre \u00e0 n&rsquo;importe quel support pour une visibilit\u00e9 optimale. La plage de temp\u00e9rature va de -30 \u00e0 30\u00b0C pour s&rsquo;adapter \u00e0 tous les r\u00e9frig\u00e9rateurs et cong\u00e9lateurs. Le thermom\u00e8tre est suspendu verticalement pour une lecture toujours pr\u00e9cise. Garantit que les aliments r\u00e9frig\u00e9r\u00e9s ou congel\u00e9s sont conserv\u00e9s en toute s\u00e9curit\u00e9 \u00e0 la bonne temp\u00e9rature.  Un moyen rapide et facile de contr\u00f4ler la temp\u00e9rature des r\u00e9frig\u00e9rateurs ou des cong\u00e9lateurs.<\/p>\n<p>Caract\u00e9ristiques :<br \/> Dimensions : Diam\u00e8tre 52.8mm.<br \/> Mati\u00e8re : Plastique.<br \/> Temp\u00e9rature : -30 \u00b0C \u00e0 30 \u00b0C<\/p>\n","protected":false},"excerpt":{"rendered":"<p>Thermom\u00e8tre \u00e0 cadran Hygiplas<\/p>\n","protected":false},"featured_media":104250,"comment_status":"closed","ping_status":"closed","template":"","meta":[],"product_brand":[],"product_cat":[1064,1297,1103,1098],"product_tag":[],"class_list":{"0":"post-68149","1":"product","2":"type-product","3":"status-publish","4":"has-post-thumbnail","6":"product_cat-cuisine","7":"product_cat-non-palettisable","8":"product_cat-thermometres","9":"product_cat-ustensiles-cuisine","10":"product_shipping_class-free-shipping","12":"first","13":"instock","14":"featured","15":"taxable","16":"shipping-taxable","17":"purchasable","18":"product-type-simple"},"_links":{"self":[{"href":"https:\/\/abinox-chr-clim.com\/index.php\/wp-json\/wp\/v2\/product\/68149","targetHints":{"allow":["GET"]}}],"collection":[{"href":"https:\/\/abinox-chr-clim.com\/index.php\/wp-json\/wp\/v2\/product"}],"about":[{"href":"https:\/\/abinox-chr-clim.com\/index.php\/wp-json\/wp\/v2\/types\/product"}],"replies":[{"embeddable":true,"href":"https:\/\/abinox-chr-clim.com\/index.php\/wp-json\/wp\/v2\/comments?post=68149"}],"wp:featuredmedia":[{"embeddable":true,"href":"https:\/\/abinox-chr-clim.com\/index.php\/wp-json\/wp\/v2\/media\/104250"}],"wp:attachment":[{"href":"https:\/\/abinox-chr-clim.com\/index.php\/wp-json\/wp\/v2\/media?parent=68149"}],"wp:term":[{"taxonomy":"product_brand","embeddable":true,"href":"https:\/\/abinox-chr-clim.com\/index.php\/wp-json\/wp\/v2\/product_brand?post=68149"},{"taxonomy":"product_cat","embeddable":true,"href":"https:\/\/abinox-chr-clim.com\/index.php\/wp-json\/wp\/v2\/product_cat?post=68149"},{"taxonomy":"product_tag","embeddable":true,"href":"https:\/\/abinox-chr-clim.com\/index.php\/wp-json\/wp\/v2\/product_tag?post=68149"}],"curies":[{"name":"wp","href":"https:\/\/api.w.org\/{rel}","templated":true}]}}