{"id":68146,"date":"2024-03-22T16:09:01","date_gmt":"2024-03-22T15:09:01","guid":{"rendered":"https:\/\/abinox-chr-clim.com\/index.php\/product\/thermometre-pour-refrigerateur-et-congelateur-hygiplas\/"},"modified":"2026-04-02T08:54:29","modified_gmt":"2026-04-02T06:54:29","slug":"thermometre-pour-refrigerateur-et-congelateur-hygiplas","status":"publish","type":"product","link":"https:\/\/abinox-chr-clim.com\/index.php\/product\/thermometre-pour-refrigerateur-et-congelateur-hygiplas\/","title":{"rendered":"Thermom\u00e8tre pour r\u00e9frig\u00e9rateur et cong\u00e9lateur Hygiplas"},"content":{"rendered":"<p>A accrocher ou sur pied. 130 x 40 mm. Limites de temp\u00e9rature -24\u00b0C \u00e0 +24\u00b0C.<br \/>Plage de Temp\u00e9rature comprise entre -24\u00b0C et +24\u00b0C. Plage de Temp\u00e9rature comprise entre -24\u00b0C et +24\u00b0C. .<br \/> Caract\u00e9ristiques :<br \/> Dimensions : 130 x 40mm.<br \/> Mati\u00e8re : .<br \/> Temp\u00e9rature : -40 \u00b0C \u00e0 34 \u00b0C.<br \/> Couleur : Argent.<\/p>\n","protected":false},"excerpt":{"rendered":"<p>Thermom\u00e8tre pour r\u00e9frig\u00e9rateur et cong\u00e9lateur Hygiplas<\/p>\n","protected":false},"featured_media":104241,"comment_status":"closed","ping_status":"closed","template":"","meta":[],"product_brand":[],"product_cat":[1064,1297,1103,1098],"product_tag":[],"class_list":{"0":"post-68146","1":"product","2":"type-product","3":"status-publish","4":"has-post-thumbnail","6":"product_cat-cuisine","7":"product_cat-non-palettisable","8":"product_cat-thermometres","9":"product_cat-ustensiles-cuisine","10":"product_shipping_class-free-shipping","12":"first","13":"instock","14":"featured","15":"taxable","16":"shipping-taxable","17":"purchasable","18":"product-type-simple"},"_links":{"self":[{"href":"https:\/\/abinox-chr-clim.com\/index.php\/wp-json\/wp\/v2\/product\/68146","targetHints":{"allow":["GET"]}}],"collection":[{"href":"https:\/\/abinox-chr-clim.com\/index.php\/wp-json\/wp\/v2\/product"}],"about":[{"href":"https:\/\/abinox-chr-clim.com\/index.php\/wp-json\/wp\/v2\/types\/product"}],"replies":[{"embeddable":true,"href":"https:\/\/abinox-chr-clim.com\/index.php\/wp-json\/wp\/v2\/comments?post=68146"}],"wp:featuredmedia":[{"embeddable":true,"href":"https:\/\/abinox-chr-clim.com\/index.php\/wp-json\/wp\/v2\/media\/104241"}],"wp:attachment":[{"href":"https:\/\/abinox-chr-clim.com\/index.php\/wp-json\/wp\/v2\/media?parent=68146"}],"wp:term":[{"taxonomy":"product_brand","embeddable":true,"href":"https:\/\/abinox-chr-clim.com\/index.php\/wp-json\/wp\/v2\/product_brand?post=68146"},{"taxonomy":"product_cat","embeddable":true,"href":"https:\/\/abinox-chr-clim.com\/index.php\/wp-json\/wp\/v2\/product_cat?post=68146"},{"taxonomy":"product_tag","embeddable":true,"href":"https:\/\/abinox-chr-clim.com\/index.php\/wp-json\/wp\/v2\/product_tag?post=68146"}],"curies":[{"name":"wp","href":"https:\/\/api.w.org\/{rel}","templated":true}]}}