{"id":68141,"date":"2024-03-22T16:09:00","date_gmt":"2024-03-22T15:09:00","guid":{"rendered":"https:\/\/abinox-chr-clim.com\/index.php\/product\/mini-thermometre-infrarouge-hygiplas\/"},"modified":"2026-02-18T09:28:01","modified_gmt":"2026-02-18T08:28:01","slug":"mini-thermometre-infrarouge-hygiplas","status":"publish","type":"product","link":"https:\/\/abinox-chr-clim.com\/index.php\/product\/mini-thermometre-infrarouge-hygiplas\/","title":{"rendered":"Mini thermom\u00e8tre infrarouge Hygiplas"},"content":{"rendered":"<p>Les relev\u00e9s de temp\u00e9rature sans contact r\u00e9duisent le risque de contamination crois\u00e9e. Le rapport distance\/surface de 8:1 vous permet de rester \u00e0 une distance s\u00fbre des aliments chauds. Large plage de temp\u00e9rature de -20\u00b0C \u00e0 320\u00b0C pour une utilisation avec des aliments chauds ou froids. Passez facilement de \u00b0C \u00e0 \u00b0F en appuyant sur un bouton. Temps de r\u00e9ponse de 0,5 seconde pour des r\u00e9sultats instantan\u00e9s qui font gagner du temps. R\u00e9solution de la temp\u00e9rature de 0,5\u00b0C pour des mesures pr\u00e9cises. Le grand \u00e9cran LCD est clair et facile \u00e0 lire. Fonctionne avec une pile de 9 V (fournie) et offre une autonomie de 16 heures. L&rsquo;arr\u00eat automatique apr\u00e8s six secondes permet de pr\u00e9server la dur\u00e9e de vie des piles. Remarque : ce thermom\u00e8tre alimentaire n&rsquo;est pas certifi\u00e9 pour un usage m\u00e9dical. D\u00e9claration de conformit\u00e9 incluse dans le manuel d&rsquo;utilisation fourni avec le produit, et disponible en ligne. Les relev\u00e9s de temp\u00e9rature sans contact r\u00e9duisent le risque de contamination crois\u00e9e.<\/p>\n<p>Caract\u00e9ristiques :<br \/> Dimensions : Dimensions (mm): 175(H) x 32(L) x 63(P).<br \/> Mati\u00e8re : Plastique.<br \/> Temp\u00e9rature : -20 \u00e0 +320\u00b0C.<br \/> Voltage : 9V<\/p>\n","protected":false},"excerpt":{"rendered":"<p>Mini thermom\u00e8tre infrarouge Hygiplas<\/p>\n","protected":false},"featured_media":102078,"comment_status":"closed","ping_status":"closed","template":"","meta":[],"product_brand":[],"product_cat":[1064,1297,1103,1098],"product_tag":[],"class_list":{"0":"post-68141","1":"product","2":"type-product","3":"status-publish","4":"has-post-thumbnail","6":"product_cat-cuisine","7":"product_cat-non-palettisable","8":"product_cat-thermometres","9":"product_cat-ustensiles-cuisine","10":"product_shipping_class-free-shipping","12":"first","13":"outofstock","14":"featured","15":"taxable","16":"shipping-taxable","17":"purchasable","18":"product-type-simple"},"_links":{"self":[{"href":"https:\/\/abinox-chr-clim.com\/index.php\/wp-json\/wp\/v2\/product\/68141","targetHints":{"allow":["GET"]}}],"collection":[{"href":"https:\/\/abinox-chr-clim.com\/index.php\/wp-json\/wp\/v2\/product"}],"about":[{"href":"https:\/\/abinox-chr-clim.com\/index.php\/wp-json\/wp\/v2\/types\/product"}],"replies":[{"embeddable":true,"href":"https:\/\/abinox-chr-clim.com\/index.php\/wp-json\/wp\/v2\/comments?post=68141"}],"wp:featuredmedia":[{"embeddable":true,"href":"https:\/\/abinox-chr-clim.com\/index.php\/wp-json\/wp\/v2\/media\/102078"}],"wp:attachment":[{"href":"https:\/\/abinox-chr-clim.com\/index.php\/wp-json\/wp\/v2\/media?parent=68141"}],"wp:term":[{"taxonomy":"product_brand","embeddable":true,"href":"https:\/\/abinox-chr-clim.com\/index.php\/wp-json\/wp\/v2\/product_brand?post=68141"},{"taxonomy":"product_cat","embeddable":true,"href":"https:\/\/abinox-chr-clim.com\/index.php\/wp-json\/wp\/v2\/product_cat?post=68141"},{"taxonomy":"product_tag","embeddable":true,"href":"https:\/\/abinox-chr-clim.com\/index.php\/wp-json\/wp\/v2\/product_tag?post=68141"}],"curies":[{"name":"wp","href":"https:\/\/api.w.org\/{rel}","templated":true}]}}