{"id":68140,"date":"2024-03-22T16:08:59","date_gmt":"2024-03-22T15:08:59","guid":{"rendered":"https:\/\/abinox-chr-clim.com\/index.php\/product\/thermometre-digital-comark\/"},"modified":"2026-04-02T09:48:16","modified_gmt":"2026-04-02T07:48:16","slug":"thermometre-digital-comark","status":"publish","type":"product","link":"https:\/\/abinox-chr-clim.com\/index.php\/product\/thermometre-digital-comark\/","title":{"rendered":"Thermom\u00e8tre digital Comark"},"content":{"rendered":"<p>Thermom\u00e8tre manuel simple et facile \u00e0 utiliser avec des lectures rapides et pr\u00e9cises affich\u00e9es sur un grand \u00e9cran LCD. Convient pour une utilisation quotidienne dans la cuisine. R\u00e9sistant \u00e0 l&rsquo;eau. Fourni avec une sonde de p\u00e9n\u00e9tration ATT55 et 2 piles AA. Certificat d&rsquo;\u00e9talonnage gratuit inclus.<br \/>R\u00e9sistant \u00e0 l&rsquo;eau et grand \u00e9cran LCD facile \u00e0 lire. Comprend une sonde ATT55 et 2 piles AA. R\u00e9solution : 0,1\u00b0 C. Pr\u00e9cision : \u00b11\u00b0C\/\u00b0F gamme compl\u00e8te. Pour v\u00e9rifier la temp\u00e9rature des aliments. R\u00e9sistant \u00e0 l&rsquo;eau et grand \u00e9cran LCD facile \u00e0 lire.<\/p>\n<p>Caract\u00e9ristiques :<br \/> Dimensions : 145(H)x 55(L)x 20(P)mm.<br \/> Mati\u00e8re : Plastique.<br \/> Temp\u00e9rature : -30 \u00b0C \u00e0 110 \u00b0C.<br \/> Couleur : Bleu.<\/p>\n","protected":false},"excerpt":{"rendered":"<p>Thermom\u00e8tre digital Comark<\/p>\n","protected":false},"featured_media":101876,"comment_status":"closed","ping_status":"closed","template":"","meta":[],"product_brand":[],"product_cat":[1064,1297,1103,1098],"product_tag":[],"class_list":{"0":"post-68140","1":"product","2":"type-product","3":"status-publish","4":"has-post-thumbnail","6":"product_cat-cuisine","7":"product_cat-non-palettisable","8":"product_cat-thermometres","9":"product_cat-ustensiles-cuisine","10":"product_shipping_class-free-shipping","12":"first","13":"instock","14":"featured","15":"taxable","16":"shipping-taxable","17":"purchasable","18":"product-type-simple"},"_links":{"self":[{"href":"https:\/\/abinox-chr-clim.com\/index.php\/wp-json\/wp\/v2\/product\/68140","targetHints":{"allow":["GET"]}}],"collection":[{"href":"https:\/\/abinox-chr-clim.com\/index.php\/wp-json\/wp\/v2\/product"}],"about":[{"href":"https:\/\/abinox-chr-clim.com\/index.php\/wp-json\/wp\/v2\/types\/product"}],"replies":[{"embeddable":true,"href":"https:\/\/abinox-chr-clim.com\/index.php\/wp-json\/wp\/v2\/comments?post=68140"}],"wp:featuredmedia":[{"embeddable":true,"href":"https:\/\/abinox-chr-clim.com\/index.php\/wp-json\/wp\/v2\/media\/101876"}],"wp:attachment":[{"href":"https:\/\/abinox-chr-clim.com\/index.php\/wp-json\/wp\/v2\/media?parent=68140"}],"wp:term":[{"taxonomy":"product_brand","embeddable":true,"href":"https:\/\/abinox-chr-clim.com\/index.php\/wp-json\/wp\/v2\/product_brand?post=68140"},{"taxonomy":"product_cat","embeddable":true,"href":"https:\/\/abinox-chr-clim.com\/index.php\/wp-json\/wp\/v2\/product_cat?post=68140"},{"taxonomy":"product_tag","embeddable":true,"href":"https:\/\/abinox-chr-clim.com\/index.php\/wp-json\/wp\/v2\/product_tag?post=68140"}],"curies":[{"name":"wp","href":"https:\/\/api.w.org\/{rel}","templated":true}]}}