{"id":68139,"date":"2024-03-22T16:08:59","date_gmt":"2024-03-22T15:08:59","guid":{"rendered":"https:\/\/abinox-chr-clim.com\/index.php\/product\/thermometre-numerique-resistant-a-leau-hygiplas\/"},"modified":"2026-04-02T09:16:01","modified_gmt":"2026-04-02T07:16:01","slug":"thermometre-numerique-resistant-a-leau-hygiplas","status":"publish","type":"product","link":"https:\/\/abinox-chr-clim.com\/index.php\/product\/thermometre-numerique-resistant-a-leau-hygiplas\/","title":{"rendered":"Thermom\u00e8tre num\u00e9rique r\u00e9sistant \u00e0 l&rsquo;eau Hygiplas"},"content":{"rendered":"<p>Thermom\u00e8tre num\u00e9rique avec une fonction m\u00e9moire pratique et une sonde en acier inoxydable. Plage de temp\u00e9rature -50\u00b0C \u00e0 200\u00b0C. R\u00e9solution de 0,1\u00b0C.<br \/>Livr\u00e9 avec un \u00e9tui pour sonde poss\u00e9dant un clip de poche et une fente permettant une fixation murale. Fonction m\u00e9moire max \/ min. Livr\u00e9 avec 1 pile LR44 1,5V (U701). R\u00e9sistant \u00e0 l&rsquo;eau. Livr\u00e9 avec un \u00e9tui pour sonde poss\u00e9dant un clip de poche et une fente permettant une fixation murale.<\/p>\n<p>Caract\u00e9ristiques :<br \/> Dimensions : 15(l)x 200(L)mm.<br \/> Mati\u00e8re : .<br \/> Temp\u00e9rature : -50\u00b0C \u00e0 +200\u00b0C.<br \/> Couleur : Blanc.<\/p>\n","protected":false},"excerpt":{"rendered":"<p>Thermom\u00e8tre num\u00e9rique r\u00e9sistant \u00e0 l&rsquo;eau Hygiplas<\/p>\n","protected":false},"featured_media":101829,"comment_status":"closed","ping_status":"closed","template":"","meta":[],"product_brand":[],"product_cat":[1064,1297,1103,1098],"product_tag":[],"class_list":{"0":"post-68139","1":"product","2":"type-product","3":"status-publish","4":"has-post-thumbnail","6":"product_cat-cuisine","7":"product_cat-non-palettisable","8":"product_cat-thermometres","9":"product_cat-ustensiles-cuisine","10":"product_shipping_class-free-shipping","12":"first","13":"instock","14":"featured","15":"taxable","16":"shipping-taxable","17":"purchasable","18":"product-type-simple"},"_links":{"self":[{"href":"https:\/\/abinox-chr-clim.com\/index.php\/wp-json\/wp\/v2\/product\/68139","targetHints":{"allow":["GET"]}}],"collection":[{"href":"https:\/\/abinox-chr-clim.com\/index.php\/wp-json\/wp\/v2\/product"}],"about":[{"href":"https:\/\/abinox-chr-clim.com\/index.php\/wp-json\/wp\/v2\/types\/product"}],"replies":[{"embeddable":true,"href":"https:\/\/abinox-chr-clim.com\/index.php\/wp-json\/wp\/v2\/comments?post=68139"}],"wp:featuredmedia":[{"embeddable":true,"href":"https:\/\/abinox-chr-clim.com\/index.php\/wp-json\/wp\/v2\/media\/101829"}],"wp:attachment":[{"href":"https:\/\/abinox-chr-clim.com\/index.php\/wp-json\/wp\/v2\/media?parent=68139"}],"wp:term":[{"taxonomy":"product_brand","embeddable":true,"href":"https:\/\/abinox-chr-clim.com\/index.php\/wp-json\/wp\/v2\/product_brand?post=68139"},{"taxonomy":"product_cat","embeddable":true,"href":"https:\/\/abinox-chr-clim.com\/index.php\/wp-json\/wp\/v2\/product_cat?post=68139"},{"taxonomy":"product_tag","embeddable":true,"href":"https:\/\/abinox-chr-clim.com\/index.php\/wp-json\/wp\/v2\/product_tag?post=68139"}],"curies":[{"name":"wp","href":"https:\/\/api.w.org\/{rel}","templated":true}]}}