{"id":68136,"date":"2024-03-22T16:08:56","date_gmt":"2024-03-22T15:08:56","guid":{"rendered":"https:\/\/abinox-chr-clim.com\/index.php\/product\/thermometre-a-code-couleur-hygiplas-easytemp-bleu\/"},"modified":"2026-04-02T10:02:32","modified_gmt":"2026-04-02T08:02:32","slug":"thermometre-a-code-couleur-hygiplas-easytemp-bleu","status":"publish","type":"product","link":"https:\/\/abinox-chr-clim.com\/index.php\/product\/thermometre-a-code-couleur-hygiplas-easytemp-bleu\/","title":{"rendered":"Thermom\u00e8tre \u00e0 code couleur Hygiplas Easytemp bleu"},"content":{"rendered":"<p>Thermom\u00e8tre digital professionnel avec syst\u00e8me d&rsquo;arr\u00eat automatique et large \u00e9cran LCD. Sonde amovible en acier inoxydable. N\u00e9cessite des piles AAA (2 fournies).<br \/>En polypropyl\u00e8ne. Bleu, \u00e0 utiliser avec du poisson. Plage de temp\u00e9rature -50 \u00e0 +300\u00b0C. Pr\u00e9cision 0,1\u00b0C. Temps de r\u00e9ponse 15sec. Mesure en \u00b0C et \u00b0F. Dragonne amovible pour plus de confort et de s\u00e9curit\u00e9. Sonde repliable pour un stockage s\u00fbr et efficace. N\u00e9cessite 1 pile AAA (non incluse). Affichage de la temp\u00e9rature Min\/Max pour la s\u00e9curit\u00e9 alimentaire. En polypropyl\u00e8ne.<\/p>\n<p>Caract\u00e9ristiques :<br \/> Mati\u00e8re : Polypropyl\u00e8ne.<br \/> Couleur : Bleu.<\/p>\n","protected":false},"excerpt":{"rendered":"<p>Thermom\u00e8tre \u00e0 code couleur Hygiplas Easytemp bleu<\/p>\n","protected":false},"featured_media":101114,"comment_status":"closed","ping_status":"closed","template":"","meta":[],"product_brand":[],"product_cat":[1064,1297,1103,1098],"product_tag":[],"class_list":{"0":"post-68136","1":"product","2":"type-product","3":"status-publish","4":"has-post-thumbnail","6":"product_cat-cuisine","7":"product_cat-non-palettisable","8":"product_cat-thermometres","9":"product_cat-ustensiles-cuisine","10":"product_shipping_class-free-shipping","12":"first","13":"instock","14":"featured","15":"taxable","16":"shipping-taxable","17":"purchasable","18":"product-type-simple"},"_links":{"self":[{"href":"https:\/\/abinox-chr-clim.com\/index.php\/wp-json\/wp\/v2\/product\/68136","targetHints":{"allow":["GET"]}}],"collection":[{"href":"https:\/\/abinox-chr-clim.com\/index.php\/wp-json\/wp\/v2\/product"}],"about":[{"href":"https:\/\/abinox-chr-clim.com\/index.php\/wp-json\/wp\/v2\/types\/product"}],"replies":[{"embeddable":true,"href":"https:\/\/abinox-chr-clim.com\/index.php\/wp-json\/wp\/v2\/comments?post=68136"}],"wp:featuredmedia":[{"embeddable":true,"href":"https:\/\/abinox-chr-clim.com\/index.php\/wp-json\/wp\/v2\/media\/101114"}],"wp:attachment":[{"href":"https:\/\/abinox-chr-clim.com\/index.php\/wp-json\/wp\/v2\/media?parent=68136"}],"wp:term":[{"taxonomy":"product_brand","embeddable":true,"href":"https:\/\/abinox-chr-clim.com\/index.php\/wp-json\/wp\/v2\/product_brand?post=68136"},{"taxonomy":"product_cat","embeddable":true,"href":"https:\/\/abinox-chr-clim.com\/index.php\/wp-json\/wp\/v2\/product_cat?post=68136"},{"taxonomy":"product_tag","embeddable":true,"href":"https:\/\/abinox-chr-clim.com\/index.php\/wp-json\/wp\/v2\/product_tag?post=68136"}],"curies":[{"name":"wp","href":"https:\/\/api.w.org\/{rel}","templated":true}]}}