{"id":68133,"date":"2024-03-22T16:08:55","date_gmt":"2024-03-22T15:08:55","guid":{"rendered":"https:\/\/abinox-chr-clim.com\/index.php\/product\/thermometre-multistem-hygiplas\/"},"modified":"2026-04-02T08:45:27","modified_gmt":"2026-04-02T06:45:27","slug":"thermometre-multistem-hygiplas","status":"publish","type":"product","link":"https:\/\/abinox-chr-clim.com\/index.php\/product\/thermometre-multistem-hygiplas\/","title":{"rendered":"Thermom\u00e8tre multistem Hygiplas"},"content":{"rendered":"<p>Assurez-vous que vos aliments sont conserv\u00e9s \u00e0 la bonne temp\u00e9rature avec ce thermom\u00e8tre. Id\u00e9al pour relever les temp\u00e9ratures des aliments r\u00e9frig\u00e9r\u00e9s ou chauds. C\u00e2ble de 1 m. Pile fournie.<br \/>Convient aux liquides et aux solides. Fonction d&rsquo;alarme Min\/Max &#8211; la sonde \u00e9met une alerte si la temp\u00e9rature est atteinte. Conception l\u00e9g\u00e8re et portable. Utilise des piles AAA (vendues s\u00e9par\u00e9ment). Longueur de la sonde de 1 m\u00e8tre &#8211; lecture des temp\u00e9ratures \u00e0 une distance s\u00fbre. Grand \u00e9cran pour une lecture facile. Clip de fixation de la sonde pour un rangement facile et s\u00fbr.Convient aux liquides et aux solides.<\/p>\n<p>Caract\u00e9ristiques :<br \/> Mati\u00e8re : .<br \/> Temp\u00e9rature : -50\u00b0C \u00e0 +200\u00b0C.<br \/> Couleur : Blanc.<\/p>\n","protected":false},"excerpt":{"rendered":"<p>Thermom\u00e8tre multistem Hygiplas<\/p>\n","protected":false},"featured_media":95459,"comment_status":"closed","ping_status":"closed","template":"","meta":[],"product_brand":[],"product_cat":[1064,1297,1103,1098],"product_tag":[],"class_list":{"0":"post-68133","1":"product","2":"type-product","3":"status-publish","4":"has-post-thumbnail","6":"product_cat-cuisine","7":"product_cat-non-palettisable","8":"product_cat-thermometres","9":"product_cat-ustensiles-cuisine","10":"product_shipping_class-free-shipping","12":"first","13":"instock","14":"featured","15":"taxable","16":"shipping-taxable","17":"purchasable","18":"product-type-simple"},"_links":{"self":[{"href":"https:\/\/abinox-chr-clim.com\/index.php\/wp-json\/wp\/v2\/product\/68133","targetHints":{"allow":["GET"]}}],"collection":[{"href":"https:\/\/abinox-chr-clim.com\/index.php\/wp-json\/wp\/v2\/product"}],"about":[{"href":"https:\/\/abinox-chr-clim.com\/index.php\/wp-json\/wp\/v2\/types\/product"}],"replies":[{"embeddable":true,"href":"https:\/\/abinox-chr-clim.com\/index.php\/wp-json\/wp\/v2\/comments?post=68133"}],"wp:featuredmedia":[{"embeddable":true,"href":"https:\/\/abinox-chr-clim.com\/index.php\/wp-json\/wp\/v2\/media\/95459"}],"wp:attachment":[{"href":"https:\/\/abinox-chr-clim.com\/index.php\/wp-json\/wp\/v2\/media?parent=68133"}],"wp:term":[{"taxonomy":"product_brand","embeddable":true,"href":"https:\/\/abinox-chr-clim.com\/index.php\/wp-json\/wp\/v2\/product_brand?post=68133"},{"taxonomy":"product_cat","embeddable":true,"href":"https:\/\/abinox-chr-clim.com\/index.php\/wp-json\/wp\/v2\/product_cat?post=68133"},{"taxonomy":"product_tag","embeddable":true,"href":"https:\/\/abinox-chr-clim.com\/index.php\/wp-json\/wp\/v2\/product_tag?post=68133"}],"curies":[{"name":"wp","href":"https:\/\/api.w.org\/{rel}","templated":true}]}}