{"id":68130,"date":"2024-03-22T16:08:54","date_gmt":"2024-03-22T15:08:54","guid":{"rendered":"https:\/\/abinox-chr-clim.com\/index.php\/product\/thermometre-electronique-en-forme-de-t-hygiplas\/"},"modified":"2026-04-02T08:45:25","modified_gmt":"2026-04-02T06:45:25","slug":"thermometre-electronique-en-forme-de-t-hygiplas","status":"publish","type":"product","link":"https:\/\/abinox-chr-clim.com\/index.php\/product\/thermometre-electronique-en-forme-de-t-hygiplas\/","title":{"rendered":"Thermom\u00e8tre \u00e9lectronique en forme de T Hygiplas"},"content":{"rendered":"<p>Ecran LCD facile \u00e0 lire. Ecran LCD facile \u00e0 lire.<\/p>\n<p>Caract\u00e9ristiques :<br \/> Dimensions : 125(L)mm.<br \/> Mati\u00e8re : .<br \/> Temp\u00e9rature : -50 \u00e0 +150 \u00b0C<\/p>\n","protected":false},"excerpt":{"rendered":"<p>Thermom\u00e8tre \u00e9lectronique en forme de T Hygiplas<\/p>\n","protected":false},"featured_media":95472,"comment_status":"closed","ping_status":"closed","template":"","meta":[],"product_brand":[],"product_cat":[1064,1297,1103,1098],"product_tag":[],"class_list":{"0":"post-68130","1":"product","2":"type-product","3":"status-publish","4":"has-post-thumbnail","6":"product_cat-cuisine","7":"product_cat-non-palettisable","8":"product_cat-thermometres","9":"product_cat-ustensiles-cuisine","10":"product_shipping_class-free-shipping","12":"first","13":"instock","14":"featured","15":"taxable","16":"shipping-taxable","17":"purchasable","18":"product-type-simple"},"_links":{"self":[{"href":"https:\/\/abinox-chr-clim.com\/index.php\/wp-json\/wp\/v2\/product\/68130","targetHints":{"allow":["GET"]}}],"collection":[{"href":"https:\/\/abinox-chr-clim.com\/index.php\/wp-json\/wp\/v2\/product"}],"about":[{"href":"https:\/\/abinox-chr-clim.com\/index.php\/wp-json\/wp\/v2\/types\/product"}],"replies":[{"embeddable":true,"href":"https:\/\/abinox-chr-clim.com\/index.php\/wp-json\/wp\/v2\/comments?post=68130"}],"wp:featuredmedia":[{"embeddable":true,"href":"https:\/\/abinox-chr-clim.com\/index.php\/wp-json\/wp\/v2\/media\/95472"}],"wp:attachment":[{"href":"https:\/\/abinox-chr-clim.com\/index.php\/wp-json\/wp\/v2\/media?parent=68130"}],"wp:term":[{"taxonomy":"product_brand","embeddable":true,"href":"https:\/\/abinox-chr-clim.com\/index.php\/wp-json\/wp\/v2\/product_brand?post=68130"},{"taxonomy":"product_cat","embeddable":true,"href":"https:\/\/abinox-chr-clim.com\/index.php\/wp-json\/wp\/v2\/product_cat?post=68130"},{"taxonomy":"product_tag","embeddable":true,"href":"https:\/\/abinox-chr-clim.com\/index.php\/wp-json\/wp\/v2\/product_tag?post=68130"}],"curies":[{"name":"wp","href":"https:\/\/api.w.org\/{rel}","templated":true}]}}