{"id":68129,"date":"2024-03-22T16:08:54","date_gmt":"2024-03-22T15:08:54","guid":{"rendered":"https:\/\/abinox-chr-clim.com\/index.php\/product\/thermometre-frontal-infrarouge-sans-contact-marsden-ft3010\/"},"modified":"2026-04-02T09:53:13","modified_gmt":"2026-04-02T07:53:13","slug":"thermometre-frontal-infrarouge-sans-contact-marsden-ft3010","status":"publish","type":"product","link":"https:\/\/abinox-chr-clim.com\/index.php\/product\/thermometre-frontal-infrarouge-sans-contact-marsden-ft3010\/","title":{"rendered":"Thermom\u00e8tre frontal infrarouge sans contact Marsden FT3010"},"content":{"rendered":"<p>R\u00e9pond aux exigences strictes de la directive sur les dispositifs m\u00e9dicaux (MDD 93\/42\/CEE). La technologie infrarouge sans contact prot\u00e8ge contre la propagation des bact\u00e9ries. Un temps de r\u00e9ponse d&rsquo;une seconde assure une lecture quasi instantan\u00e9e de la temp\u00e9rature. Dispose d&rsquo;une distance de mesure de 3 \u00e0 5 cm. Les commandes intuitives facilitent l&rsquo;utilisation du thermom\u00e8tre. L&rsquo;affichage num\u00e9rique assure une lecture claire de la temp\u00e9rature. Une m\u00e9moire de 32 mesures signifie que vous n&rsquo;avez pas besoin de suivre manuellement vos r\u00e9sultats. Une fonction de mise hors tension automatique \u00e9conomise la dur\u00e9e de vie de la pile. La conception l\u00e9g\u00e8re garantit une utilisation confortable. Peut m\u00eame \u00eatre utilis\u00e9 pour mesurer la temp\u00e9rature de l&rsquo;eau du bain, du lait pour b\u00e9b\u00e9 et des surfaces. R\u00e9pond aux exigences strictes de la directive sur les dispositifs m\u00e9dicaux (MDD 93\/42\/CEE).<\/p>\n<p>Caract\u00e9ristiques :<br \/> Mati\u00e8re : Plastique.<br \/> Temp\u00e9rature : 22 \u00b0C \u00e0 43 \u00b0C.<br \/> Couleur : Blanc.<\/p>\n","protected":false},"excerpt":{"rendered":"<p>Thermom\u00e8tre frontal infrarouge sans contact Marsden FT3010<\/p>\n","protected":false},"featured_media":90117,"comment_status":"closed","ping_status":"closed","template":"","meta":[],"product_brand":[],"product_cat":[1064,1297,1103,1098],"product_tag":[],"class_list":{"0":"post-68129","1":"product","2":"type-product","3":"status-publish","4":"has-post-thumbnail","6":"product_cat-cuisine","7":"product_cat-non-palettisable","8":"product_cat-thermometres","9":"product_cat-ustensiles-cuisine","10":"product_shipping_class-free-shipping","12":"first","13":"outofstock","14":"featured","15":"taxable","16":"shipping-taxable","17":"purchasable","18":"product-type-simple"},"_links":{"self":[{"href":"https:\/\/abinox-chr-clim.com\/index.php\/wp-json\/wp\/v2\/product\/68129","targetHints":{"allow":["GET"]}}],"collection":[{"href":"https:\/\/abinox-chr-clim.com\/index.php\/wp-json\/wp\/v2\/product"}],"about":[{"href":"https:\/\/abinox-chr-clim.com\/index.php\/wp-json\/wp\/v2\/types\/product"}],"replies":[{"embeddable":true,"href":"https:\/\/abinox-chr-clim.com\/index.php\/wp-json\/wp\/v2\/comments?post=68129"}],"wp:featuredmedia":[{"embeddable":true,"href":"https:\/\/abinox-chr-clim.com\/index.php\/wp-json\/wp\/v2\/media\/90117"}],"wp:attachment":[{"href":"https:\/\/abinox-chr-clim.com\/index.php\/wp-json\/wp\/v2\/media?parent=68129"}],"wp:term":[{"taxonomy":"product_brand","embeddable":true,"href":"https:\/\/abinox-chr-clim.com\/index.php\/wp-json\/wp\/v2\/product_brand?post=68129"},{"taxonomy":"product_cat","embeddable":true,"href":"https:\/\/abinox-chr-clim.com\/index.php\/wp-json\/wp\/v2\/product_cat?post=68129"},{"taxonomy":"product_tag","embeddable":true,"href":"https:\/\/abinox-chr-clim.com\/index.php\/wp-json\/wp\/v2\/product_tag?post=68129"}],"curies":[{"name":"wp","href":"https:\/\/api.w.org\/{rel}","templated":true}]}}