{"id":68127,"date":"2024-03-22T16:08:53","date_gmt":"2024-03-22T15:08:53","guid":{"rendered":"https:\/\/abinox-chr-clim.com\/index.php\/product\/thermometre-etanche-resistant-au-lave-vaisselle-comark\/"},"modified":"2026-04-02T08:35:57","modified_gmt":"2026-04-02T06:35:57","slug":"thermometre-etanche-resistant-au-lave-vaisselle-comark","status":"publish","type":"product","link":"https:\/\/abinox-chr-clim.com\/index.php\/product\/thermometre-etanche-resistant-au-lave-vaisselle-comark\/","title":{"rendered":"Thermom\u00e8tre \u00e9tanche r\u00e9sistant au lave-vaisselle Comark"},"content":{"rendered":"<p>Peut \u00eatre utilis\u00e9 \u00e0 l&rsquo;int\u00e9rieur du lave-vaisselle pour contr\u00f4ler si la temp\u00e9rature du cycle est correcte, sert \u00e9galement \u00e0 contr\u00f4ler la temp\u00e9rature des aliments. Offre une protection anti-microbienne BioCote\u00ae et une plage de temp\u00e9rature de -20\u00b0C \u00e0 +200\u00b0C.<br \/>Livr\u00e9 avec prot\u00e8ge-sonde et support. R\u00e9siste \u00e0 l&rsquo;eau. Livr\u00e9 avec prot\u00e8ge-sonde et support.<\/p>\n<p>Caract\u00e9ristiques :<br \/> Dimensions : 21(l) x 152(L) x 18(P)mm.<br \/> Mati\u00e8re : Plastique.<br \/> Temp\u00e9rature : -20\u00b0C \u00e0 +200\u00b0C.<br \/> Couleur : Bleu.<\/p>\n","protected":false},"excerpt":{"rendered":"<p>Thermom\u00e8tre \u00e9tanche r\u00e9sistant au lave-vaisselle Comark<\/p>\n","protected":false},"featured_media":83235,"comment_status":"closed","ping_status":"closed","template":"","meta":[],"product_brand":[],"product_cat":[1064,1297,1103,1098],"product_tag":[],"class_list":{"0":"post-68127","1":"product","2":"type-product","3":"status-publish","4":"has-post-thumbnail","6":"product_cat-cuisine","7":"product_cat-non-palettisable","8":"product_cat-thermometres","9":"product_cat-ustensiles-cuisine","10":"product_shipping_class-free-shipping","12":"first","13":"outofstock","14":"featured","15":"taxable","16":"shipping-taxable","17":"purchasable","18":"product-type-simple"},"_links":{"self":[{"href":"https:\/\/abinox-chr-clim.com\/index.php\/wp-json\/wp\/v2\/product\/68127","targetHints":{"allow":["GET"]}}],"collection":[{"href":"https:\/\/abinox-chr-clim.com\/index.php\/wp-json\/wp\/v2\/product"}],"about":[{"href":"https:\/\/abinox-chr-clim.com\/index.php\/wp-json\/wp\/v2\/types\/product"}],"replies":[{"embeddable":true,"href":"https:\/\/abinox-chr-clim.com\/index.php\/wp-json\/wp\/v2\/comments?post=68127"}],"wp:featuredmedia":[{"embeddable":true,"href":"https:\/\/abinox-chr-clim.com\/index.php\/wp-json\/wp\/v2\/media\/83235"}],"wp:attachment":[{"href":"https:\/\/abinox-chr-clim.com\/index.php\/wp-json\/wp\/v2\/media?parent=68127"}],"wp:term":[{"taxonomy":"product_brand","embeddable":true,"href":"https:\/\/abinox-chr-clim.com\/index.php\/wp-json\/wp\/v2\/product_brand?post=68127"},{"taxonomy":"product_cat","embeddable":true,"href":"https:\/\/abinox-chr-clim.com\/index.php\/wp-json\/wp\/v2\/product_cat?post=68127"},{"taxonomy":"product_tag","embeddable":true,"href":"https:\/\/abinox-chr-clim.com\/index.php\/wp-json\/wp\/v2\/product_tag?post=68127"}],"curies":[{"name":"wp","href":"https:\/\/api.w.org\/{rel}","templated":true}]}}