{"id":68126,"date":"2024-03-22T16:08:53","date_gmt":"2024-03-22T15:08:53","guid":{"rendered":"https:\/\/abinox-chr-clim.com\/index.php\/product\/thermometre-hygiplas-easytemp-rouge\/"},"modified":"2026-04-02T08:35:41","modified_gmt":"2026-04-02T06:35:41","slug":"thermometre-hygiplas-easytemp-rouge","status":"publish","type":"product","link":"https:\/\/abinox-chr-clim.com\/index.php\/product\/thermometre-hygiplas-easytemp-rouge\/","title":{"rendered":"Thermom\u00e8tre Hygiplas Easytemp rouge"},"content":{"rendered":"<p>Thermom\u00e8tre de poche pr\u00e9cis, fiable et robuste avec sonde pliable. Fonction on\/off automatique. Avec dragonne d\u00e9tachable. Fourni avec pile. Diff\u00e9rentes couleurs disponibles.<br \/>Facile \u00e0 transporter et parfait pour les chefs en d\u00e9placement. Code de couleur rouge pour identifier facilement l&rsquo;utilisation avec de la viande crue. La sonde est repliable, ce qui la rend s\u00fbre et hygi\u00e9nique lorsqu&rsquo;elle n&rsquo;est pas utilis\u00e9e. Permet de passer facilement de la lecture en \u00b0C \u00e0 celle en \u00b0F par simple pression sur un bouton. Pr\u00e9cision de 1\u00b0C pour une lecture pr\u00e9cise de la temp\u00e9rature en 15 secondes. La fonction marche\/arr\u00eat automatique permet d&rsquo;\u00e9conomiser l&rsquo;\u00e9nergie pour que les piles durent plus longtemps. La dragonne amovible pratique \u00e9vite les chutes et prot\u00e8ge le thermom\u00e8tre. Fonctionne avec 1 pile AAA pour une utilisation imm\u00e9diate.Facile \u00e0 transporter et parfait pour les chefs en d\u00e9placement.<\/p>\n<p>Caract\u00e9ristiques :<br \/> Mati\u00e8re : Plastique.<br \/> Temp\u00e9rature : -50 \u00e0 +300 \u00b0C.<br \/> Couleur : Rouge.<\/p>\n","protected":false},"excerpt":{"rendered":"<p>Thermom\u00e8tre Hygiplas Easytemp rouge<\/p>\n","protected":false},"featured_media":83166,"comment_status":"closed","ping_status":"closed","template":"","meta":[],"product_brand":[],"product_cat":[1064,1297,1103,1098],"product_tag":[],"class_list":{"0":"post-68126","1":"product","2":"type-product","3":"status-publish","4":"has-post-thumbnail","6":"product_cat-cuisine","7":"product_cat-non-palettisable","8":"product_cat-thermometres","9":"product_cat-ustensiles-cuisine","10":"product_shipping_class-free-shipping","12":"first","13":"instock","14":"featured","15":"taxable","16":"shipping-taxable","17":"purchasable","18":"product-type-simple"},"_links":{"self":[{"href":"https:\/\/abinox-chr-clim.com\/index.php\/wp-json\/wp\/v2\/product\/68126","targetHints":{"allow":["GET"]}}],"collection":[{"href":"https:\/\/abinox-chr-clim.com\/index.php\/wp-json\/wp\/v2\/product"}],"about":[{"href":"https:\/\/abinox-chr-clim.com\/index.php\/wp-json\/wp\/v2\/types\/product"}],"replies":[{"embeddable":true,"href":"https:\/\/abinox-chr-clim.com\/index.php\/wp-json\/wp\/v2\/comments?post=68126"}],"wp:featuredmedia":[{"embeddable":true,"href":"https:\/\/abinox-chr-clim.com\/index.php\/wp-json\/wp\/v2\/media\/83166"}],"wp:attachment":[{"href":"https:\/\/abinox-chr-clim.com\/index.php\/wp-json\/wp\/v2\/media?parent=68126"}],"wp:term":[{"taxonomy":"product_brand","embeddable":true,"href":"https:\/\/abinox-chr-clim.com\/index.php\/wp-json\/wp\/v2\/product_brand?post=68126"},{"taxonomy":"product_cat","embeddable":true,"href":"https:\/\/abinox-chr-clim.com\/index.php\/wp-json\/wp\/v2\/product_cat?post=68126"},{"taxonomy":"product_tag","embeddable":true,"href":"https:\/\/abinox-chr-clim.com\/index.php\/wp-json\/wp\/v2\/product_tag?post=68126"}],"curies":[{"name":"wp","href":"https:\/\/api.w.org\/{rel}","templated":true}]}}