{"id":68121,"date":"2024-03-22T16:08:51","date_gmt":"2024-03-22T15:08:51","guid":{"rendered":"https:\/\/abinox-chr-clim.com\/index.php\/product\/thermometre-a-cafe-et-a-lait-125mm\/"},"modified":"2026-04-02T08:30:36","modified_gmt":"2026-04-02T06:30:36","slug":"thermometre-a-cafe-et-a-lait-125mm","status":"publish","type":"product","link":"https:\/\/abinox-chr-clim.com\/index.php\/product\/thermometre-a-cafe-et-a-lait-125mm\/","title":{"rendered":"Thermom\u00e8tre \u00e0 caf\u00e9 et \u00e0 lait 125mm"},"content":{"rendered":"<p>Crochet pour pichet inox. Sonde 125(L) x 4(\u00d8)mm.  Plage de temp\u00e9rature -10\u00b0C \u00e0 110\u00baC.<br \/>Le clip en acier inoxydable se fixe solidement sur le c\u00f4t\u00e9 du pichet. Lavable au lave-vaisselle pour un nettoyage rapide et facile. Le couvercle de la sonde prot\u00e8ge et pr\u00e9serve son hygi\u00e8ne lorsqu&rsquo;elle n&rsquo;est pas utilis\u00e9e. Marquage clair pour des mesures faciles et efficaces. Parfait pour pr\u00e9parer des boissons chaudes telles que des lattes ou des cappuccinos.  Le clip en acier inoxydable se fixe solidement sur le c\u00f4t\u00e9 du pichet.<\/p>\n<p>Caract\u00e9ristiques :<br \/> Dimensions : Sonde : 125(L) x 4(\u00d8)mm.<br \/> Mati\u00e8re : Inox.<br \/> Temp\u00e9rature : -10\u00b0C \u00e0 +110\u00b0C.<br \/> Couleur : Argent.<\/p>\n","protected":false},"excerpt":{"rendered":"<p>Thermom\u00e8tre \u00e0 caf\u00e9 et \u00e0 lait 125mm<\/p>\n","protected":false},"featured_media":80521,"comment_status":"closed","ping_status":"closed","template":"","meta":[],"product_brand":[],"product_cat":[1064,1297,1103,1098],"product_tag":[],"class_list":{"0":"post-68121","1":"product","2":"type-product","3":"status-publish","4":"has-post-thumbnail","6":"product_cat-cuisine","7":"product_cat-non-palettisable","8":"product_cat-thermometres","9":"product_cat-ustensiles-cuisine","10":"product_shipping_class-free-shipping","12":"first","13":"instock","14":"featured","15":"taxable","16":"shipping-taxable","17":"purchasable","18":"product-type-simple"},"_links":{"self":[{"href":"https:\/\/abinox-chr-clim.com\/index.php\/wp-json\/wp\/v2\/product\/68121","targetHints":{"allow":["GET"]}}],"collection":[{"href":"https:\/\/abinox-chr-clim.com\/index.php\/wp-json\/wp\/v2\/product"}],"about":[{"href":"https:\/\/abinox-chr-clim.com\/index.php\/wp-json\/wp\/v2\/types\/product"}],"replies":[{"embeddable":true,"href":"https:\/\/abinox-chr-clim.com\/index.php\/wp-json\/wp\/v2\/comments?post=68121"}],"wp:featuredmedia":[{"embeddable":true,"href":"https:\/\/abinox-chr-clim.com\/index.php\/wp-json\/wp\/v2\/media\/80521"}],"wp:attachment":[{"href":"https:\/\/abinox-chr-clim.com\/index.php\/wp-json\/wp\/v2\/media?parent=68121"}],"wp:term":[{"taxonomy":"product_brand","embeddable":true,"href":"https:\/\/abinox-chr-clim.com\/index.php\/wp-json\/wp\/v2\/product_brand?post=68121"},{"taxonomy":"product_cat","embeddable":true,"href":"https:\/\/abinox-chr-clim.com\/index.php\/wp-json\/wp\/v2\/product_cat?post=68121"},{"taxonomy":"product_tag","embeddable":true,"href":"https:\/\/abinox-chr-clim.com\/index.php\/wp-json\/wp\/v2\/product_tag?post=68121"}],"curies":[{"name":"wp","href":"https:\/\/api.w.org\/{rel}","templated":true}]}}