{"id":68120,"date":"2024-03-22T16:08:50","date_gmt":"2024-03-22T15:08:50","guid":{"rendered":"https:\/\/abinox-chr-clim.com\/index.php\/product\/lot-de-6-planches-a-decouper-basse-densite-hygiplas\/"},"modified":"2026-04-02T09:08:09","modified_gmt":"2026-04-02T07:08:09","slug":"lot-de-6-planches-a-decouper-basse-densite-hygiplas","status":"publish","type":"product","link":"https:\/\/abinox-chr-clim.com\/index.php\/product\/lot-de-6-planches-a-decouper-basse-densite-hygiplas\/","title":{"rendered":"Lot de 6 planches \u00e0 d\u00e9couper basse densit\u00e9 Hygiplas"},"content":{"rendered":"<p>Eviter toute contamination crois\u00e9e lors de la pr\u00e9paration alimentaire. Les planches, le support de rangement et le poster des codes couleurs sont disponibles individuellement ou en lot complet \u00e0 un tarif sp\u00e9cial. 2 tailles et 2 dimensions disponibles.<br \/>Six planches de couleur diff\u00e9rente par type d&rsquo;aliment pour r\u00e9duire le risque de contamination crois\u00e9e. Le plastique de faible densit\u00e9 est l\u00e9ger et facile \u00e0 manipuler.Les planches non toxiques et non absorbantes sont faciles \u00e0 nettoyer. Prot\u00e8ge les surfaces de travail des rayures ou des marques pendant la pr\u00e9paration des aliments.Les planches peuvent \u00eatre utilis\u00e9es avec des couteaux et ustensiles \u00e0 code couleur. Blanc &#8211; pour une utilisation avec des produits de boulangerie et laitiers. Vert &#8211; pour une utilisation avec de la salade et des fruits. Rouge &#8211; pour une utilisation avec de la viande crue. Jaune &#8211; pour une utilisation avec de la viande cuite. Marron &#8211; pour une utilisation avec des l\u00e9gumes. Bleu &#8211; pour une utilisation avec du poisson cru. Ce jeu est \u00e9galement disponible avec un support de rangement et un tableau mural &#8211; J258. Six planches de couleur diff\u00e9rente par type d&rsquo;aliment pour r\u00e9duire le risque de contamination crois\u00e9e.<\/p>\n<p>Caract\u00e9ristiques :<br \/>Lot : 6.<br \/> Dimensions : 10(H) x 450(L) x 300(P) mm.<br \/> Mati\u00e8re : Poly\u00e9thyl\u00e8ne basse densit\u00e9.<br \/> Couleur : Multicolore.<\/p>\n","protected":false},"excerpt":{"rendered":"<p>Lot de 6 planches \u00e0 d\u00e9couper basse densit\u00e9 Hygiplas<\/p>\n","protected":false},"featured_media":102799,"comment_status":"closed","ping_status":"closed","template":"","meta":[],"product_brand":[],"product_cat":[1064,1297,1102,1098],"product_tag":[],"class_list":{"0":"post-68120","1":"product","2":"type-product","3":"status-publish","4":"has-post-thumbnail","6":"product_cat-cuisine","7":"product_cat-non-palettisable","8":"product_cat-planches-a-decouper","9":"product_cat-ustensiles-cuisine","10":"product_shipping_class-free-shipping","12":"first","13":"instock","14":"featured","15":"taxable","16":"shipping-taxable","17":"purchasable","18":"product-type-simple"},"_links":{"self":[{"href":"https:\/\/abinox-chr-clim.com\/index.php\/wp-json\/wp\/v2\/product\/68120","targetHints":{"allow":["GET"]}}],"collection":[{"href":"https:\/\/abinox-chr-clim.com\/index.php\/wp-json\/wp\/v2\/product"}],"about":[{"href":"https:\/\/abinox-chr-clim.com\/index.php\/wp-json\/wp\/v2\/types\/product"}],"replies":[{"embeddable":true,"href":"https:\/\/abinox-chr-clim.com\/index.php\/wp-json\/wp\/v2\/comments?post=68120"}],"wp:featuredmedia":[{"embeddable":true,"href":"https:\/\/abinox-chr-clim.com\/index.php\/wp-json\/wp\/v2\/media\/102799"}],"wp:attachment":[{"href":"https:\/\/abinox-chr-clim.com\/index.php\/wp-json\/wp\/v2\/media?parent=68120"}],"wp:term":[{"taxonomy":"product_brand","embeddable":true,"href":"https:\/\/abinox-chr-clim.com\/index.php\/wp-json\/wp\/v2\/product_brand?post=68120"},{"taxonomy":"product_cat","embeddable":true,"href":"https:\/\/abinox-chr-clim.com\/index.php\/wp-json\/wp\/v2\/product_cat?post=68120"},{"taxonomy":"product_tag","embeddable":true,"href":"https:\/\/abinox-chr-clim.com\/index.php\/wp-json\/wp\/v2\/product_tag?post=68120"}],"curies":[{"name":"wp","href":"https:\/\/api.w.org\/{rel}","templated":true}]}}