{"id":68119,"date":"2024-03-22T16:08:50","date_gmt":"2024-03-22T15:08:50","guid":{"rendered":"https:\/\/abinox-chr-clim.com\/index.php\/product\/racloir-a-planches-hygiplas\/"},"modified":"2026-04-02T09:00:16","modified_gmt":"2026-04-02T07:00:16","slug":"racloir-a-planches-hygiplas","status":"publish","type":"product","link":"https:\/\/abinox-chr-clim.com\/index.php\/product\/racloir-a-planches-hygiplas\/","title":{"rendered":"Racloir \u00e0 planches Hygiplas"},"content":{"rendered":"<p>Racloir \u00e0 planche \u00e0 deux poign\u00e9es pour \u00e9liminer rapidement les entailles et les rayures des planches \u00e0 d\u00e9couper.<br \/>Facile \u00e0 utiliser &#8211; il suffit de gratter contre une planche en plastique pour obtenir une finition propre et lisse. Conception facile \u00e0 nettoyer &#8211; va au lave-vaisselle. Poign\u00e9es doubles pour une prise en main optimale. Con\u00e7u pour gratter les planches sans en endommager la surface. Facile \u00e0 utiliser &#8211; il suffit de gratter contre une planche en plastique pour obtenir une finition propre et lisse.<\/p>\n<p>Caract\u00e9ristiques :<br \/> Mati\u00e8re : .<br \/> Couleur : Noir.<\/p>\n","protected":false},"excerpt":{"rendered":"<p>Racloir \u00e0 planches Hygiplas<\/p>\n","protected":false},"featured_media":104718,"comment_status":"closed","ping_status":"closed","template":"","meta":[],"product_brand":[],"product_cat":[1064,1297,1102,1098],"product_tag":[],"class_list":{"0":"post-68119","1":"product","2":"type-product","3":"status-publish","4":"has-post-thumbnail","6":"product_cat-cuisine","7":"product_cat-non-palettisable","8":"product_cat-planches-a-decouper","9":"product_cat-ustensiles-cuisine","10":"product_shipping_class-free-shipping","12":"first","13":"instock","14":"featured","15":"taxable","16":"shipping-taxable","17":"purchasable","18":"product-type-simple"},"_links":{"self":[{"href":"https:\/\/abinox-chr-clim.com\/index.php\/wp-json\/wp\/v2\/product\/68119","targetHints":{"allow":["GET"]}}],"collection":[{"href":"https:\/\/abinox-chr-clim.com\/index.php\/wp-json\/wp\/v2\/product"}],"about":[{"href":"https:\/\/abinox-chr-clim.com\/index.php\/wp-json\/wp\/v2\/types\/product"}],"replies":[{"embeddable":true,"href":"https:\/\/abinox-chr-clim.com\/index.php\/wp-json\/wp\/v2\/comments?post=68119"}],"wp:featuredmedia":[{"embeddable":true,"href":"https:\/\/abinox-chr-clim.com\/index.php\/wp-json\/wp\/v2\/media\/104718"}],"wp:attachment":[{"href":"https:\/\/abinox-chr-clim.com\/index.php\/wp-json\/wp\/v2\/media?parent=68119"}],"wp:term":[{"taxonomy":"product_brand","embeddable":true,"href":"https:\/\/abinox-chr-clim.com\/index.php\/wp-json\/wp\/v2\/product_brand?post=68119"},{"taxonomy":"product_cat","embeddable":true,"href":"https:\/\/abinox-chr-clim.com\/index.php\/wp-json\/wp\/v2\/product_cat?post=68119"},{"taxonomy":"product_tag","embeddable":true,"href":"https:\/\/abinox-chr-clim.com\/index.php\/wp-json\/wp\/v2\/product_tag?post=68119"}],"curies":[{"name":"wp","href":"https:\/\/api.w.org\/{rel}","templated":true}]}}