{"id":68115,"date":"2024-03-22T16:08:49","date_gmt":"2024-03-22T15:08:49","guid":{"rendered":"https:\/\/abinox-chr-clim.com\/index.php\/product\/planche-a-decouper-standard-basse-densite-hygiplas-jaune\/"},"modified":"2026-04-02T08:54:47","modified_gmt":"2026-04-02T06:54:47","slug":"planche-a-decouper-standard-basse-densite-hygiplas-jaune","status":"publish","type":"product","link":"https:\/\/abinox-chr-clim.com\/index.php\/product\/planche-a-decouper-standard-basse-densite-hygiplas-jaune\/","title":{"rendered":"Planche \u00e0 d\u00e9couper standard basse densit\u00e9 Hygiplas jaune"},"content":{"rendered":"<p>Eviter toute contamination crois\u00e9e lors de la pr\u00e9paration alimentaire. Les planches, le support de rangement et le poster des codes couleurs sont disponibles individuellement ou en lot complet \u00e0 un tarif sp\u00e9cial. 2 tailles et 2 dimensions disponibles.<br \/>Dimensions: 450 x 300 x 10mm. Dimensions: 450 x 300 x 10mm.<\/p>\n<p>Caract\u00e9ristiques :<br \/> Dimensions : 12(H) x 450(L) x 300(P) mm.<br \/> Mati\u00e8re : Poly\u00e9thyl\u00e8ne basse densit\u00e9.<br \/> Couleur : Jaune.<\/p>\n","protected":false},"excerpt":{"rendered":"<p>Planche \u00e0 d\u00e9couper standard basse densit\u00e9 Hygiplas jaune<\/p>\n","protected":false},"featured_media":104265,"comment_status":"closed","ping_status":"closed","template":"","meta":[],"product_brand":[],"product_cat":[1064,1297,1102,1098],"product_tag":[],"class_list":{"0":"post-68115","1":"product","2":"type-product","3":"status-publish","4":"has-post-thumbnail","6":"product_cat-cuisine","7":"product_cat-non-palettisable","8":"product_cat-planches-a-decouper","9":"product_cat-ustensiles-cuisine","10":"product_shipping_class-free-shipping","12":"first","13":"instock","14":"featured","15":"taxable","16":"shipping-taxable","17":"purchasable","18":"product-type-simple"},"_links":{"self":[{"href":"https:\/\/abinox-chr-clim.com\/index.php\/wp-json\/wp\/v2\/product\/68115","targetHints":{"allow":["GET"]}}],"collection":[{"href":"https:\/\/abinox-chr-clim.com\/index.php\/wp-json\/wp\/v2\/product"}],"about":[{"href":"https:\/\/abinox-chr-clim.com\/index.php\/wp-json\/wp\/v2\/types\/product"}],"replies":[{"embeddable":true,"href":"https:\/\/abinox-chr-clim.com\/index.php\/wp-json\/wp\/v2\/comments?post=68115"}],"wp:featuredmedia":[{"embeddable":true,"href":"https:\/\/abinox-chr-clim.com\/index.php\/wp-json\/wp\/v2\/media\/104265"}],"wp:attachment":[{"href":"https:\/\/abinox-chr-clim.com\/index.php\/wp-json\/wp\/v2\/media?parent=68115"}],"wp:term":[{"taxonomy":"product_brand","embeddable":true,"href":"https:\/\/abinox-chr-clim.com\/index.php\/wp-json\/wp\/v2\/product_brand?post=68115"},{"taxonomy":"product_cat","embeddable":true,"href":"https:\/\/abinox-chr-clim.com\/index.php\/wp-json\/wp\/v2\/product_cat?post=68115"},{"taxonomy":"product_tag","embeddable":true,"href":"https:\/\/abinox-chr-clim.com\/index.php\/wp-json\/wp\/v2\/product_tag?post=68115"}],"curies":[{"name":"wp","href":"https:\/\/api.w.org\/{rel}","templated":true}]}}