{"id":68099,"date":"2024-03-22T16:08:40","date_gmt":"2024-03-22T15:08:40","guid":{"rendered":"https:\/\/abinox-chr-clim.com\/index.php\/product\/planche-a-decouper-epaisse-haute-densite-hygiplas-rouge\/"},"modified":"2026-04-02T08:53:38","modified_gmt":"2026-04-02T06:53:38","slug":"planche-a-decouper-epaisse-haute-densite-hygiplas-rouge","status":"publish","type":"product","link":"https:\/\/abinox-chr-clim.com\/index.php\/product\/planche-a-decouper-epaisse-haute-densite-hygiplas-rouge\/","title":{"rendered":"Planche \u00e0 d\u00e9couper \u00e9paisse haute densit\u00e9 Hygiplas rouge"},"content":{"rendered":"<p>R\u00e9sistantes, durables et fabriqu\u00e9es en poly\u00e9thyl\u00e8ne de haute qualit\u00e9, ces planches \u00e0 d\u00e9couper \u00e0 code couleur sont non absorbantes, inodores, non toxiques et conformes \u00e0 toutes les r\u00e9glementations d&rsquo;hygi\u00e8ne.<br \/>Code couleur rouge pour la pr\u00e9paration de la viande crue. Vendu \u00e0 l&rsquo;unit\u00e9. Surface non absorbante. Lavable au lave-vaisselle pour un nettoyage facile. Le code de couleur am\u00e9liore l&rsquo;hygi\u00e8ne alimentaire et emp\u00eache la contamination crois\u00e9e.  Code couleur rouge pour la pr\u00e9paration de la viande crue.<\/p>\n<p>Caract\u00e9ristiques :<br \/> Dimensions : 25(H) x 450(L) mm.<br \/> Mati\u00e8re : Poly\u00e9thyl\u00e8ne de haute densit\u00e9.<br \/> Couleur : Rouge.<\/p>\n","protected":false},"excerpt":{"rendered":"<p>Planche \u00e0 d\u00e9couper \u00e9paisse haute densit\u00e9 Hygiplas rouge<\/p>\n","protected":false},"featured_media":104174,"comment_status":"closed","ping_status":"closed","template":"","meta":[],"product_brand":[],"product_cat":[1064,1297,1102,1098],"product_tag":[],"class_list":{"0":"post-68099","1":"product","2":"type-product","3":"status-publish","4":"has-post-thumbnail","6":"product_cat-cuisine","7":"product_cat-non-palettisable","8":"product_cat-planches-a-decouper","9":"product_cat-ustensiles-cuisine","10":"product_shipping_class-free-shipping","12":"first","13":"instock","14":"featured","15":"taxable","16":"shipping-taxable","17":"purchasable","18":"product-type-simple"},"_links":{"self":[{"href":"https:\/\/abinox-chr-clim.com\/index.php\/wp-json\/wp\/v2\/product\/68099","targetHints":{"allow":["GET"]}}],"collection":[{"href":"https:\/\/abinox-chr-clim.com\/index.php\/wp-json\/wp\/v2\/product"}],"about":[{"href":"https:\/\/abinox-chr-clim.com\/index.php\/wp-json\/wp\/v2\/types\/product"}],"replies":[{"embeddable":true,"href":"https:\/\/abinox-chr-clim.com\/index.php\/wp-json\/wp\/v2\/comments?post=68099"}],"wp:featuredmedia":[{"embeddable":true,"href":"https:\/\/abinox-chr-clim.com\/index.php\/wp-json\/wp\/v2\/media\/104174"}],"wp:attachment":[{"href":"https:\/\/abinox-chr-clim.com\/index.php\/wp-json\/wp\/v2\/media?parent=68099"}],"wp:term":[{"taxonomy":"product_brand","embeddable":true,"href":"https:\/\/abinox-chr-clim.com\/index.php\/wp-json\/wp\/v2\/product_brand?post=68099"},{"taxonomy":"product_cat","embeddable":true,"href":"https:\/\/abinox-chr-clim.com\/index.php\/wp-json\/wp\/v2\/product_cat?post=68099"},{"taxonomy":"product_tag","embeddable":true,"href":"https:\/\/abinox-chr-clim.com\/index.php\/wp-json\/wp\/v2\/product_tag?post=68099"}],"curies":[{"name":"wp","href":"https:\/\/api.w.org\/{rel}","templated":true}]}}