{"id":68094,"date":"2024-03-22T16:08:38","date_gmt":"2024-03-22T15:08:38","guid":{"rendered":"https:\/\/abinox-chr-clim.com\/index.php\/product\/planche-a-decouper-standard-haute-densite-hygiplas-blanche\/"},"modified":"2026-04-02T08:53:34","modified_gmt":"2026-04-02T06:53:34","slug":"planche-a-decouper-standard-haute-densite-hygiplas-blanche","status":"publish","type":"product","link":"https:\/\/abinox-chr-clim.com\/index.php\/product\/planche-a-decouper-standard-haute-densite-hygiplas-blanche\/","title":{"rendered":"Planche \u00e0 d\u00e9couper standard haute densit\u00e9 Hygiplas blanche"},"content":{"rendered":"<p>R\u00e9sistantes, durables et fabriqu\u00e9es en poly\u00e9thyl\u00e8ne de haute qualit\u00e9, ces planches \u00e0 d\u00e9couper \u00e0 code couleur sont non absorbantes, inodores, non toxiques et conformes \u00e0 toutes les r\u00e9glementations d&rsquo;hygi\u00e8ne.<br \/>Code couleur blanc pour \u00e9viter toute contamination crois\u00e9e. Facile \u00e0 nettoyer &#8211; va au lave-vaisselle. Codage blanc &#8211; g\u00e9n\u00e9ralement utilis\u00e9 pour la pr\u00e9paration des produits laitiers et de boulangerie. Fabriqu\u00e9 en poly\u00e9thyl\u00e8ne haute densit\u00e9 (HDPE) durable. Non poreux &#8211; emp\u00eache l&rsquo;absorption d&rsquo;ar\u00f4mes et d&rsquo;odeurs par la planche.  Code couleur blanc pour \u00e9viter toute contamination crois\u00e9e.<\/p>\n<p>Caract\u00e9ristiques :<br \/> Dimensions : 12(H) x 450(L) mm.<br \/> Mati\u00e8re : Poly\u00e9thyl\u00e8ne de haute densit\u00e9.<br \/> Couleur : Blanc.<\/p>\n","protected":false},"excerpt":{"rendered":"<p>Planche \u00e0 d\u00e9couper standard haute densit\u00e9 Hygiplas blanche<\/p>\n","protected":false},"featured_media":104169,"comment_status":"closed","ping_status":"closed","template":"","meta":[],"product_brand":[],"product_cat":[1064,1297,1102,1098],"product_tag":[],"class_list":{"0":"post-68094","1":"product","2":"type-product","3":"status-publish","4":"has-post-thumbnail","6":"product_cat-cuisine","7":"product_cat-non-palettisable","8":"product_cat-planches-a-decouper","9":"product_cat-ustensiles-cuisine","10":"product_shipping_class-free-shipping","12":"first","13":"instock","14":"featured","15":"taxable","16":"shipping-taxable","17":"purchasable","18":"product-type-simple"},"_links":{"self":[{"href":"https:\/\/abinox-chr-clim.com\/index.php\/wp-json\/wp\/v2\/product\/68094","targetHints":{"allow":["GET"]}}],"collection":[{"href":"https:\/\/abinox-chr-clim.com\/index.php\/wp-json\/wp\/v2\/product"}],"about":[{"href":"https:\/\/abinox-chr-clim.com\/index.php\/wp-json\/wp\/v2\/types\/product"}],"replies":[{"embeddable":true,"href":"https:\/\/abinox-chr-clim.com\/index.php\/wp-json\/wp\/v2\/comments?post=68094"}],"wp:featuredmedia":[{"embeddable":true,"href":"https:\/\/abinox-chr-clim.com\/index.php\/wp-json\/wp\/v2\/media\/104169"}],"wp:attachment":[{"href":"https:\/\/abinox-chr-clim.com\/index.php\/wp-json\/wp\/v2\/media?parent=68094"}],"wp:term":[{"taxonomy":"product_brand","embeddable":true,"href":"https:\/\/abinox-chr-clim.com\/index.php\/wp-json\/wp\/v2\/product_brand?post=68094"},{"taxonomy":"product_cat","embeddable":true,"href":"https:\/\/abinox-chr-clim.com\/index.php\/wp-json\/wp\/v2\/product_cat?post=68094"},{"taxonomy":"product_tag","embeddable":true,"href":"https:\/\/abinox-chr-clim.com\/index.php\/wp-json\/wp\/v2\/product_tag?post=68094"}],"curies":[{"name":"wp","href":"https:\/\/api.w.org\/{rel}","templated":true}]}}