{"id":68093,"date":"2024-03-22T16:08:38","date_gmt":"2024-03-22T15:08:38","guid":{"rendered":"https:\/\/abinox-chr-clim.com\/index.php\/product\/grande-planche-a-decouper-haute-densite-hygiplas-verte\/"},"modified":"2026-04-02T08:53:33","modified_gmt":"2026-04-02T06:53:33","slug":"grande-planche-a-decouper-haute-densite-hygiplas-verte","status":"publish","type":"product","link":"https:\/\/abinox-chr-clim.com\/index.php\/product\/grande-planche-a-decouper-haute-densite-hygiplas-verte\/","title":{"rendered":"Grande planche \u00e0 d\u00e9couper haute densit\u00e9 Hygiplas verte"},"content":{"rendered":"<p>R\u00e9sistantes, durables et fabriqu\u00e9es en poly\u00e9thyl\u00e8ne de haute qualit\u00e9, ces planches \u00e0 d\u00e9couper \u00e0 code couleur sont non absorbantes, inodores, non toxiques et conformes \u00e0 toutes les r\u00e9glementations d&rsquo;hygi\u00e8ne.<br \/>Vert &#8211; Salade &#038; fruits. Code couleur pour \u00e9viter la contamination crois\u00e9e. En poly\u00e9thyl\u00e8ne haute densit\u00e9 (PEHD). Dimensions 225x300x12mm. Non absorbant.  Vert &#8211; Salade &#038; fruits.<\/p>\n<p>Caract\u00e9ristiques :<br \/> Dimensions : 12(H) x 600(L) mm.<br \/> Mati\u00e8re : Poly\u00e9thyl\u00e8ne de haute densit\u00e9.<br \/> Couleur : Vert.<\/p>\n","protected":false},"excerpt":{"rendered":"<p>Grande planche \u00e0 d\u00e9couper haute densit\u00e9 Hygiplas verte<\/p>\n","protected":false},"featured_media":104167,"comment_status":"closed","ping_status":"closed","template":"","meta":[],"product_brand":[],"product_cat":[1064,1297,1102,1098],"product_tag":[],"class_list":{"0":"post-68093","1":"product","2":"type-product","3":"status-publish","4":"has-post-thumbnail","6":"product_cat-cuisine","7":"product_cat-non-palettisable","8":"product_cat-planches-a-decouper","9":"product_cat-ustensiles-cuisine","10":"product_shipping_class-free-shipping","12":"first","13":"instock","14":"featured","15":"taxable","16":"shipping-taxable","17":"purchasable","18":"product-type-simple"},"_links":{"self":[{"href":"https:\/\/abinox-chr-clim.com\/index.php\/wp-json\/wp\/v2\/product\/68093","targetHints":{"allow":["GET"]}}],"collection":[{"href":"https:\/\/abinox-chr-clim.com\/index.php\/wp-json\/wp\/v2\/product"}],"about":[{"href":"https:\/\/abinox-chr-clim.com\/index.php\/wp-json\/wp\/v2\/types\/product"}],"replies":[{"embeddable":true,"href":"https:\/\/abinox-chr-clim.com\/index.php\/wp-json\/wp\/v2\/comments?post=68093"}],"wp:featuredmedia":[{"embeddable":true,"href":"https:\/\/abinox-chr-clim.com\/index.php\/wp-json\/wp\/v2\/media\/104167"}],"wp:attachment":[{"href":"https:\/\/abinox-chr-clim.com\/index.php\/wp-json\/wp\/v2\/media?parent=68093"}],"wp:term":[{"taxonomy":"product_brand","embeddable":true,"href":"https:\/\/abinox-chr-clim.com\/index.php\/wp-json\/wp\/v2\/product_brand?post=68093"},{"taxonomy":"product_cat","embeddable":true,"href":"https:\/\/abinox-chr-clim.com\/index.php\/wp-json\/wp\/v2\/product_cat?post=68093"},{"taxonomy":"product_tag","embeddable":true,"href":"https:\/\/abinox-chr-clim.com\/index.php\/wp-json\/wp\/v2\/product_tag?post=68093"}],"curies":[{"name":"wp","href":"https:\/\/api.w.org\/{rel}","templated":true}]}}