{"id":68083,"date":"2024-03-22T16:08:34","date_gmt":"2024-03-22T15:08:34","guid":{"rendered":"https:\/\/abinox-chr-clim.com\/index.php\/product\/grande-planche-a-decouper-basse-densite-hygiplas-jaune\/"},"modified":"2026-04-02T09:43:29","modified_gmt":"2026-04-02T07:43:29","slug":"grande-planche-a-decouper-basse-densite-hygiplas-jaune","status":"publish","type":"product","link":"https:\/\/abinox-chr-clim.com\/index.php\/product\/grande-planche-a-decouper-basse-densite-hygiplas-jaune\/","title":{"rendered":"Grande planche \u00e0 d\u00e9couper basse densit\u00e9 Hygiplas jaune"},"content":{"rendered":"<p>Eviter toute contamination crois\u00e9e lors de la pr\u00e9paration alimentaire. Les planches, le support de rangement et le poster des codes couleurs sont disponibles individuellement ou en lot complet \u00e0 un tarif sp\u00e9cial. 2 tailles et 2 dimensions disponibles.<br \/>Code couleur jaune pour \u00e9viter la contamination crois\u00e9e. Codage jaune &#8211; g\u00e9n\u00e9ralement utilis\u00e9 pour la pr\u00e9paration de la volaille crue. Fabriqu\u00e9 en poly\u00e9thyl\u00e8ne basse densit\u00e9 (LDPE) l\u00e9ger. Non poreux &#8211; emp\u00eache l&rsquo;absorption d&rsquo;ar\u00f4mes et d&rsquo;odeurs par le panneau. Code couleur jaune pour \u00e9viter la contamination crois\u00e9e.<\/p>\n<p>Caract\u00e9ristiques :<br \/> Dimensions : 10(H) x 600(L) x 450(P) mm.<br \/> Mati\u00e8re : Poly\u00e9thyl\u00e8ne basse densit\u00e9.<br \/> Couleur : Jaune.<\/p>\n","protected":false},"excerpt":{"rendered":"<p>Grande planche \u00e0 d\u00e9couper basse densit\u00e9 Hygiplas jaune<\/p>\n","protected":false},"featured_media":104095,"comment_status":"closed","ping_status":"closed","template":"","meta":[],"product_brand":[],"product_cat":[1064,1297,1102,1098],"product_tag":[],"class_list":{"0":"post-68083","1":"product","2":"type-product","3":"status-publish","4":"has-post-thumbnail","6":"product_cat-cuisine","7":"product_cat-non-palettisable","8":"product_cat-planches-a-decouper","9":"product_cat-ustensiles-cuisine","10":"product_shipping_class-free-shipping","12":"first","13":"instock","14":"featured","15":"taxable","16":"shipping-taxable","17":"purchasable","18":"product-type-simple"},"_links":{"self":[{"href":"https:\/\/abinox-chr-clim.com\/index.php\/wp-json\/wp\/v2\/product\/68083","targetHints":{"allow":["GET"]}}],"collection":[{"href":"https:\/\/abinox-chr-clim.com\/index.php\/wp-json\/wp\/v2\/product"}],"about":[{"href":"https:\/\/abinox-chr-clim.com\/index.php\/wp-json\/wp\/v2\/types\/product"}],"replies":[{"embeddable":true,"href":"https:\/\/abinox-chr-clim.com\/index.php\/wp-json\/wp\/v2\/comments?post=68083"}],"wp:featuredmedia":[{"embeddable":true,"href":"https:\/\/abinox-chr-clim.com\/index.php\/wp-json\/wp\/v2\/media\/104095"}],"wp:attachment":[{"href":"https:\/\/abinox-chr-clim.com\/index.php\/wp-json\/wp\/v2\/media?parent=68083"}],"wp:term":[{"taxonomy":"product_brand","embeddable":true,"href":"https:\/\/abinox-chr-clim.com\/index.php\/wp-json\/wp\/v2\/product_brand?post=68083"},{"taxonomy":"product_cat","embeddable":true,"href":"https:\/\/abinox-chr-clim.com\/index.php\/wp-json\/wp\/v2\/product_cat?post=68083"},{"taxonomy":"product_tag","embeddable":true,"href":"https:\/\/abinox-chr-clim.com\/index.php\/wp-json\/wp\/v2\/product_tag?post=68083"}],"curies":[{"name":"wp","href":"https:\/\/api.w.org\/{rel}","templated":true}]}}