{"id":68079,"date":"2024-03-22T16:08:33","date_gmt":"2024-03-22T15:08:33","guid":{"rendered":"https:\/\/abinox-chr-clim.com\/index.php\/product\/ensemble-de-planches-a-decouper-basse-densite-hygiplas-600x450x10mm-lot-de-6\/"},"modified":"2026-04-02T09:40:15","modified_gmt":"2026-04-02T07:40:15","slug":"ensemble-de-planches-a-decouper-basse-densite-hygiplas-600x450x10mm-lot-de-6","status":"publish","type":"product","link":"https:\/\/abinox-chr-clim.com\/index.php\/product\/ensemble-de-planches-a-decouper-basse-densite-hygiplas-600x450x10mm-lot-de-6\/","title":{"rendered":"Ensemble de planches \u00e0 d\u00e9couper basse densit\u00e9 Hygiplas 600x450x10mm lot de 6"},"content":{"rendered":"<p>Planches \u00e0 d\u00e9couper en poly\u00e9thyl\u00e8ne solides, durables, densit\u00e9 standard, faciles \u00e0 nettoyer, fournies avec un poster d&rsquo;utilisation et d&rsquo;entretien ainsi qu&rsquo;un support de rangement pour les planches. Plus un ensemble de 6 couteaux code couleur comprenant : 1 couteau Chef rouge 25cm, 1 couteau Chef marron 22cm, 1 couteau filet de sole 15cm, 1 couteau \u00e0 d\u00e9sosser rouge 15cm, 1 couteau \u00e0 trancher 25cm, 1 couteau d&rsquo;office marron 9cm et 1 \u00e9tui de rangement.<br \/>Blanc &#8211; Produits de boulangerie et produits laitiers. Vert &#8211; salade et fruits. Rouge &#8211; viande crue. Jaune &#8211; viande cuite. Marron &#8211; l\u00e9gumes. Bleu &#8211; poisson cru. Construction basse densit\u00e9. Facile \u00e0 nettoyer. Epaisseur des planches 10mm.Blanc &#8211; Produits de boulangerie et produits laitiers.<\/p>\n<p>Caract\u00e9ristiques :<br \/>Lot : 6.<br \/> Dimensions : 10(H) x 600(L) x 450(P) mm.<br \/> Mati\u00e8re : Poly\u00e9thyl\u00e8ne basse densit\u00e9<\/p>\n","protected":false},"excerpt":{"rendered":"<p>Ensemble de planches \u00e0 d\u00e9couper basse densit\u00e9 Hygiplas 600x450x10mm lot de 6<\/p>\n","protected":false},"featured_media":104091,"comment_status":"closed","ping_status":"closed","template":"","meta":[],"product_brand":[],"product_cat":[1064,1297,1102,1098],"product_tag":[],"class_list":{"0":"post-68079","1":"product","2":"type-product","3":"status-publish","4":"has-post-thumbnail","6":"product_cat-cuisine","7":"product_cat-non-palettisable","8":"product_cat-planches-a-decouper","9":"product_cat-ustensiles-cuisine","10":"product_shipping_class-free-shipping","12":"first","13":"outofstock","14":"featured","15":"taxable","16":"shipping-taxable","17":"purchasable","18":"product-type-simple"},"_links":{"self":[{"href":"https:\/\/abinox-chr-clim.com\/index.php\/wp-json\/wp\/v2\/product\/68079","targetHints":{"allow":["GET"]}}],"collection":[{"href":"https:\/\/abinox-chr-clim.com\/index.php\/wp-json\/wp\/v2\/product"}],"about":[{"href":"https:\/\/abinox-chr-clim.com\/index.php\/wp-json\/wp\/v2\/types\/product"}],"replies":[{"embeddable":true,"href":"https:\/\/abinox-chr-clim.com\/index.php\/wp-json\/wp\/v2\/comments?post=68079"}],"wp:featuredmedia":[{"embeddable":true,"href":"https:\/\/abinox-chr-clim.com\/index.php\/wp-json\/wp\/v2\/media\/104091"}],"wp:attachment":[{"href":"https:\/\/abinox-chr-clim.com\/index.php\/wp-json\/wp\/v2\/media?parent=68079"}],"wp:term":[{"taxonomy":"product_brand","embeddable":true,"href":"https:\/\/abinox-chr-clim.com\/index.php\/wp-json\/wp\/v2\/product_brand?post=68079"},{"taxonomy":"product_cat","embeddable":true,"href":"https:\/\/abinox-chr-clim.com\/index.php\/wp-json\/wp\/v2\/product_cat?post=68079"},{"taxonomy":"product_tag","embeddable":true,"href":"https:\/\/abinox-chr-clim.com\/index.php\/wp-json\/wp\/v2\/product_tag?post=68079"}],"curies":[{"name":"wp","href":"https:\/\/api.w.org\/{rel}","templated":true}]}}