{"id":68062,"date":"2024-03-22T16:08:26","date_gmt":"2024-03-22T15:08:26","guid":{"rendered":"https:\/\/abinox-chr-clim.com\/index.php\/product\/lot-de-6-planches-a-decouper-antibacteriennes-haute-densite-hygiplas\/"},"modified":"2026-04-02T09:40:12","modified_gmt":"2026-04-02T07:40:12","slug":"lot-de-6-planches-a-decouper-antibacteriennes-haute-densite-hygiplas","status":"publish","type":"product","link":"https:\/\/abinox-chr-clim.com\/index.php\/product\/lot-de-6-planches-a-decouper-antibacteriennes-haute-densite-hygiplas\/","title":{"rendered":"Lot de 6 planches \u00e0 d\u00e9couper antibact\u00e9riennes haute densit\u00e9 Hygiplas"},"content":{"rendered":"<p>Augmentez les normes d&rsquo;hygi\u00e8ne avec ces planches r\u00e9sistantes, prot\u00e8geant des bact\u00e9ries susceptibles de causer les intoxications alimentaires. Dimensions 460 x 305 x 13mm. Support vendu s\u00e9par\u00e9ment.<br \/>Six plaques avec un code couleur par type d&rsquo;aliment pour r\u00e9duire le risque de contamination crois\u00e9e. Le plastique haute densit\u00e9 r\u00e9siste aux rayures des couteaux et aux d\u00e9formations. Les panneaux non toxiques et non absorbants sont faciles \u00e0 nettoyer. Prot\u00e8ge les surfaces de travail contre les rayures et les marques pendant la pr\u00e9paration des aliments. Les planches peuvent \u00eatre utilis\u00e9es avec des couteaux et des ustensiles \u00e0 code couleur. Blanc &#8211; pour les produits de boulangerie et les produits laitiers. Vert &#8211; \u00e0 utiliser avec de la salade et des fruits. Rouge &#8211; \u00e0 utiliser avec de la viande crue. Jaune &#8211; \u00e0 utiliser avec de la viande cuite. Marron &#8211; pour les l\u00e9gumes. Bleu &#8211; pour utilisation avec du poisson cru. Support de cr\u00e9maill\u00e8re non inclus. Six plaques avec un code couleur par type d&rsquo;aliment pour r\u00e9duire le risque de contamination crois\u00e9e.<\/p>\n<p>Caract\u00e9ristiques :<br \/>Lot : 6.<br \/> Dimensions : 12(H) x 450(L) x 305(P) mm.<br \/> Mati\u00e8re : Poly\u00e9thyl\u00e8ne de haute densit\u00e9<\/p>\n","protected":false},"excerpt":{"rendered":"<p>Lot de 6 planches \u00e0 d\u00e9couper antibact\u00e9riennes haute densit\u00e9 Hygiplas<\/p>\n","protected":false},"featured_media":104074,"comment_status":"closed","ping_status":"closed","template":"","meta":[],"product_brand":[],"product_cat":[1064,1297,1102,1098],"product_tag":[],"class_list":{"0":"post-68062","1":"product","2":"type-product","3":"status-publish","4":"has-post-thumbnail","6":"product_cat-cuisine","7":"product_cat-non-palettisable","8":"product_cat-planches-a-decouper","9":"product_cat-ustensiles-cuisine","10":"product_shipping_class-free-shipping","12":"first","13":"outofstock","14":"featured","15":"taxable","16":"shipping-taxable","17":"purchasable","18":"product-type-simple"},"_links":{"self":[{"href":"https:\/\/abinox-chr-clim.com\/index.php\/wp-json\/wp\/v2\/product\/68062","targetHints":{"allow":["GET"]}}],"collection":[{"href":"https:\/\/abinox-chr-clim.com\/index.php\/wp-json\/wp\/v2\/product"}],"about":[{"href":"https:\/\/abinox-chr-clim.com\/index.php\/wp-json\/wp\/v2\/types\/product"}],"replies":[{"embeddable":true,"href":"https:\/\/abinox-chr-clim.com\/index.php\/wp-json\/wp\/v2\/comments?post=68062"}],"wp:featuredmedia":[{"embeddable":true,"href":"https:\/\/abinox-chr-clim.com\/index.php\/wp-json\/wp\/v2\/media\/104074"}],"wp:attachment":[{"href":"https:\/\/abinox-chr-clim.com\/index.php\/wp-json\/wp\/v2\/media?parent=68062"}],"wp:term":[{"taxonomy":"product_brand","embeddable":true,"href":"https:\/\/abinox-chr-clim.com\/index.php\/wp-json\/wp\/v2\/product_brand?post=68062"},{"taxonomy":"product_cat","embeddable":true,"href":"https:\/\/abinox-chr-clim.com\/index.php\/wp-json\/wp\/v2\/product_cat?post=68062"},{"taxonomy":"product_tag","embeddable":true,"href":"https:\/\/abinox-chr-clim.com\/index.php\/wp-json\/wp\/v2\/product_tag?post=68062"}],"curies":[{"name":"wp","href":"https:\/\/api.w.org\/{rel}","templated":true}]}}