{"id":68058,"date":"2024-03-22T16:08:24","date_gmt":"2024-03-22T15:08:24","guid":{"rendered":"https:\/\/abinox-chr-clim.com\/index.php\/product\/planche-a-decouper-antibacterienne-basse-densite-hygiplas-vert\/"},"modified":"2026-04-02T09:40:09","modified_gmt":"2026-04-02T07:40:09","slug":"planche-a-decouper-antibacterienne-basse-densite-hygiplas-vert","status":"publish","type":"product","link":"https:\/\/abinox-chr-clim.com\/index.php\/product\/planche-a-decouper-antibacterienne-basse-densite-hygiplas-vert\/","title":{"rendered":"Planche \u00e0 d\u00e9couper antibact\u00e9rienne basse densit\u00e9 Hygiplas vert"},"content":{"rendered":"<p>Le traitement antibact\u00e9rien r\u00e9duit les bact\u00e9ries nocives responsables de l&rsquo;intoxication alimentaire. Planches robustes, durables et de couleurs diff\u00e9rentes pour aider \u00e0 pr\u00e9venir la contamination crois\u00e9e. Dimensions (mm): 300(P) x 450(L) \/ 10mm d&rsquo;\u00e9paisseur.<br \/>Con\u00e7u pour \u00eatre utilis\u00e9 dans le cadre d&rsquo;un syst\u00e8me de codage par couleur. Code couleur vert pour les salades et les fruits. Construction durable en poly\u00e9thyl\u00e8ne basse densit\u00e9. Surface antibact\u00e9rienne &#8211; r\u00e9duit l&rsquo;accumulation de bact\u00e9ries. Con\u00e7u pour \u00eatre utilis\u00e9 dans le cadre d&rsquo;un syst\u00e8me de codage par couleur.<\/p>\n<p>Caract\u00e9ristiques :<br \/> Dimensions : 10(H) x 450(L) x 300(P) mm.<br \/> Mati\u00e8re : Poly\u00e9thyl\u00e8ne basse densit\u00e9.<br \/> Couleur : Vert.<\/p>\n","protected":false},"excerpt":{"rendered":"<p>Planche \u00e0 d\u00e9couper antibact\u00e9rienne basse densit\u00e9 Hygiplas vert<\/p>\n","protected":false},"featured_media":104070,"comment_status":"closed","ping_status":"closed","template":"","meta":[],"product_brand":[],"product_cat":[1064,1297,1102,1098],"product_tag":[],"class_list":{"0":"post-68058","1":"product","2":"type-product","3":"status-publish","4":"has-post-thumbnail","6":"product_cat-cuisine","7":"product_cat-non-palettisable","8":"product_cat-planches-a-decouper","9":"product_cat-ustensiles-cuisine","10":"product_shipping_class-free-shipping","12":"first","13":"instock","14":"featured","15":"taxable","16":"shipping-taxable","17":"purchasable","18":"product-type-simple"},"_links":{"self":[{"href":"https:\/\/abinox-chr-clim.com\/index.php\/wp-json\/wp\/v2\/product\/68058","targetHints":{"allow":["GET"]}}],"collection":[{"href":"https:\/\/abinox-chr-clim.com\/index.php\/wp-json\/wp\/v2\/product"}],"about":[{"href":"https:\/\/abinox-chr-clim.com\/index.php\/wp-json\/wp\/v2\/types\/product"}],"replies":[{"embeddable":true,"href":"https:\/\/abinox-chr-clim.com\/index.php\/wp-json\/wp\/v2\/comments?post=68058"}],"wp:featuredmedia":[{"embeddable":true,"href":"https:\/\/abinox-chr-clim.com\/index.php\/wp-json\/wp\/v2\/media\/104070"}],"wp:attachment":[{"href":"https:\/\/abinox-chr-clim.com\/index.php\/wp-json\/wp\/v2\/media?parent=68058"}],"wp:term":[{"taxonomy":"product_brand","embeddable":true,"href":"https:\/\/abinox-chr-clim.com\/index.php\/wp-json\/wp\/v2\/product_brand?post=68058"},{"taxonomy":"product_cat","embeddable":true,"href":"https:\/\/abinox-chr-clim.com\/index.php\/wp-json\/wp\/v2\/product_cat?post=68058"},{"taxonomy":"product_tag","embeddable":true,"href":"https:\/\/abinox-chr-clim.com\/index.php\/wp-json\/wp\/v2\/product_tag?post=68058"}],"curies":[{"name":"wp","href":"https:\/\/api.w.org\/{rel}","templated":true}]}}