{"id":68030,"date":"2024-03-22T16:08:11","date_gmt":"2024-03-22T15:08:11","guid":{"rendered":"https:\/\/abinox-chr-clim.com\/index.php\/product\/planche-a-decouper-avec-rigole-gn1-2-en-polyethylene-haute-densite-gastro-m-marron\/"},"modified":"2026-04-02T09:22:42","modified_gmt":"2026-04-02T07:22:42","slug":"planche-a-decouper-avec-rigole-gn1-2-en-polyethylene-haute-densite-gastro-m-marron","status":"publish","type":"product","link":"https:\/\/abinox-chr-clim.com\/index.php\/product\/planche-a-decouper-avec-rigole-gn1-2-en-polyethylene-haute-densite-gastro-m-marron\/","title":{"rendered":"Planche \u00e0 d\u00e9couper avec rigole GN1\/2 en poly\u00e9thyl\u00e8ne haute densit\u00e9 Gastro M  marron"},"content":{"rendered":"<p>GN 1\/2. GN 1\/2.<\/p>\n<p>Caract\u00e9ristiques :<br \/> Dimensions : 15(H) x 265(W) x 325(L) mm.<br \/> Mati\u00e8re : PEHD.<br \/> Couleur : .<br \/> Bac GN : GN 1\/2XY.<\/p>\n","protected":false},"excerpt":{"rendered":"<p>Planche \u00e0 d\u00e9couper avec rigole GN1\/2 en poly\u00e9thyl\u00e8ne haute densit\u00e9 Gastro M  marron<\/p>\n","protected":false},"featured_media":102447,"comment_status":"closed","ping_status":"closed","template":"","meta":[],"product_brand":[],"product_cat":[1064,1297,1102,1098],"product_tag":[],"class_list":{"0":"post-68030","1":"product","2":"type-product","3":"status-publish","4":"has-post-thumbnail","6":"product_cat-cuisine","7":"product_cat-non-palettisable","8":"product_cat-planches-a-decouper","9":"product_cat-ustensiles-cuisine","10":"product_shipping_class-free-shipping","12":"first","13":"outofstock","14":"featured","15":"taxable","16":"shipping-taxable","17":"purchasable","18":"product-type-simple"},"_links":{"self":[{"href":"https:\/\/abinox-chr-clim.com\/index.php\/wp-json\/wp\/v2\/product\/68030","targetHints":{"allow":["GET"]}}],"collection":[{"href":"https:\/\/abinox-chr-clim.com\/index.php\/wp-json\/wp\/v2\/product"}],"about":[{"href":"https:\/\/abinox-chr-clim.com\/index.php\/wp-json\/wp\/v2\/types\/product"}],"replies":[{"embeddable":true,"href":"https:\/\/abinox-chr-clim.com\/index.php\/wp-json\/wp\/v2\/comments?post=68030"}],"wp:featuredmedia":[{"embeddable":true,"href":"https:\/\/abinox-chr-clim.com\/index.php\/wp-json\/wp\/v2\/media\/102447"}],"wp:attachment":[{"href":"https:\/\/abinox-chr-clim.com\/index.php\/wp-json\/wp\/v2\/media?parent=68030"}],"wp:term":[{"taxonomy":"product_brand","embeddable":true,"href":"https:\/\/abinox-chr-clim.com\/index.php\/wp-json\/wp\/v2\/product_brand?post=68030"},{"taxonomy":"product_cat","embeddable":true,"href":"https:\/\/abinox-chr-clim.com\/index.php\/wp-json\/wp\/v2\/product_cat?post=68030"},{"taxonomy":"product_tag","embeddable":true,"href":"https:\/\/abinox-chr-clim.com\/index.php\/wp-json\/wp\/v2\/product_tag?post=68030"}],"curies":[{"name":"wp","href":"https:\/\/api.w.org\/{rel}","templated":true}]}}