{"id":68027,"date":"2024-03-22T16:08:10","date_gmt":"2024-03-22T15:08:10","guid":{"rendered":"https:\/\/abinox-chr-clim.com\/index.php\/product\/planche-a-decouper-standard-basse-densite-hygiplas-violette\/"},"modified":"2026-04-02T09:21:53","modified_gmt":"2026-04-02T07:21:53","slug":"planche-a-decouper-standard-basse-densite-hygiplas-violette","status":"publish","type":"product","link":"https:\/\/abinox-chr-clim.com\/index.php\/product\/planche-a-decouper-standard-basse-densite-hygiplas-violette\/","title":{"rendered":"Planche \u00e0 d\u00e9couper standard basse densit\u00e9 Hygiplas violette"},"content":{"rendered":"<p>Eviter toute contamination crois\u00e9e lors de la pr\u00e9paration alimentaire. Les planches, le support de rangement et le poster des codes couleurs sont disponibles individuellement ou en lot complet \u00e0 un tarif sp\u00e9cial. 2 tailles et 2 dimensions disponibles.<br \/>\u00c0 utiliser avec des aliments allerg\u00e8nes dans le cadre d&rsquo;une organisation avec code de couleurs. Code couleur par type d&rsquo;aliment pour r\u00e9duire le risque de contamination crois\u00e9e. Pr\u00e9parez des repas pr\u00e9par\u00e9s sans allerg\u00e8nes de mani\u00e8re hygi\u00e9nique pour garantir la s\u00e9curit\u00e9 des clients. Peut \u00eatre ajout\u00e9 aux ensembles de planches \u00e0 d\u00e9couper existants \u00e0 code couleur. Le mat\u00e9riau plastique \u00e0 faible densit\u00e9 est l\u00e9ger et facile \u00e0 manipuler. Conforme \u00e0 la r\u00e9glementation europ\u00e9enne sur l&rsquo;\u00e9tiquetage des allerg\u00e8nes.  \u00c0 utiliser avec des aliments allerg\u00e8nes dans le cadre d&rsquo;une organisation avec code de couleurs.<\/p>\n<p>Caract\u00e9ristiques :<br \/> Dimensions : 10(H) x 450(L) x 300(P) mm.<br \/> Mati\u00e8re : PEBD.<br \/> Couleur : Violet.<\/p>\n","protected":false},"excerpt":{"rendered":"<p>Planche \u00e0 d\u00e9couper standard basse densit\u00e9 Hygiplas violette<\/p>\n","protected":false},"featured_media":102086,"comment_status":"closed","ping_status":"closed","template":"","meta":[],"product_brand":[],"product_cat":[1064,1297,1102,1098],"product_tag":[],"class_list":{"0":"post-68027","1":"product","2":"type-product","3":"status-publish","4":"has-post-thumbnail","6":"product_cat-cuisine","7":"product_cat-non-palettisable","8":"product_cat-planches-a-decouper","9":"product_cat-ustensiles-cuisine","10":"product_shipping_class-free-shipping","12":"first","13":"instock","14":"featured","15":"taxable","16":"shipping-taxable","17":"purchasable","18":"product-type-simple"},"_links":{"self":[{"href":"https:\/\/abinox-chr-clim.com\/index.php\/wp-json\/wp\/v2\/product\/68027","targetHints":{"allow":["GET"]}}],"collection":[{"href":"https:\/\/abinox-chr-clim.com\/index.php\/wp-json\/wp\/v2\/product"}],"about":[{"href":"https:\/\/abinox-chr-clim.com\/index.php\/wp-json\/wp\/v2\/types\/product"}],"replies":[{"embeddable":true,"href":"https:\/\/abinox-chr-clim.com\/index.php\/wp-json\/wp\/v2\/comments?post=68027"}],"wp:featuredmedia":[{"embeddable":true,"href":"https:\/\/abinox-chr-clim.com\/index.php\/wp-json\/wp\/v2\/media\/102086"}],"wp:attachment":[{"href":"https:\/\/abinox-chr-clim.com\/index.php\/wp-json\/wp\/v2\/media?parent=68027"}],"wp:term":[{"taxonomy":"product_brand","embeddable":true,"href":"https:\/\/abinox-chr-clim.com\/index.php\/wp-json\/wp\/v2\/product_brand?post=68027"},{"taxonomy":"product_cat","embeddable":true,"href":"https:\/\/abinox-chr-clim.com\/index.php\/wp-json\/wp\/v2\/product_cat?post=68027"},{"taxonomy":"product_tag","embeddable":true,"href":"https:\/\/abinox-chr-clim.com\/index.php\/wp-json\/wp\/v2\/product_tag?post=68027"}],"curies":[{"name":"wp","href":"https:\/\/api.w.org\/{rel}","templated":true}]}}