{"id":68020,"date":"2024-03-22T16:08:08","date_gmt":"2024-03-22T15:08:08","guid":{"rendered":"https:\/\/abinox-chr-clim.com\/index.php\/product\/petite-planche-a-decouper-basse-densite-hygiplas-bleue\/"},"modified":"2026-04-02T09:23:52","modified_gmt":"2026-04-02T07:23:52","slug":"petite-planche-a-decouper-basse-densite-hygiplas-bleue","status":"publish","type":"product","link":"https:\/\/abinox-chr-clim.com\/index.php\/product\/petite-planche-a-decouper-basse-densite-hygiplas-bleue\/","title":{"rendered":"Petite planche \u00e0 d\u00e9couper basse densit\u00e9 Hygiplas bleue"},"content":{"rendered":"<p>Petites planches \u00e0 d\u00e9couper en poly\u00e9thyl\u00e8ne durable de haute qualit\u00e9. Ces planches \u00e0 code couleur sont non absorbantes, sans odeur et conformes \u00e0 toutes les r\u00e8gles d&rsquo;hygi\u00e8ne. Dimensions : 229 x 305 x 12mm.<br \/>Code couleur pour \u00e9viter la contamination crois\u00e9e. Bleu (poisson cru). R\u00e9sistant. PEBD. Non-absorbant.  Code couleur pour \u00e9viter la contamination crois\u00e9e.<\/p>\n<p>Caract\u00e9ristiques :<br \/> Dimensions : 12(H) x 305(L) x 229(P) mm.<br \/> Mati\u00e8re : Poly\u00e9thyl\u00e8ne.<br \/> Couleur : Bleu.<\/p>\n","protected":false},"excerpt":{"rendered":"<p>Petite planche \u00e0 d\u00e9couper basse densit\u00e9 Hygiplas bleue<\/p>\n","protected":false},"featured_media":101838,"comment_status":"closed","ping_status":"closed","template":"","meta":[],"product_brand":[],"product_cat":[1064,1297,1102,1098],"product_tag":[],"class_list":{"0":"post-68020","1":"product","2":"type-product","3":"status-publish","4":"has-post-thumbnail","6":"product_cat-cuisine","7":"product_cat-non-palettisable","8":"product_cat-planches-a-decouper","9":"product_cat-ustensiles-cuisine","10":"product_shipping_class-free-shipping","12":"first","13":"instock","14":"featured","15":"taxable","16":"shipping-taxable","17":"purchasable","18":"product-type-simple"},"_links":{"self":[{"href":"https:\/\/abinox-chr-clim.com\/index.php\/wp-json\/wp\/v2\/product\/68020","targetHints":{"allow":["GET"]}}],"collection":[{"href":"https:\/\/abinox-chr-clim.com\/index.php\/wp-json\/wp\/v2\/product"}],"about":[{"href":"https:\/\/abinox-chr-clim.com\/index.php\/wp-json\/wp\/v2\/types\/product"}],"replies":[{"embeddable":true,"href":"https:\/\/abinox-chr-clim.com\/index.php\/wp-json\/wp\/v2\/comments?post=68020"}],"wp:featuredmedia":[{"embeddable":true,"href":"https:\/\/abinox-chr-clim.com\/index.php\/wp-json\/wp\/v2\/media\/101838"}],"wp:attachment":[{"href":"https:\/\/abinox-chr-clim.com\/index.php\/wp-json\/wp\/v2\/media?parent=68020"}],"wp:term":[{"taxonomy":"product_brand","embeddable":true,"href":"https:\/\/abinox-chr-clim.com\/index.php\/wp-json\/wp\/v2\/product_brand?post=68020"},{"taxonomy":"product_cat","embeddable":true,"href":"https:\/\/abinox-chr-clim.com\/index.php\/wp-json\/wp\/v2\/product_cat?post=68020"},{"taxonomy":"product_tag","embeddable":true,"href":"https:\/\/abinox-chr-clim.com\/index.php\/wp-json\/wp\/v2\/product_tag?post=68020"}],"curies":[{"name":"wp","href":"https:\/\/api.w.org\/{rel}","templated":true}]}}