{"id":68017,"date":"2024-03-22T16:08:05","date_gmt":"2024-03-22T15:08:05","guid":{"rendered":"https:\/\/abinox-chr-clim.com\/index.php\/product\/lot-de-6-planches-a-decouper-standard-basse-densite-avec-support-et-poster-hygiplas\/"},"modified":"2026-04-02T09:56:47","modified_gmt":"2026-04-02T07:56:47","slug":"lot-de-6-planches-a-decouper-standard-basse-densite-avec-support-et-poster-hygiplas","status":"publish","type":"product","link":"https:\/\/abinox-chr-clim.com\/index.php\/product\/lot-de-6-planches-a-decouper-standard-basse-densite-avec-support-et-poster-hygiplas\/","title":{"rendered":"Lot de 6 planches \u00e0 d\u00e9couper standard basse densit\u00e9 avec support et poster Hygiplas"},"content":{"rendered":"<p>Eviter toute contamination crois\u00e9e lors de la pr\u00e9paration alimentaire. Les planches, le support de rangement et le poster des codes couleurs sont disponibles individuellement ou en lot complet \u00e0 un tarif sp\u00e9cial. 2 tailles et 2 dimensions disponibles.<br \/>6 planches \u00e0 d\u00e9couper code couleur, support. Les planches poss\u00e8dent un code couleur par type d&rsquo;aliment pour r\u00e9duire le risque de contamination crois\u00e9e. Le mat\u00e9riau plastique basse densit\u00e9 est l\u00e9ger et facile \u00e0 manipuler. Les planches contact alimentaires non absorbantes sont hygi\u00e9niques et faciles \u00e0 nettoyer. Le support permet de ranger les planches et facilite leur saisie lorsque vous en avez besoin. Attention : le poster mural n&rsquo;est actuellement pas disponible. L&rsquo;ensemble sera temporairement livr\u00e9 sans celui-ci.Blanc &#8211; produits de boulangerie et laitiers. Vert &#8211; salade et fruit. Rouge &#8211; viande crue. Jaune &#8211; viande cuite. Marron &#8211; l\u00e9gumes. Bleu &#8211; poisson cru. 6 planches \u00e0 d\u00e9couper code couleur, support.<\/p>\n<p>Caract\u00e9ristiques :<br \/>Lot : 6.<br \/> Dimensions : 10(H) x 450(L) x 300(P) mm.<br \/> Mati\u00e8re : Poly\u00e9thyl\u00e8ne basse densit\u00e9.<br \/> Couleur : Multicolore.<\/p>\n","protected":false},"excerpt":{"rendered":"<p>Lot de 6 planches \u00e0 d\u00e9couper standard basse densit\u00e9 avec support et poster Hygiplas<\/p>\n","protected":false},"featured_media":105212,"comment_status":"closed","ping_status":"closed","template":"","meta":[],"product_brand":[],"product_cat":[1064,1297,1102,1098],"product_tag":[],"class_list":{"0":"post-68017","1":"product","2":"type-product","3":"status-publish","4":"has-post-thumbnail","6":"product_cat-cuisine","7":"product_cat-non-palettisable","8":"product_cat-planches-a-decouper","9":"product_cat-ustensiles-cuisine","10":"product_shipping_class-free-shipping","12":"first","13":"instock","14":"featured","15":"taxable","16":"shipping-taxable","17":"purchasable","18":"product-type-simple"},"_links":{"self":[{"href":"https:\/\/abinox-chr-clim.com\/index.php\/wp-json\/wp\/v2\/product\/68017","targetHints":{"allow":["GET"]}}],"collection":[{"href":"https:\/\/abinox-chr-clim.com\/index.php\/wp-json\/wp\/v2\/product"}],"about":[{"href":"https:\/\/abinox-chr-clim.com\/index.php\/wp-json\/wp\/v2\/types\/product"}],"replies":[{"embeddable":true,"href":"https:\/\/abinox-chr-clim.com\/index.php\/wp-json\/wp\/v2\/comments?post=68017"}],"wp:featuredmedia":[{"embeddable":true,"href":"https:\/\/abinox-chr-clim.com\/index.php\/wp-json\/wp\/v2\/media\/105212"}],"wp:attachment":[{"href":"https:\/\/abinox-chr-clim.com\/index.php\/wp-json\/wp\/v2\/media?parent=68017"}],"wp:term":[{"taxonomy":"product_brand","embeddable":true,"href":"https:\/\/abinox-chr-clim.com\/index.php\/wp-json\/wp\/v2\/product_brand?post=68017"},{"taxonomy":"product_cat","embeddable":true,"href":"https:\/\/abinox-chr-clim.com\/index.php\/wp-json\/wp\/v2\/product_cat?post=68017"},{"taxonomy":"product_tag","embeddable":true,"href":"https:\/\/abinox-chr-clim.com\/index.php\/wp-json\/wp\/v2\/product_tag?post=68017"}],"curies":[{"name":"wp","href":"https:\/\/api.w.org\/{rel}","templated":true}]}}