{"id":68006,"date":"2024-03-22T16:08:00","date_gmt":"2024-03-22T15:08:00","guid":{"rendered":"https:\/\/abinox-chr-clim.com\/index.php\/product\/petite-planche-a-decouper-haute-densite-hygiplas-violette-229x305x12mm\/"},"modified":"2026-04-02T10:01:03","modified_gmt":"2026-04-02T08:01:03","slug":"petite-planche-a-decouper-haute-densite-hygiplas-violette-229x305x12mm","status":"publish","type":"product","link":"https:\/\/abinox-chr-clim.com\/index.php\/product\/petite-planche-a-decouper-haute-densite-hygiplas-violette-229x305x12mm\/","title":{"rendered":"Petite planche \u00e0 d\u00e9couper haute densit\u00e9 Hygiplas violette 229x305x12mm"},"content":{"rendered":"<p>R\u00e9sistantes, durables et fabriqu\u00e9es en poly\u00e9thyl\u00e8ne de haute qualit\u00e9, ces planches \u00e0 d\u00e9couper \u00e0 code couleur sont non absorbantes, inodores, non toxiques et conformes \u00e0 toutes les r\u00e9glementations d&rsquo;hygi\u00e8ne.<br \/>Dimensions 305(L)x 229(P)x 12(H)mm. Construction en poly\u00e9thyl\u00e8ne haute densit\u00e9 solide et durable. Poids 1,66 kg. Les planches non toxiques et non absorbantes sont hygi\u00e9niques et faciles \u00e0 nettoyer. Violet &#8211; \u00e0 utiliser avec les allerg\u00e8nes.  Dimensions 305(L)x 229(P)x 12(H)mm.<\/p>\n<p>Caract\u00e9ristiques :<br \/> Dimensions : 12(H) x 305(L) x 229(P) mm.<br \/> Mati\u00e8re : Poly\u00e9thyl\u00e8ne de haute densit\u00e9.<br \/> Couleur : Violet.<\/p>\n","protected":false},"excerpt":{"rendered":"<p>Petite planche \u00e0 d\u00e9couper haute densit\u00e9 Hygiplas violette 229x305x12mm<\/p>\n","protected":false},"featured_media":101080,"comment_status":"closed","ping_status":"closed","template":"","meta":[],"product_brand":[],"product_cat":[1064,1297,1102,1098],"product_tag":[],"class_list":{"0":"post-68006","1":"product","2":"type-product","3":"status-publish","4":"has-post-thumbnail","6":"product_cat-cuisine","7":"product_cat-non-palettisable","8":"product_cat-planches-a-decouper","9":"product_cat-ustensiles-cuisine","10":"product_shipping_class-free-shipping","12":"first","13":"instock","14":"featured","15":"taxable","16":"shipping-taxable","17":"purchasable","18":"product-type-simple"},"_links":{"self":[{"href":"https:\/\/abinox-chr-clim.com\/index.php\/wp-json\/wp\/v2\/product\/68006","targetHints":{"allow":["GET"]}}],"collection":[{"href":"https:\/\/abinox-chr-clim.com\/index.php\/wp-json\/wp\/v2\/product"}],"about":[{"href":"https:\/\/abinox-chr-clim.com\/index.php\/wp-json\/wp\/v2\/types\/product"}],"replies":[{"embeddable":true,"href":"https:\/\/abinox-chr-clim.com\/index.php\/wp-json\/wp\/v2\/comments?post=68006"}],"wp:featuredmedia":[{"embeddable":true,"href":"https:\/\/abinox-chr-clim.com\/index.php\/wp-json\/wp\/v2\/media\/101080"}],"wp:attachment":[{"href":"https:\/\/abinox-chr-clim.com\/index.php\/wp-json\/wp\/v2\/media?parent=68006"}],"wp:term":[{"taxonomy":"product_brand","embeddable":true,"href":"https:\/\/abinox-chr-clim.com\/index.php\/wp-json\/wp\/v2\/product_brand?post=68006"},{"taxonomy":"product_cat","embeddable":true,"href":"https:\/\/abinox-chr-clim.com\/index.php\/wp-json\/wp\/v2\/product_cat?post=68006"},{"taxonomy":"product_tag","embeddable":true,"href":"https:\/\/abinox-chr-clim.com\/index.php\/wp-json\/wp\/v2\/product_tag?post=68006"}],"curies":[{"name":"wp","href":"https:\/\/api.w.org\/{rel}","templated":true}]}}