{"id":68002,"date":"2024-03-22T16:07:59","date_gmt":"2024-03-22T15:07:59","guid":{"rendered":"https:\/\/abinox-chr-clim.com\/index.php\/product\/planche-a-decouper-anti-bacterienne-en-haute-densite-hygiplas-blanche\/"},"modified":"2026-04-02T08:45:11","modified_gmt":"2026-04-02T06:45:11","slug":"planche-a-decouper-anti-bacterienne-en-haute-densite-hygiplas-blanche","status":"publish","type":"product","link":"https:\/\/abinox-chr-clim.com\/index.php\/product\/planche-a-decouper-anti-bacterienne-en-haute-densite-hygiplas-blanche\/","title":{"rendered":"Planche \u00e0 d\u00e9couper anti-bact\u00e9rienne en haute densit\u00e9 Hygiplas blanche"},"content":{"rendered":"<p>Augmentez les normes d&rsquo;hygi\u00e8ne avec ces planches r\u00e9sistantes, prot\u00e8geant des bact\u00e9ries susceptibles de causer les intoxications alimentaires. Dimensions 460 x 305 x 13mm. Support vendu s\u00e9par\u00e9ment.<br \/>Construction solide, haute densit\u00e9, r\u00e9sistant aux rayures et aux marques. Conception tr\u00e8s durable et lourde, sp\u00e9cialement con\u00e7ue pour la cuisine professionnelle. La surface de coupe antibact\u00e9rienne permet de r\u00e9duire la propagation des germes sur la planche. Code couleur blanc pour une utilisation avec des produits laitiers. Peut aider \u00e0 pr\u00e9venir la contamination crois\u00e9e dans le cadre d&rsquo;une cuisine \u00e0 code de couleurs.  Construction solide, haute densit\u00e9, r\u00e9sistant aux rayures et aux marques.<\/p>\n<p>Caract\u00e9ristiques :<br \/> Dimensions : 12(H) x 455(L) mm.<br \/> Mati\u00e8re : Poly\u00e9thyl\u00e8ne de haute densit\u00e9.<br \/> Couleur : Blanc.<\/p>\n","protected":false},"excerpt":{"rendered":"<p>Planche \u00e0 d\u00e9couper anti-bact\u00e9rienne en haute densit\u00e9 Hygiplas blanche<\/p>\n","protected":false},"featured_media":95611,"comment_status":"closed","ping_status":"closed","template":"","meta":[],"product_brand":[],"product_cat":[1064,1297,1102,1098],"product_tag":[],"class_list":{"0":"post-68002","1":"product","2":"type-product","3":"status-publish","4":"has-post-thumbnail","6":"product_cat-cuisine","7":"product_cat-non-palettisable","8":"product_cat-planches-a-decouper","9":"product_cat-ustensiles-cuisine","10":"product_shipping_class-free-shipping","12":"first","13":"instock","14":"featured","15":"taxable","16":"shipping-taxable","17":"purchasable","18":"product-type-simple"},"_links":{"self":[{"href":"https:\/\/abinox-chr-clim.com\/index.php\/wp-json\/wp\/v2\/product\/68002","targetHints":{"allow":["GET"]}}],"collection":[{"href":"https:\/\/abinox-chr-clim.com\/index.php\/wp-json\/wp\/v2\/product"}],"about":[{"href":"https:\/\/abinox-chr-clim.com\/index.php\/wp-json\/wp\/v2\/types\/product"}],"replies":[{"embeddable":true,"href":"https:\/\/abinox-chr-clim.com\/index.php\/wp-json\/wp\/v2\/comments?post=68002"}],"wp:featuredmedia":[{"embeddable":true,"href":"https:\/\/abinox-chr-clim.com\/index.php\/wp-json\/wp\/v2\/media\/95611"}],"wp:attachment":[{"href":"https:\/\/abinox-chr-clim.com\/index.php\/wp-json\/wp\/v2\/media?parent=68002"}],"wp:term":[{"taxonomy":"product_brand","embeddable":true,"href":"https:\/\/abinox-chr-clim.com\/index.php\/wp-json\/wp\/v2\/product_brand?post=68002"},{"taxonomy":"product_cat","embeddable":true,"href":"https:\/\/abinox-chr-clim.com\/index.php\/wp-json\/wp\/v2\/product_cat?post=68002"},{"taxonomy":"product_tag","embeddable":true,"href":"https:\/\/abinox-chr-clim.com\/index.php\/wp-json\/wp\/v2\/product_tag?post=68002"}],"curies":[{"name":"wp","href":"https:\/\/api.w.org\/{rel}","templated":true}]}}