{"id":67993,"date":"2024-03-22T16:07:56","date_gmt":"2024-03-22T15:07:56","guid":{"rendered":"https:\/\/abinox-chr-clim.com\/index.php\/product\/planche-a-decouper-standard-epaisse-basse-densite-hygiplas-blanche\/"},"modified":"2026-04-02T08:40:44","modified_gmt":"2026-04-02T06:40:44","slug":"planche-a-decouper-standard-epaisse-basse-densite-hygiplas-blanche","status":"publish","type":"product","link":"https:\/\/abinox-chr-clim.com\/index.php\/product\/planche-a-decouper-standard-epaisse-basse-densite-hygiplas-blanche\/","title":{"rendered":"Planche \u00e0 d\u00e9couper standard \u00e9paisse basse densit\u00e9 Hygiplas blanche"},"content":{"rendered":"<p>R\u00e9sistantes, durables et fabriqu\u00e9es en poly\u00e9thyl\u00e8ne, ces planches \u00e0 d\u00e9couper \u00e0 code couleur sont non absorbantes, inodores et conformes \u00e0 toutes les r\u00e9glementations d&rsquo;hygi\u00e8ne. Dimensions 450 x 300mm, 2 \u00e9paisseurs disponibles.<br \/>Code couleur blanc pour les produits de boulangerie et les produits laitiers. Lavable au lave-vaisselle pour un nettoyage facile et rapide. Le code couleur permet d&rsquo;\u00e9viter la contamination crois\u00e9e. Non absorbant &#8211; r\u00e9duit les taches. Fabriqu\u00e9 en poly\u00e9thyl\u00e8ne basse densit\u00e9 (LDPE).  Code couleur blanc pour les produits de boulangerie et les produits laitiers.<\/p>\n<p>Caract\u00e9ristiques :<br \/> Dimensions : 20(H) x 450(L) mm.<br \/> Mati\u00e8re : Poly\u00e9thyl\u00e8ne basse densit\u00e9.<br \/> Couleur : Blanc.<\/p>\n","protected":false},"excerpt":{"rendered":"<p>Planche \u00e0 d\u00e9couper standard \u00e9paisse basse densit\u00e9 Hygiplas blanche<\/p>\n","protected":false},"featured_media":92902,"comment_status":"closed","ping_status":"closed","template":"","meta":[],"product_brand":[],"product_cat":[1064,1297,1102,1098],"product_tag":[],"class_list":{"0":"post-67993","1":"product","2":"type-product","3":"status-publish","4":"has-post-thumbnail","6":"product_cat-cuisine","7":"product_cat-non-palettisable","8":"product_cat-planches-a-decouper","9":"product_cat-ustensiles-cuisine","10":"product_shipping_class-free-shipping","12":"first","13":"instock","14":"featured","15":"taxable","16":"shipping-taxable","17":"purchasable","18":"product-type-simple"},"_links":{"self":[{"href":"https:\/\/abinox-chr-clim.com\/index.php\/wp-json\/wp\/v2\/product\/67993","targetHints":{"allow":["GET"]}}],"collection":[{"href":"https:\/\/abinox-chr-clim.com\/index.php\/wp-json\/wp\/v2\/product"}],"about":[{"href":"https:\/\/abinox-chr-clim.com\/index.php\/wp-json\/wp\/v2\/types\/product"}],"replies":[{"embeddable":true,"href":"https:\/\/abinox-chr-clim.com\/index.php\/wp-json\/wp\/v2\/comments?post=67993"}],"wp:featuredmedia":[{"embeddable":true,"href":"https:\/\/abinox-chr-clim.com\/index.php\/wp-json\/wp\/v2\/media\/92902"}],"wp:attachment":[{"href":"https:\/\/abinox-chr-clim.com\/index.php\/wp-json\/wp\/v2\/media?parent=67993"}],"wp:term":[{"taxonomy":"product_brand","embeddable":true,"href":"https:\/\/abinox-chr-clim.com\/index.php\/wp-json\/wp\/v2\/product_brand?post=67993"},{"taxonomy":"product_cat","embeddable":true,"href":"https:\/\/abinox-chr-clim.com\/index.php\/wp-json\/wp\/v2\/product_cat?post=67993"},{"taxonomy":"product_tag","embeddable":true,"href":"https:\/\/abinox-chr-clim.com\/index.php\/wp-json\/wp\/v2\/product_tag?post=67993"}],"curies":[{"name":"wp","href":"https:\/\/api.w.org\/{rel}","templated":true}]}}