{"id":67980,"date":"2024-03-22T16:07:49","date_gmt":"2024-03-22T15:07:49","guid":{"rendered":"https:\/\/abinox-chr-clim.com\/index.php\/product\/ensemble-de-7-grandes-planches-a-decouper-basse-densite-hygiplas-20mm\/"},"modified":"2026-02-18T10:19:48","modified_gmt":"2026-02-18T09:19:48","slug":"ensemble-de-7-grandes-planches-a-decouper-basse-densite-hygiplas-20mm","status":"publish","type":"product","link":"https:\/\/abinox-chr-clim.com\/index.php\/product\/ensemble-de-7-grandes-planches-a-decouper-basse-densite-hygiplas-20mm\/","title":{"rendered":"Ensemble de 7 grandes planches \u00e0 d\u00e9couper basse densit\u00e9 Hygiplas 20mm"},"content":{"rendered":"<p>R\u00e9sistantes, durables et fabriqu\u00e9es en poly\u00e9thyl\u00e8ne, ces planches \u00e0 d\u00e9couper \u00e0 code couleur sont non absorbantes, inodores et conformes \u00e0 toutes les r\u00e9glementations d&rsquo;hygi\u00e8ne.<br \/>Comprend les couleurs de planches \u00e0 d\u00e9couper les plus courantes pour une hygi\u00e8ne alimentaire maximale. Les planches sont cod\u00e9es par couleur par type d&rsquo;aliment pour r\u00e9duire le risque de contamination crois\u00e9e.Le mat\u00e9riau plastique basse densit\u00e9 est l\u00e9ger et facile \u00e0 manipuler. Les planches non toxiques et non absorbantes sont hygi\u00e9niques et faciles \u00e0 nettoyer. Bleu &#8211; \u00e0 utiliser avec du poisson cru. Jaune \u00bf \u00e0 utiliser avec la volaille crue. Vert \u00bf \u00e0 utiliser avec les salades et les fruits. Marron &#8211; \u00e0 utiliser avec la viande cuite. Violet &#8211; \u00e0 utiliser avec les allerg\u00e8nes. Blanc &#8211; \u00e0 utiliser avec les produits laitiers. Rouge &#8211; \u00e0 utiliser avec de la viande crue. Comprend les couleurs de planches \u00e0 d\u00e9couper les plus courantes pour une hygi\u00e8ne alimentaire maximale.<\/p>\n<p>Caract\u00e9ristiques :<br \/>Lot : 7.<br \/> Dimensions : 20(H) x 600(L) x 450(P) mm.<br \/> Mati\u00e8re : Poly\u00e9thyl\u00e8ne basse densit\u00e9.<br \/> Couleur : Multicolore.<\/p>\n","protected":false},"excerpt":{"rendered":"<p>Ensemble de 7 grandes planches \u00e0 d\u00e9couper basse densit\u00e9 Hygiplas 20mm<\/p>\n","protected":false},"featured_media":83490,"comment_status":"closed","ping_status":"closed","template":"","meta":[],"product_brand":[],"product_cat":[1064,1297,1102,1098],"product_tag":[],"class_list":{"0":"post-67980","1":"product","2":"type-product","3":"status-publish","4":"has-post-thumbnail","6":"product_cat-cuisine","7":"product_cat-non-palettisable","8":"product_cat-planches-a-decouper","9":"product_cat-ustensiles-cuisine","10":"product_shipping_class-free-shipping","12":"first","13":"outofstock","14":"featured","15":"taxable","16":"shipping-taxable","17":"purchasable","18":"product-type-simple"},"_links":{"self":[{"href":"https:\/\/abinox-chr-clim.com\/index.php\/wp-json\/wp\/v2\/product\/67980","targetHints":{"allow":["GET"]}}],"collection":[{"href":"https:\/\/abinox-chr-clim.com\/index.php\/wp-json\/wp\/v2\/product"}],"about":[{"href":"https:\/\/abinox-chr-clim.com\/index.php\/wp-json\/wp\/v2\/types\/product"}],"replies":[{"embeddable":true,"href":"https:\/\/abinox-chr-clim.com\/index.php\/wp-json\/wp\/v2\/comments?post=67980"}],"wp:featuredmedia":[{"embeddable":true,"href":"https:\/\/abinox-chr-clim.com\/index.php\/wp-json\/wp\/v2\/media\/83490"}],"wp:attachment":[{"href":"https:\/\/abinox-chr-clim.com\/index.php\/wp-json\/wp\/v2\/media?parent=67980"}],"wp:term":[{"taxonomy":"product_brand","embeddable":true,"href":"https:\/\/abinox-chr-clim.com\/index.php\/wp-json\/wp\/v2\/product_brand?post=67980"},{"taxonomy":"product_cat","embeddable":true,"href":"https:\/\/abinox-chr-clim.com\/index.php\/wp-json\/wp\/v2\/product_cat?post=67980"},{"taxonomy":"product_tag","embeddable":true,"href":"https:\/\/abinox-chr-clim.com\/index.php\/wp-json\/wp\/v2\/product_tag?post=67980"}],"curies":[{"name":"wp","href":"https:\/\/api.w.org\/{rel}","templated":true}]}}