{"id":67975,"date":"2024-03-22T16:07:48","date_gmt":"2024-03-22T15:07:48","guid":{"rendered":"https:\/\/abinox-chr-clim.com\/index.php\/product\/ensemble-de-7-planches-a-decouper-flexibles-hygiplas\/"},"modified":"2025-06-30T11:52:16","modified_gmt":"2025-06-30T09:52:16","slug":"ensemble-de-7-planches-a-decouper-flexibles-hygiplas","status":"publish","type":"product","link":"https:\/\/abinox-chr-clim.com\/index.php\/product\/ensemble-de-7-planches-a-decouper-flexibles-hygiplas\/","title":{"rendered":"Ensemble de 7 planches \u00e0 d\u00e9couper flexibles Hygiplas"},"content":{"rendered":"<p>Planches flexibles tr\u00e8s faciles \u00e0 stocker, permettant de d\u00e9verser facilement les produits. Utilisation peu intensive. Epaisseur 1,5mm.<br \/>Comprend les couleurs de planches les plus courantes pour une hygi\u00e8ne alimentaire maximale. Les planches sont cod\u00e9es par couleur par type d&rsquo;aliment pour r\u00e9duire le risque de contamination crois\u00e9e.L\u00e9g\u00e8res et flexibles \u00bf faciles \u00e0 positionner et \u00e0 ranger. Bleu &#8211; \u00e0 utiliser avec du poisson cru. Jaune \u00bf \u00e0 utiliser avec la volaille crue. Vert \u00bf \u00e0 utiliser avec les salades et les fruits. Marron &#8211; \u00e0 utiliser avec la viande cuite. Violet &#8211; \u00e0 utiliser avec les allerg\u00e8nes. Blanc &#8211; \u00e0 utiliser avec les produits laitiers. Rouge &#8211; \u00e0 utiliser avec de la viande crue. Comprend les couleurs de planches les plus courantes pour une hygi\u00e8ne alimentaire maximale.<\/p>\n<p>Caract\u00e9ristiques :<br \/>Lot : 7.<br \/> Dimensions : 1,5(H) x 300(L) x 450(P) mm.<br \/> Mati\u00e8re : Poly\u00e9thyl\u00e8ne.<br \/> Couleur : Multicolore.<\/p>\n","protected":false},"excerpt":{"rendered":"<p>Ensemble de 7 planches \u00e0 d\u00e9couper flexibles Hygiplas<\/p>\n","protected":false},"featured_media":83465,"comment_status":"closed","ping_status":"closed","template":"","meta":[],"product_brand":[],"product_cat":[1064,1297,1102,1098],"product_tag":[],"class_list":{"0":"post-67975","1":"product","2":"type-product","3":"status-publish","4":"has-post-thumbnail","6":"product_cat-cuisine","7":"product_cat-non-palettisable","8":"product_cat-planches-a-decouper","9":"product_cat-ustensiles-cuisine","10":"product_shipping_class-free-shipping","12":"first","13":"outofstock","14":"featured","15":"taxable","16":"shipping-taxable","17":"purchasable","18":"product-type-simple"},"_links":{"self":[{"href":"https:\/\/abinox-chr-clim.com\/index.php\/wp-json\/wp\/v2\/product\/67975","targetHints":{"allow":["GET"]}}],"collection":[{"href":"https:\/\/abinox-chr-clim.com\/index.php\/wp-json\/wp\/v2\/product"}],"about":[{"href":"https:\/\/abinox-chr-clim.com\/index.php\/wp-json\/wp\/v2\/types\/product"}],"replies":[{"embeddable":true,"href":"https:\/\/abinox-chr-clim.com\/index.php\/wp-json\/wp\/v2\/comments?post=67975"}],"wp:featuredmedia":[{"embeddable":true,"href":"https:\/\/abinox-chr-clim.com\/index.php\/wp-json\/wp\/v2\/media\/83465"}],"wp:attachment":[{"href":"https:\/\/abinox-chr-clim.com\/index.php\/wp-json\/wp\/v2\/media?parent=67975"}],"wp:term":[{"taxonomy":"product_brand","embeddable":true,"href":"https:\/\/abinox-chr-clim.com\/index.php\/wp-json\/wp\/v2\/product_brand?post=67975"},{"taxonomy":"product_cat","embeddable":true,"href":"https:\/\/abinox-chr-clim.com\/index.php\/wp-json\/wp\/v2\/product_cat?post=67975"},{"taxonomy":"product_tag","embeddable":true,"href":"https:\/\/abinox-chr-clim.com\/index.php\/wp-json\/wp\/v2\/product_tag?post=67975"}],"curies":[{"name":"wp","href":"https:\/\/api.w.org\/{rel}","templated":true}]}}