{"id":67970,"date":"2024-03-22T16:07:46","date_gmt":"2024-03-22T15:07:46","guid":{"rendered":"https:\/\/abinox-chr-clim.com\/index.php\/product\/planche-a-decouper-rectangulaire-en-bois-vogue-455-x-305mm\/"},"modified":"2026-04-02T08:27:31","modified_gmt":"2026-04-02T06:27:31","slug":"planche-a-decouper-rectangulaire-en-bois-vogue-455-x-305mm","status":"publish","type":"product","link":"https:\/\/abinox-chr-clim.com\/index.php\/product\/planche-a-decouper-rectangulaire-en-bois-vogue-455-x-305mm\/","title":{"rendered":"Planche \u00e0 d\u00e9couper rectangulaire en bois Vogue 455 x 305mm"},"content":{"rendered":"<p>Bois de qualit\u00e9 alimentaire &#8211; convient aux pr\u00e9parations alimentaires commerciales. Remarque : ne convient pas aux lave-vaisselle. Lavage \u00e0 la main uniquement. Naturellement r\u00e9sistant aux lames de couteau &#8211; r\u00e9duit l&rsquo;usure des lames de couteau. Surface naturellement antibiotique pour une meilleure hygi\u00e8ne. Les planches de bois doivent \u00eatre entretenues avec de l&rsquo;huile de traitement pour bois de qualit\u00e9 alimentaire (DF059).  Bois de qualit\u00e9 alimentaire &#8211; convient aux pr\u00e9parations alimentaires commerciales.<\/p>\n<p>Caract\u00e9ristiques :<br \/> Dimensions : 45(H) x 455(L) x 305(P) mm.<br \/> Mati\u00e8re : Bois d&rsquo;h\u00e9v\u00e9a<\/p>\n","protected":false},"excerpt":{"rendered":"<p>Planche \u00e0 d\u00e9couper rectangulaire en bois Vogue 455 x 305mm<\/p>\n","protected":false},"featured_media":79048,"comment_status":"closed","ping_status":"closed","template":"","meta":[],"product_brand":[],"product_cat":[1064,1297,1102,1098],"product_tag":[],"class_list":{"0":"post-67970","1":"product","2":"type-product","3":"status-publish","4":"has-post-thumbnail","6":"product_cat-cuisine","7":"product_cat-non-palettisable","8":"product_cat-planches-a-decouper","9":"product_cat-ustensiles-cuisine","10":"product_shipping_class-free-shipping","12":"first","13":"instock","14":"featured","15":"taxable","16":"shipping-taxable","17":"purchasable","18":"product-type-simple"},"_links":{"self":[{"href":"https:\/\/abinox-chr-clim.com\/index.php\/wp-json\/wp\/v2\/product\/67970","targetHints":{"allow":["GET"]}}],"collection":[{"href":"https:\/\/abinox-chr-clim.com\/index.php\/wp-json\/wp\/v2\/product"}],"about":[{"href":"https:\/\/abinox-chr-clim.com\/index.php\/wp-json\/wp\/v2\/types\/product"}],"replies":[{"embeddable":true,"href":"https:\/\/abinox-chr-clim.com\/index.php\/wp-json\/wp\/v2\/comments?post=67970"}],"wp:featuredmedia":[{"embeddable":true,"href":"https:\/\/abinox-chr-clim.com\/index.php\/wp-json\/wp\/v2\/media\/79048"}],"wp:attachment":[{"href":"https:\/\/abinox-chr-clim.com\/index.php\/wp-json\/wp\/v2\/media?parent=67970"}],"wp:term":[{"taxonomy":"product_brand","embeddable":true,"href":"https:\/\/abinox-chr-clim.com\/index.php\/wp-json\/wp\/v2\/product_brand?post=67970"},{"taxonomy":"product_cat","embeddable":true,"href":"https:\/\/abinox-chr-clim.com\/index.php\/wp-json\/wp\/v2\/product_cat?post=67970"},{"taxonomy":"product_tag","embeddable":true,"href":"https:\/\/abinox-chr-clim.com\/index.php\/wp-json\/wp\/v2\/product_tag?post=67970"}],"curies":[{"name":"wp","href":"https:\/\/api.w.org\/{rel}","templated":true}]}}