{"id":67969,"date":"2024-03-22T16:07:46","date_gmt":"2024-03-22T15:07:46","guid":{"rendered":"https:\/\/abinox-chr-clim.com\/index.php\/product\/rouleau-antiderapant-a-decouper\/"},"modified":"2026-04-02T08:27:03","modified_gmt":"2026-04-02T06:27:03","slug":"rouleau-antiderapant-a-decouper","status":"publish","type":"product","link":"https:\/\/abinox-chr-clim.com\/index.php\/product\/rouleau-antiderapant-a-decouper\/","title":{"rendered":"Rouleau antid\u00e9rapant \u00e0 d\u00e9couper"},"content":{"rendered":"<p>Coup\u00e9 \u00e0 la longueur d\u00e9sir\u00e9e, il s&rsquo;utilise sous les planches \u00e0 d\u00e9couper en plastique ou sur les plateaux de service. Emp\u00eache les planches \u00e0 d\u00e9couper de glisser sans avoir recours \u00e0 la m\u00e9thode du \u00ab torchon mouill\u00e9 \u00bb pour une pr\u00e9paration alimentaire en toute s\u00e9curit\u00e9. Non poreux et non absorbant.<br \/>Non poreux et non absorbant. Non poreux et non absorbant.<\/p>\n<p>Caract\u00e9ristiques :<br \/> Dimensions : 300(L) x 1500(L) mm.<br \/> Mati\u00e8re : Silicone.<br \/> Couleur : Blanc.<\/p>\n","protected":false},"excerpt":{"rendered":"<p>Rouleau antid\u00e9rapant \u00e0 d\u00e9couper<\/p>\n","protected":false},"featured_media":78905,"comment_status":"closed","ping_status":"closed","template":"","meta":[],"product_brand":[],"product_cat":[1064,1297,1102,1098],"product_tag":[],"class_list":{"0":"post-67969","1":"product","2":"type-product","3":"status-publish","4":"has-post-thumbnail","6":"product_cat-cuisine","7":"product_cat-non-palettisable","8":"product_cat-planches-a-decouper","9":"product_cat-ustensiles-cuisine","10":"product_shipping_class-free-shipping","12":"first","13":"instock","14":"featured","15":"taxable","16":"shipping-taxable","17":"purchasable","18":"product-type-simple"},"_links":{"self":[{"href":"https:\/\/abinox-chr-clim.com\/index.php\/wp-json\/wp\/v2\/product\/67969","targetHints":{"allow":["GET"]}}],"collection":[{"href":"https:\/\/abinox-chr-clim.com\/index.php\/wp-json\/wp\/v2\/product"}],"about":[{"href":"https:\/\/abinox-chr-clim.com\/index.php\/wp-json\/wp\/v2\/types\/product"}],"replies":[{"embeddable":true,"href":"https:\/\/abinox-chr-clim.com\/index.php\/wp-json\/wp\/v2\/comments?post=67969"}],"wp:featuredmedia":[{"embeddable":true,"href":"https:\/\/abinox-chr-clim.com\/index.php\/wp-json\/wp\/v2\/media\/78905"}],"wp:attachment":[{"href":"https:\/\/abinox-chr-clim.com\/index.php\/wp-json\/wp\/v2\/media?parent=67969"}],"wp:term":[{"taxonomy":"product_brand","embeddable":true,"href":"https:\/\/abinox-chr-clim.com\/index.php\/wp-json\/wp\/v2\/product_brand?post=67969"},{"taxonomy":"product_cat","embeddable":true,"href":"https:\/\/abinox-chr-clim.com\/index.php\/wp-json\/wp\/v2\/product_cat?post=67969"},{"taxonomy":"product_tag","embeddable":true,"href":"https:\/\/abinox-chr-clim.com\/index.php\/wp-json\/wp\/v2\/product_tag?post=67969"}],"curies":[{"name":"wp","href":"https:\/\/api.w.org\/{rel}","templated":true}]}}