{"id":67967,"date":"2024-03-22T16:07:45","date_gmt":"2024-03-22T15:07:45","guid":{"rendered":"https:\/\/abinox-chr-clim.com\/index.php\/product\/mesure-en-verre-graduee-pyrex-500ml\/"},"modified":"2026-04-02T09:03:28","modified_gmt":"2026-04-02T07:03:28","slug":"mesure-en-verre-graduee-pyrex-500ml","status":"publish","type":"product","link":"https:\/\/abinox-chr-clim.com\/index.php\/product\/mesure-en-verre-graduee-pyrex-500ml\/","title":{"rendered":"Mesure en verre gradu\u00e9e Pyrex 500ml"},"content":{"rendered":"<p>Mesures claires et faciles \u00e0 lire en ml, oz et pintes.Lavable au lave-vaisselle pour un nettoyage facile entre deux utilisations. Le passage au micro-ondes permet de r\u00e9chauffer rapidement et facilement les aliments. Il n&rsquo;est pas n\u00e9cessaire de tourner le pichet pour v\u00e9rifier les diff\u00e9rentes unit\u00e9s. La poign\u00e9e robuste permet de soulever facilement le pichet et de le verser \u00e0 pleine capacit\u00e9. Verre r\u00e9sistant et durable avec des marquages qui ne s&rsquo;effacent pas.Mesures claires et faciles \u00e0 lire en ml, oz et pintes.<\/p>\n<p>Caract\u00e9ristiques :<br \/> Capacit\u00e9 : 568 ml.<br \/> Dimensions : 175(H) x 117(L) x 115(P) mm.<br \/> Mati\u00e8re : Verre.<br \/> Couleur : Transparent.<\/p>\n","protected":false},"excerpt":{"rendered":"<p>Mesure en verre gradu\u00e9e Pyrex 500ml<\/p>\n","protected":false},"featured_media":100493,"comment_status":"closed","ping_status":"closed","template":"","meta":[],"product_brand":[],"product_cat":[1064,1297,1101,1098],"product_tag":[],"class_list":{"0":"post-67967","1":"product","2":"type-product","3":"status-publish","4":"has-post-thumbnail","6":"product_cat-cuisine","7":"product_cat-non-palettisable","8":"product_cat-pichets-gradues-et-balances","9":"product_cat-ustensiles-cuisine","10":"product_shipping_class-free-shipping","12":"first","13":"instock","14":"featured","15":"taxable","16":"shipping-taxable","17":"purchasable","18":"product-type-simple"},"_links":{"self":[{"href":"https:\/\/abinox-chr-clim.com\/index.php\/wp-json\/wp\/v2\/product\/67967","targetHints":{"allow":["GET"]}}],"collection":[{"href":"https:\/\/abinox-chr-clim.com\/index.php\/wp-json\/wp\/v2\/product"}],"about":[{"href":"https:\/\/abinox-chr-clim.com\/index.php\/wp-json\/wp\/v2\/types\/product"}],"replies":[{"embeddable":true,"href":"https:\/\/abinox-chr-clim.com\/index.php\/wp-json\/wp\/v2\/comments?post=67967"}],"wp:featuredmedia":[{"embeddable":true,"href":"https:\/\/abinox-chr-clim.com\/index.php\/wp-json\/wp\/v2\/media\/100493"}],"wp:attachment":[{"href":"https:\/\/abinox-chr-clim.com\/index.php\/wp-json\/wp\/v2\/media?parent=67967"}],"wp:term":[{"taxonomy":"product_brand","embeddable":true,"href":"https:\/\/abinox-chr-clim.com\/index.php\/wp-json\/wp\/v2\/product_brand?post=67967"},{"taxonomy":"product_cat","embeddable":true,"href":"https:\/\/abinox-chr-clim.com\/index.php\/wp-json\/wp\/v2\/product_cat?post=67967"},{"taxonomy":"product_tag","embeddable":true,"href":"https:\/\/abinox-chr-clim.com\/index.php\/wp-json\/wp\/v2\/product_tag?post=67967"}],"curies":[{"name":"wp","href":"https:\/\/api.w.org\/{rel}","templated":true}]}}