{"id":67958,"date":"2024-03-22T16:07:42","date_gmt":"2024-03-22T15:07:42","guid":{"rendered":"https:\/\/abinox-chr-clim.com\/index.php\/product\/entonnoir-a-piston-en-acier-inoxydable-vogue\/"},"modified":"2026-04-02T08:51:10","modified_gmt":"2026-04-02T06:51:10","slug":"entonnoir-a-piston-en-acier-inoxydable-vogue","status":"publish","type":"product","link":"https:\/\/abinox-chr-clim.com\/index.php\/product\/entonnoir-a-piston-en-acier-inoxydable-vogue\/","title":{"rendered":"Entonnoir \u00e0 piston en acier inoxydable Vogue"},"content":{"rendered":"<p>Adapt\u00e9 aux produits de consistance liquide tels que coulis, sauces et cr\u00e8mes. Lavable au lave-vaisselle. Livr\u00e9 avec support. Adapt\u00e9 aux produits de consistance liquide tels que coulis, sauces et cr\u00e8mes.<\/p>\n<p>Caract\u00e9ristiques :<br \/> Dimensions : 210(H) x 135(\u00d8) mm.<br \/> Mati\u00e8re : Acier inoxydable<\/p>\n","protected":false},"excerpt":{"rendered":"<p>Entonnoir \u00e0 piston en acier inoxydable Vogue<\/p>\n","protected":false},"featured_media":101630,"comment_status":"closed","ping_status":"closed","template":"","meta":[],"product_brand":[],"product_cat":[1064,1297,1101,1098],"product_tag":[],"class_list":{"0":"post-67958","1":"product","2":"type-product","3":"status-publish","4":"has-post-thumbnail","6":"product_cat-cuisine","7":"product_cat-non-palettisable","8":"product_cat-pichets-gradues-et-balances","9":"product_cat-ustensiles-cuisine","10":"product_shipping_class-free-shipping","12":"first","13":"instock","14":"featured","15":"taxable","16":"shipping-taxable","17":"purchasable","18":"product-type-simple"},"_links":{"self":[{"href":"https:\/\/abinox-chr-clim.com\/index.php\/wp-json\/wp\/v2\/product\/67958","targetHints":{"allow":["GET"]}}],"collection":[{"href":"https:\/\/abinox-chr-clim.com\/index.php\/wp-json\/wp\/v2\/product"}],"about":[{"href":"https:\/\/abinox-chr-clim.com\/index.php\/wp-json\/wp\/v2\/types\/product"}],"replies":[{"embeddable":true,"href":"https:\/\/abinox-chr-clim.com\/index.php\/wp-json\/wp\/v2\/comments?post=67958"}],"wp:featuredmedia":[{"embeddable":true,"href":"https:\/\/abinox-chr-clim.com\/index.php\/wp-json\/wp\/v2\/media\/101630"}],"wp:attachment":[{"href":"https:\/\/abinox-chr-clim.com\/index.php\/wp-json\/wp\/v2\/media?parent=67958"}],"wp:term":[{"taxonomy":"product_brand","embeddable":true,"href":"https:\/\/abinox-chr-clim.com\/index.php\/wp-json\/wp\/v2\/product_brand?post=67958"},{"taxonomy":"product_cat","embeddable":true,"href":"https:\/\/abinox-chr-clim.com\/index.php\/wp-json\/wp\/v2\/product_cat?post=67958"},{"taxonomy":"product_tag","embeddable":true,"href":"https:\/\/abinox-chr-clim.com\/index.php\/wp-json\/wp\/v2\/product_tag?post=67958"}],"curies":[{"name":"wp","href":"https:\/\/api.w.org\/{rel}","templated":true}]}}