{"id":67957,"date":"2024-03-22T16:07:40","date_gmt":"2024-03-22T15:07:40","guid":{"rendered":"https:\/\/abinox-chr-clim.com\/index.php\/product\/balance-electronique-ronde-vogue-5kg\/"},"modified":"2026-04-02T08:50:10","modified_gmt":"2026-04-02T06:50:10","slug":"balance-electronique-ronde-vogue-5kg","status":"publish","type":"product","link":"https:\/\/abinox-chr-clim.com\/index.php\/product\/balance-electronique-ronde-vogue-5kg\/","title":{"rendered":"Balance \u00e9lectronique ronde Vogue 5kg"},"content":{"rendered":"<p>Balance \u00e9lectronique fonctionnant \u00e0 pile (fournie), avec \u00e9cran tactile, affichage LCD et plateforme de 185(\u00d8)mm. Capacit\u00e9 de 5kg, graduation 1g.<br \/>Balance \u00e0 piles. Interface facile \u00e0 utiliser. Ecran LCD. Ronde. Design moderne.  Balance \u00e0 piles.<\/p>\n<p>Caract\u00e9ristiques :<br \/> Capacit\u00e9 : 5kg.<br \/> Dimensions : 15(H) x 185(\u00d8)mm.<br \/> Mati\u00e8re : .<br \/> Couleur : Noir.<\/p>\n","protected":false},"excerpt":{"rendered":"<p>Balance \u00e9lectronique ronde Vogue 5kg<\/p>\n","protected":false},"featured_media":101535,"comment_status":"closed","ping_status":"closed","template":"","meta":[],"product_brand":[],"product_cat":[1064,1297,1101,1098],"product_tag":[],"class_list":{"0":"post-67957","1":"product","2":"type-product","3":"status-publish","4":"has-post-thumbnail","6":"product_cat-cuisine","7":"product_cat-non-palettisable","8":"product_cat-pichets-gradues-et-balances","9":"product_cat-ustensiles-cuisine","10":"product_shipping_class-free-shipping","12":"first","13":"instock","14":"featured","15":"taxable","16":"shipping-taxable","17":"purchasable","18":"product-type-simple"},"_links":{"self":[{"href":"https:\/\/abinox-chr-clim.com\/index.php\/wp-json\/wp\/v2\/product\/67957","targetHints":{"allow":["GET"]}}],"collection":[{"href":"https:\/\/abinox-chr-clim.com\/index.php\/wp-json\/wp\/v2\/product"}],"about":[{"href":"https:\/\/abinox-chr-clim.com\/index.php\/wp-json\/wp\/v2\/types\/product"}],"replies":[{"embeddable":true,"href":"https:\/\/abinox-chr-clim.com\/index.php\/wp-json\/wp\/v2\/comments?post=67957"}],"wp:featuredmedia":[{"embeddable":true,"href":"https:\/\/abinox-chr-clim.com\/index.php\/wp-json\/wp\/v2\/media\/101535"}],"wp:attachment":[{"href":"https:\/\/abinox-chr-clim.com\/index.php\/wp-json\/wp\/v2\/media?parent=67957"}],"wp:term":[{"taxonomy":"product_brand","embeddable":true,"href":"https:\/\/abinox-chr-clim.com\/index.php\/wp-json\/wp\/v2\/product_brand?post=67957"},{"taxonomy":"product_cat","embeddable":true,"href":"https:\/\/abinox-chr-clim.com\/index.php\/wp-json\/wp\/v2\/product_cat?post=67957"},{"taxonomy":"product_tag","embeddable":true,"href":"https:\/\/abinox-chr-clim.com\/index.php\/wp-json\/wp\/v2\/product_tag?post=67957"}],"curies":[{"name":"wp","href":"https:\/\/api.w.org\/{rel}","templated":true}]}}