{"id":67956,"date":"2024-03-22T16:07:40","date_gmt":"2024-03-22T15:07:40","guid":{"rendered":"https:\/\/abinox-chr-clim.com\/index.php\/product\/pichet-doseur-en-polypropylene-wham-cuisine-2-litres\/"},"modified":"2026-04-02T10:04:13","modified_gmt":"2026-04-02T08:04:13","slug":"pichet-doseur-en-polypropylene-wham-cuisine-2-litres","status":"publish","type":"product","link":"https:\/\/abinox-chr-clim.com\/index.php\/product\/pichet-doseur-en-polypropylene-wham-cuisine-2-litres\/","title":{"rendered":"Pichet doseur en polypropyl\u00e8ne Wham Cuisine 2 litres"},"content":{"rendered":"<p>Polypropyl\u00e8ne. Passe au micro-ondes.<br \/>Grande poign\u00e9e et bec verseur pour un versement sans g\u00e2chis. Passe au micro-ondes et au cong\u00e9lateur pour une utilisation polyvalente. Passe au lave-vaisselle pour un nettoyage rapide. Conception permettant de gagner du temps &#8211; lavable au lave-vaisselle. Sans BPA pour plus de s\u00e9curit\u00e9.  Grande poign\u00e9e et bec verseur pour un versement sans g\u00e2chis.<\/p>\n<p>Caract\u00e9ristiques :<br \/> Dimensions : 160(H) x 160(L) x 230(P) mm.<br \/> Mati\u00e8re : Polypropyl\u00e8ne.<br \/> Couleur : Transparent.<\/p>\n","protected":false},"excerpt":{"rendered":"<p>Pichet doseur en polypropyl\u00e8ne Wham Cuisine 2 litres<\/p>\n","protected":false},"featured_media":100887,"comment_status":"closed","ping_status":"closed","template":"","meta":[],"product_brand":[],"product_cat":[1064,1297,1101,1098],"product_tag":[],"class_list":{"0":"post-67956","1":"product","2":"type-product","3":"status-publish","4":"has-post-thumbnail","6":"product_cat-cuisine","7":"product_cat-non-palettisable","8":"product_cat-pichets-gradues-et-balances","9":"product_cat-ustensiles-cuisine","10":"product_shipping_class-free-shipping","12":"first","13":"instock","14":"featured","15":"taxable","16":"shipping-taxable","17":"purchasable","18":"product-type-simple"},"_links":{"self":[{"href":"https:\/\/abinox-chr-clim.com\/index.php\/wp-json\/wp\/v2\/product\/67956","targetHints":{"allow":["GET"]}}],"collection":[{"href":"https:\/\/abinox-chr-clim.com\/index.php\/wp-json\/wp\/v2\/product"}],"about":[{"href":"https:\/\/abinox-chr-clim.com\/index.php\/wp-json\/wp\/v2\/types\/product"}],"replies":[{"embeddable":true,"href":"https:\/\/abinox-chr-clim.com\/index.php\/wp-json\/wp\/v2\/comments?post=67956"}],"wp:featuredmedia":[{"embeddable":true,"href":"https:\/\/abinox-chr-clim.com\/index.php\/wp-json\/wp\/v2\/media\/100887"}],"wp:attachment":[{"href":"https:\/\/abinox-chr-clim.com\/index.php\/wp-json\/wp\/v2\/media?parent=67956"}],"wp:term":[{"taxonomy":"product_brand","embeddable":true,"href":"https:\/\/abinox-chr-clim.com\/index.php\/wp-json\/wp\/v2\/product_brand?post=67956"},{"taxonomy":"product_cat","embeddable":true,"href":"https:\/\/abinox-chr-clim.com\/index.php\/wp-json\/wp\/v2\/product_cat?post=67956"},{"taxonomy":"product_tag","embeddable":true,"href":"https:\/\/abinox-chr-clim.com\/index.php\/wp-json\/wp\/v2\/product_tag?post=67956"}],"curies":[{"name":"wp","href":"https:\/\/api.w.org\/{rel}","templated":true}]}}