{"id":67955,"date":"2024-03-22T16:07:39","date_gmt":"2024-03-22T15:07:39","guid":{"rendered":"https:\/\/abinox-chr-clim.com\/index.php\/product\/pichet-mesureur-en-polypropylene-5l\/"},"modified":"2026-04-02T09:53:34","modified_gmt":"2026-04-02T07:53:34","slug":"pichet-mesureur-en-polypropylene-5l","status":"publish","type":"product","link":"https:\/\/abinox-chr-clim.com\/index.php\/product\/pichet-mesureur-en-polypropylene-5l\/","title":{"rendered":"Pichet mesureur en polypropyl\u00e8ne 5L"},"content":{"rendered":"<p>Les graduations permettent une mesure extr\u00eamement pr\u00e9cise. Polypropyl\u00e8ne de qualit\u00e9 alimentaire.<br \/>Construction solide et durable en polypropyl\u00e8ne de qualit\u00e9 alimentaire.Sp\u00e9cialement con\u00e7u et fabriqu\u00e9 en Nouvelle-Z\u00e9lande pour un usage commercial. Incr\u00e9ments pr\u00e9cis en relief estampill\u00e9s \u00e0 chaud &#8211; faciles \u00e0 lire en permanence. Poign\u00e9e ergonomique &#8211; prise en main s\u00fbre, m\u00eame avec des gants. Conception anti-\u00e9claboussures avec bec verseur hautement contr\u00f4lable.Construction solide et durable en polypropyl\u00e8ne de qualit\u00e9 alimentaire.<\/p>\n<p>Caract\u00e9ristiques :<br \/> Capacit\u00e9 : 5 L.<br \/> Dimensions : 270(H) x 208(L) x 208(P) mm.<br \/> Mati\u00e8re : Polypropyl\u00e8ne.<br \/> Couleur : Transparent.<\/p>\n","protected":false},"excerpt":{"rendered":"<p>Pichet mesureur en polypropyl\u00e8ne 5L<\/p>\n","protected":false},"featured_media":100624,"comment_status":"closed","ping_status":"closed","template":"","meta":[],"product_brand":[],"product_cat":[1064,1297,1101,1098],"product_tag":[],"class_list":{"0":"post-67955","1":"product","2":"type-product","3":"status-publish","4":"has-post-thumbnail","6":"product_cat-cuisine","7":"product_cat-non-palettisable","8":"product_cat-pichets-gradues-et-balances","9":"product_cat-ustensiles-cuisine","10":"product_shipping_class-free-shipping","12":"first","13":"instock","14":"featured","15":"taxable","16":"shipping-taxable","17":"purchasable","18":"product-type-simple"},"_links":{"self":[{"href":"https:\/\/abinox-chr-clim.com\/index.php\/wp-json\/wp\/v2\/product\/67955","targetHints":{"allow":["GET"]}}],"collection":[{"href":"https:\/\/abinox-chr-clim.com\/index.php\/wp-json\/wp\/v2\/product"}],"about":[{"href":"https:\/\/abinox-chr-clim.com\/index.php\/wp-json\/wp\/v2\/types\/product"}],"replies":[{"embeddable":true,"href":"https:\/\/abinox-chr-clim.com\/index.php\/wp-json\/wp\/v2\/comments?post=67955"}],"wp:featuredmedia":[{"embeddable":true,"href":"https:\/\/abinox-chr-clim.com\/index.php\/wp-json\/wp\/v2\/media\/100624"}],"wp:attachment":[{"href":"https:\/\/abinox-chr-clim.com\/index.php\/wp-json\/wp\/v2\/media?parent=67955"}],"wp:term":[{"taxonomy":"product_brand","embeddable":true,"href":"https:\/\/abinox-chr-clim.com\/index.php\/wp-json\/wp\/v2\/product_brand?post=67955"},{"taxonomy":"product_cat","embeddable":true,"href":"https:\/\/abinox-chr-clim.com\/index.php\/wp-json\/wp\/v2\/product_cat?post=67955"},{"taxonomy":"product_tag","embeddable":true,"href":"https:\/\/abinox-chr-clim.com\/index.php\/wp-json\/wp\/v2\/product_tag?post=67955"}],"curies":[{"name":"wp","href":"https:\/\/api.w.org\/{rel}","templated":true}]}}