{"id":67950,"date":"2024-03-22T16:07:38","date_gmt":"2024-03-22T15:07:38","guid":{"rendered":"https:\/\/abinox-chr-clim.com\/index.php\/product\/pichet-mesureur-en-polypropylene-250ml\/"},"modified":"2026-04-02T09:56:05","modified_gmt":"2026-04-02T07:56:05","slug":"pichet-mesureur-en-polypropylene-250ml","status":"publish","type":"product","link":"https:\/\/abinox-chr-clim.com\/index.php\/product\/pichet-mesureur-en-polypropylene-250ml\/","title":{"rendered":"Pichet mesureur en polypropyl\u00e8ne 250ml"},"content":{"rendered":"<p>Les graduations permettent une mesure extr\u00eamement pr\u00e9cise. Polypropyl\u00e8ne de qualit\u00e9 alimentaire.<br \/>Polypropyl\u00e8ne qualit\u00e9 alimentaire. Graduations. Poign\u00e9e s\u00e9curitaire ergonomique. Pr\u00e9cis. Bec verseur anti-goutte contr\u00f4lable.  Polypropyl\u00e8ne qualit\u00e9 alimentaire.<\/p>\n<p>Caract\u00e9ristiques :<br \/> Capacit\u00e9 : 250 ml.<br \/> Dimensions : 59(H) x 73(L) x 73(P) mm.<br \/> Mati\u00e8re : Polypropyl\u00e8ne.<br \/> Couleur : Transparent.<\/p>\n","protected":false},"excerpt":{"rendered":"<p>Pichet mesureur en polypropyl\u00e8ne 250ml<\/p>\n","protected":false},"featured_media":100619,"comment_status":"closed","ping_status":"closed","template":"","meta":[],"product_brand":[],"product_cat":[1064,1297,1101,1098],"product_tag":[],"class_list":{"0":"post-67950","1":"product","2":"type-product","3":"status-publish","4":"has-post-thumbnail","6":"product_cat-cuisine","7":"product_cat-non-palettisable","8":"product_cat-pichets-gradues-et-balances","9":"product_cat-ustensiles-cuisine","10":"product_shipping_class-free-shipping","12":"first","13":"outofstock","14":"featured","15":"taxable","16":"shipping-taxable","17":"purchasable","18":"product-type-simple"},"_links":{"self":[{"href":"https:\/\/abinox-chr-clim.com\/index.php\/wp-json\/wp\/v2\/product\/67950","targetHints":{"allow":["GET"]}}],"collection":[{"href":"https:\/\/abinox-chr-clim.com\/index.php\/wp-json\/wp\/v2\/product"}],"about":[{"href":"https:\/\/abinox-chr-clim.com\/index.php\/wp-json\/wp\/v2\/types\/product"}],"replies":[{"embeddable":true,"href":"https:\/\/abinox-chr-clim.com\/index.php\/wp-json\/wp\/v2\/comments?post=67950"}],"wp:featuredmedia":[{"embeddable":true,"href":"https:\/\/abinox-chr-clim.com\/index.php\/wp-json\/wp\/v2\/media\/100619"}],"wp:attachment":[{"href":"https:\/\/abinox-chr-clim.com\/index.php\/wp-json\/wp\/v2\/media?parent=67950"}],"wp:term":[{"taxonomy":"product_brand","embeddable":true,"href":"https:\/\/abinox-chr-clim.com\/index.php\/wp-json\/wp\/v2\/product_brand?post=67950"},{"taxonomy":"product_cat","embeddable":true,"href":"https:\/\/abinox-chr-clim.com\/index.php\/wp-json\/wp\/v2\/product_cat?post=67950"},{"taxonomy":"product_tag","embeddable":true,"href":"https:\/\/abinox-chr-clim.com\/index.php\/wp-json\/wp\/v2\/product_tag?post=67950"}],"curies":[{"name":"wp","href":"https:\/\/api.w.org\/{rel}","templated":true}]}}